{"id":2,"date":"2021-08-24T11:19:05","date_gmt":"2021-08-24T09:19:05","guid":{"rendered":"http:\/\/conference.oildoc.com\/?page_id=2"},"modified":"2026-02-23T10:39:34","modified_gmt":"2026-02-23T09:39:34","slug":"oildoc-konferenz-2023","status":"publish","type":"page","link":"https:\/\/conference.oildoc.com\/de\/","title":{"rendered":"Home"},"content":{"rendered":"<p>[et_pb_section fb_built=&#8220;1&#8243; fullwidth=&#8220;on&#8220; _builder_version=&#8220;4.16&#8243; _module_preset=&#8220;default&#8220; background_image=&#8220;https:\/\/conference.oildoc.com\/wp-content\/uploads\/oildoc-background-4.jpg&#8220; custom_padding=&#8220;0px||0px||false|false&#8220; global_colors_info=&#8220;{}&#8220; theme_builder_area=&#8220;post_content&#8220;][et_pb_fullwidth_slider show_arrows=&#8220;off&#8220; _builder_version=&#8220;4.27.4&#8243; _module_preset=&#8220;default&#8220; background_image=&#8220;https:\/\/conference.oildoc.com\/wp-content\/uploads\/oildoc-background-4.jpg&#8220; content_width=&#8220;100%&#8220; content_max_width=&#8220;1400px&#8220; custom_padding=&#8220;0px||0px||false|false&#8220; custom_padding_tablet=&#8220;0px|0px|0px|0px|false|false&#8220; custom_padding_phone=&#8220;&#8220; custom_padding_last_edited=&#8220;on|tablet&#8220; global_colors_info=&#8220;{}&#8220; theme_builder_area=&#8220;post_content&#8220;][et_pb_slide heading=&#8220;OilDoc Konferenz &#038; Ausstellung&#8220; use_text_overlay=&#8220;on&#8220; text_overlay_color=&#8220;RGBA(0,0,0,0)&#8220; text_overlay_color_tablet=&#8220;rgba(255,255,255,0.6)&#8220; text_overlay_color_phone=&#8220;&#8220; text_overlay_color_last_edited=&#8220;on|tablet&#8220; _builder_version=&#8220;4.27.4&#8243; _module_preset=&#8220;default&#8220; header_level=&#8220;h1&#8243; header_text_color=&#8220;#FFFFFF&#8220; body_text_color=&#8220;#FFFFFF&#8220; background_color=&#8220;#00696E&#8220; background_enable_color=&#8220;on&#8220; background_image=&#8220;https:\/\/conference.oildoc.com\/wp-content\/uploads\/oildoc.png&#8220; background_enable_image=&#8220;on&#8220; background_size=&#8220;contain&#8220; background_position=&#8220;center_right&#8220; text_orientation=&#8220;left&#8220; custom_padding=&#8220;2.5em||2em||false|false&#8220; header_text_color_tablet=&#8220;#000000&#8243; header_text_color_phone=&#8220;&#8220; header_text_color_last_edited=&#8220;on|tablet&#8220; body_text_color_tablet=&#8220;#333333&#8243; body_text_color_phone=&#8220;&#8220; body_text_color_last_edited=&#8220;on|tablet&#8220; background_layout_tablet=&#8220;light&#8220; background_layout_phone=&#8220;&#8220; background_layout_last_edited=&#8220;on|tablet&#8220; global_colors_info=&#8220;{}&#8220; sticky_transition=&#8220;on&#8220; theme_builder_area=&#8220;post_content&#8220;]<span>Die richtungweisende Veranstaltung in Europa rund um die Themen<br \/>\nSchmierung, Instandhaltung und Condition Monitoring.<\/span>[\/et_pb_slide][\/et_pb_fullwidth_slider][\/et_pb_section][et_pb_section fb_built=&#8220;1&#8243; disabled_on=&#8220;on|on|on&#8220; _builder_version=&#8220;4.16&#8243; _module_preset=&#8220;default&#8220; background_color=&#8220;#FFFFFF&#8220; custom_padding=&#8220;||0px||false|false&#8220; disabled=&#8220;on&#8220; global_colors_info=&#8220;{}&#8220; theme_builder_area=&#8220;post_content&#8220;][et_pb_row _builder_version=&#8220;4.16&#8243; _module_preset=&#8220;default&#8220; global_colors_info=&#8220;{}&#8220; theme_builder_area=&#8220;post_content&#8220;][et_pb_column type=&#8220;4_4&#8243; _builder_version=&#8220;4.16&#8243; _module_preset=&#8220;default&#8220; global_colors_info=&#8220;{}&#8220; theme_builder_area=&#8220;post_content&#8220;][et_pb_button button_url=&#8220;https:\/\/eventmobi.com\/oildoc&#8220; url_new_window=&#8220;on&#8220; button_text=&#8220;Zur EVENT APP&#8220; button_alignment=&#8220;center&#8220; _builder_version=&#8220;4.16&#8243; _module_preset=&#8220;default&#8220; custom_button=&#8220;on&#8220; button_text_size=&#8220;41px&#8220; button_text_color=&#8220;#FFFFFF&#8220; button_bg_color=&#8220;#E02B20&#8243; button_text_shadow_style=&#8220;preset4&#8243; global_colors_info=&#8220;{}&#8220; theme_builder_area=&#8220;post_content&#8220;][\/et_pb_button][et_pb_text _builder_version=&#8220;4.16&#8243; _module_preset=&#8220;default&#8220; global_colors_info=&#8220;{}&#8220; theme_builder_area=&#8220;post_content&#8220;]<\/p>\n<h2 style=\"text-align: center;\">Sie sind bereits f\u00fcr die virtuelle Teilnahme registriert?<br \/>Dann gehen Sie zu unserer Event App unter <a href=\"https:\/\/eventmobi.com\/oildoc\" target=\"_blank\" rel=\"noopener\">https:\/\/eventmobi.com\/oildoc<\/a>.<\/h2>\n<p style=\"text-align: center;\">Login mit Ihrer E-Mail-Adresse und einem von Ihnen selbst gew\u00e4hlten Passwort.<\/p>\n<p style=\"text-align: center;\">Sie k\u00f6nnen bereits jetzt Ihren Vortrags-Fahrplan zusammenstellen und Kontakt mit den anderen Teilnehmern, Referenten und Ausstellern aufnehmen!<\/p>\n<p style=\"text-align: center;\">Sollte etwas mit dem Login nicht funktionieren kontaktieren Sie uns!<br \/><a href=\"mailto:info@oildoc.com\">info@oildoc.com<\/a>\u00a0<\/p>\n<p>[\/et_pb_text][et_pb_image _builder_version=&#8220;4.16&#8243; _module_preset=&#8220;default&#8220; global_colors_info=&#8220;{}&#8220; theme_builder_area=&#8220;post_content&#8220;][\/et_pb_image][\/et_pb_column][\/et_pb_row][et_pb_row column_structure=&#8220;1_3,1_3,1_3&#8243; use_custom_gutter=&#8220;on&#8220; gutter_width=&#8220;2&#8243; make_equal=&#8220;on&#8220; module_class=&#8220;intro-cards&#8220; _builder_version=&#8220;4.16&#8243; _module_preset=&#8220;default&#8220; background_color=&#8220;RGBA(0,0,0,0)&#8220; custom_padding=&#8220;0px||0px||false|true&#8220; global_colors_info=&#8220;{}&#8220; theme_builder_area=&#8220;post_content&#8220;][et_pb_column type=&#8220;1_3&#8243; _builder_version=&#8220;4.16&#8243; _module_preset=&#8220;default&#8220; background_color=&#8220;#00696E&#8220; border_radii=&#8220;on|10px|10px|10px|10px&#8220; global_colors_info=&#8220;{}&#8220; theme_builder_area=&#8220;post_content&#8220;][et_pb_blurb title=&#8220;Veranstaltungsprogramm&#8220; url=&#8220;@ET-DC@eyJkeW5hbWljIjp0cnVlLCJjb250ZW50IjoicG9zdF9saW5rX3VybF9hdHRhY2htZW50Iiwic2V0dGluZ3MiOnsicG9zdF9pZCI6IjYyNSJ9fQ==@&#8220; url_new_window=&#8220;on&#8220; image=&#8220;https:\/\/conference.oildoc.com\/wp-content\/uploads\/programm-button.png&#8220; _builder_version=&#8220;4.16&#8243; _dynamic_attributes=&#8220;link_option_url,url&#8220; _module_preset=&#8220;default&#8220; header_level=&#8220;h3&#8243; header_text_align=&#8220;center&#8220; body_text_align=&#8220;center&#8220; background_color=&#8220;gcid-a3d22aaa-c5d8-449a-a084-368744bce27c&#8220; background_layout=&#8220;dark&#8220; custom_padding=&#8220;||1em||false|false&#8220; link_option_url=&#8220;@ET-DC@eyJkeW5hbWljIjp0cnVlLCJjb250ZW50IjoicG9zdF9saW5rX3VybF9hdHRhY2htZW50Iiwic2V0dGluZ3MiOnsicG9zdF9pZCI6IjYyNSJ9fQ==@&#8220; link_option_url_new_window=&#8220;on&#8220; border_color_all=&#8220;#F39400&#8243; global_colors_info=&#8220;{%22gcid-a3d22aaa-c5d8-449a-a084-368744bce27c%22:%91%22background_color%22,%22border_color_all%22,%22background_color%22%93}&#8220; theme_builder_area=&#8220;post_content&#8220;]<\/p>\n<p>Sehen Sie auf einen Blick alle Vortr\u00e4ge, Workshops und Networking-Events!<\/p>\n<p>Download als PDF<\/p>\n<p>[\/et_pb_blurb][\/et_pb_column][et_pb_column type=&#8220;1_3&#8243; _builder_version=&#8220;4.16&#8243; _module_preset=&#8220;default&#8220; background_color=&#8220;#00696E&#8220; border_radii=&#8220;on|10px|10px|10px|10px&#8220; global_colors_info=&#8220;{}&#8220; theme_builder_area=&#8220;post_content&#8220;][et_pb_blurb title=&#8220;Virtuell teilnehmen&#8220; url=&#8220;https:\/\/register.oildoc.com\/s\/oildoc\/oildoc-conference-and-exhibition-2021-virtual&#8220; url_new_window=&#8220;on&#8220; image=&#8220;https:\/\/conference.oildoc.com\/wp-content\/uploads\/registration-buttons-de.png&#8220; _builder_version=&#8220;4.16&#8243; _module_preset=&#8220;default&#8220; header_level=&#8220;h3&#8243; header_text_align=&#8220;center&#8220; body_text_align=&#8220;center&#8220; background_color=&#8220;gcid-a3d22aaa-c5d8-449a-a084-368744bce27c&#8220; background_layout=&#8220;dark&#8220; custom_padding=&#8220;||1em||false|false&#8220; link_option_url=&#8220;https:\/\/register.oildoc.com\/s\/oildoc\/oildoc-conference-and-exhibition-2021-virtual&#8220; link_option_url_new_window=&#8220;on&#8220; border_color_all=&#8220;#F39400&#8243; global_colors_info=&#8220;{%22gcid-a3d22aaa-c5d8-449a-a084-368744bce27c%22:%91%22background_color%22%93}&#8220; theme_builder_area=&#8220;post_content&#8220;]<\/p>\n<p>Sehen Sie alle Vortr\u00e4ge \u00fcber Live-Video-Stream und kontaktieren Sie alle Teilnehmer \u00fcber Chat + Video.<\/p>\n<p>Melden Sie sich jetzt an f\u00fcr die <br \/>&#8222;Virtuelle Teilnahme&#8220;.<\/p>\n<p>[\/et_pb_blurb][\/et_pb_column][et_pb_column type=&#8220;1_3&#8243; _builder_version=&#8220;4.16&#8243; _module_preset=&#8220;default&#8220; background_color=&#8220;#00696E&#8220; border_radii=&#8220;on|10px|10px|10px|10px&#8220; global_colors_info=&#8220;{}&#8220; theme_builder_area=&#8220;post_content&#8220;][et_pb_blurb title=&#8220;OilDoc Konferenz und Corona&#8220; url=&#8220;@ET-DC@eyJkeW5hbWljIjp0cnVlLCJjb250ZW50IjoicG9zdF9saW5rX3VybF9wYWdlIiwic2V0dGluZ3MiOnsicG9zdF9pZCI6IjU1In19@&#8220; url_new_window=&#8220;on&#8220; image=&#8220;https:\/\/conference.oildoc.com\/wp-content\/uploads\/corona-oildoc-de.png&#8220; _builder_version=&#8220;4.16&#8243; _dynamic_attributes=&#8220;url,link_option_url&#8220; _module_preset=&#8220;default&#8220; header_level=&#8220;h3&#8243; header_text_align=&#8220;center&#8220; body_text_align=&#8220;center&#8220; background_color=&#8220;gcid-a3d22aaa-c5d8-449a-a084-368744bce27c&#8220; background_layout=&#8220;dark&#8220; custom_padding=&#8220;||1em||false|false&#8220; link_option_url=&#8220;@ET-DC@eyJkeW5hbWljIjp0cnVlLCJjb250ZW50IjoicG9zdF9saW5rX3VybF9wYWdlIiwic2V0dGluZ3MiOnsicG9zdF9pZCI6IjU1In19@&#8220; link_option_url_new_window=&#8220;on&#8220; border_radii=&#8220;off|10px|10px||&#8220; border_color_all=&#8220;#F39400&#8243; global_colors_info=&#8220;{%22gcid-a3d22aaa-c5d8-449a-a084-368744bce27c%22:%91%22background_color%22%93}&#8220; theme_builder_area=&#8220;post_content&#8220;]<\/p>\n<p>Informieren Sie sich warum die OilDoc Konferenz jetzt doch virtuell stattfinden wird.<\/p>\n<p>[\/et_pb_blurb][\/et_pb_column][\/et_pb_row][\/et_pb_section][et_pb_section fb_built=&#8220;1&#8243; _builder_version=&#8220;4.16&#8243; _module_preset=&#8220;default&#8220; custom_margin=&#8220;||0px||false|false&#8220; custom_padding=&#8220;||0px||false|false&#8220; global_colors_info=&#8220;{}&#8220; theme_builder_area=&#8220;post_content&#8220;][et_pb_row column_structure=&#8220;3_5,2_5&#8243; _builder_version=&#8220;4.16&#8243; _module_preset=&#8220;default&#8220; global_colors_info=&#8220;{}&#8220; theme_builder_area=&#8220;post_content&#8220;][et_pb_column type=&#8220;3_5&#8243; _builder_version=&#8220;4.16&#8243; _module_preset=&#8220;default&#8220; global_colors_info=&#8220;{}&#8220; theme_builder_area=&#8220;post_content&#8220;][et_pb_text _builder_version=&#8220;4.18.1&#8243; _module_preset=&#8220;default&#8220; custom_padding=&#8220;||21px|||&#8220; global_colors_info=&#8220;{}&#8220; theme_builder_area=&#8220;post_content&#8220;]<\/p>\n<h2><strong data-renderer-mark=\"true\">Die n\u00e4chste OilDoc Konferenz findet vom<br \/>15.-17. Juni 2027 statt.<\/strong><\/h2>\n<p data-renderer-start-pos=\"139\">Die OilDoc Konferenz &amp; Ausstellung <span>ist die richtungweisende Veranstaltung in Europa rund um die Themen Schmierung, Instandhaltung und Condition Monitoring. Hier treffen sich f\u00fchrende Pers\u00f6nlichkeiten aus Forschung und Entwicklung, erfahrene Techniker sowie Experten f\u00fcr die effiziente Anwendung von Schmierstoffen. <\/span><\/p>\n<p data-renderer-start-pos=\"139\"><span>Die OilDoc Konferenz mit ihrer internationalen Ausstellung ist Ihre perfekte Plattform, um neueste wissenschaftliche Erkenntnisse und Forschungsergebnisse kennen zu lernen. Sie vermittelt Praktikern viele wertvolle Impulse, wie sie ihre t\u00e4glichen schmiertechnischen Herausforderungen noch besser meistern.\u00a0<\/span><\/p>\n<p>[\/et_pb_text][\/et_pb_column][et_pb_column type=&#8220;2_5&#8243; _builder_version=&#8220;4.16&#8243; _module_preset=&#8220;default&#8220; global_colors_info=&#8220;{}&#8220; theme_builder_area=&#8220;post_content&#8220;][et_pb_image src=&#8220;https:\/\/conference.oildoc.com\/wp-content\/uploads\/OilDoc-Conference-Logo-Bavaria-2027-de.png&#8220; alt=&#8220;OilDoc Konferenz &#038; Ausstellung 2027&#8243; title_text=&#8220;OilDoc Konferenz &#038; Ausstellung 2027&#8243; _builder_version=&#8220;4.18.1&#8243; _module_preset=&#8220;default&#8220; global_colors_info=&#8220;{}&#8220; theme_builder_area=&#8220;post_content&#8220;][\/et_pb_image][\/et_pb_column][\/et_pb_row][et_pb_row column_structure=&#8220;1_2,1_2&#8243; _builder_version=&#8220;4.18.1&#8243; _module_preset=&#8220;default&#8220; global_colors_info=&#8220;{}&#8220; theme_builder_area=&#8220;post_content&#8220;][et_pb_column type=&#8220;1_2&#8243; _builder_version=&#8220;4.18.1&#8243; _module_preset=&#8220;default&#8220; global_colors_info=&#8220;{}&#8220; theme_builder_area=&#8220;post_content&#8220;][et_pb_button button_url=&#8220;https:\/\/conference.oildoc.com\/wp-content\/uploads\/oildoc-presentation-program-2025-de.pdf&#8220; url_new_window=&#8220;on&#8220; button_text=&#8220;Veranstaltungs-Programm 2025&#8243; _builder_version=&#8220;4.27.4&#8243; _module_preset=&#8220;default&#8220; custom_button=&#8220;on&#8220; button_bg_color=&#8220;#E02B20&#8243; button_icon=&#8220;&#x49;||divi||400&#8243; button_icon_placement=&#8220;left&#8220; button_on_hover=&#8220;off&#8220; global_colors_info=&#8220;{}&#8220; theme_builder_area=&#8220;post_content&#8220;][\/et_pb_button][\/et_pb_column][et_pb_column type=&#8220;1_2&#8243; _builder_version=&#8220;4.18.1&#8243; _module_preset=&#8220;default&#8220; global_colors_info=&#8220;{}&#8220; theme_builder_area=&#8220;post_content&#8220;][et_pb_button button_url=&#8220;@ET-DC@eyJkeW5hbWljIjp0cnVlLCJjb250ZW50IjoicG9zdF9saW5rX3VybF9wYWdlIiwic2V0dGluZ3MiOnsicG9zdF9pZCI6IjUyNzgifX0=@&#8220; button_text=&#8220;R\u00fcckblick 2025&#8243; _builder_version=&#8220;4.27.4&#8243; _dynamic_attributes=&#8220;button_url&#8220; _module_preset=&#8220;default&#8220; custom_button=&#8220;on&#8220; button_bg_color=&#8220;#E02B20&#8243; button_icon=&#8220;&#x49;||divi||400&#8243; button_icon_placement=&#8220;left&#8220; button_on_hover=&#8220;off&#8220; global_colors_info=&#8220;{}&#8220; theme_builder_area=&#8220;post_content&#8220;][\/et_pb_button][\/et_pb_column][\/et_pb_row][et_pb_row _builder_version=&#8220;4.18.1&#8243; _module_preset=&#8220;default&#8220; global_colors_info=&#8220;{}&#8220; theme_builder_area=&#8220;post_content&#8220;][et_pb_column type=&#8220;4_4&#8243; _builder_version=&#8220;4.18.1&#8243; _module_preset=&#8220;default&#8220; global_colors_info=&#8220;{}&#8220; theme_builder_area=&#8220;post_content&#8220;][et_pb_video src=&#8220;https:\/\/conference.oildoc.com\/wp-content\/uploads\/OilDoc-Conference-2025-grossformat.mp4&#8243; image_src=&#8220;https:\/\/conference.oildoc.com\/wp-content\/uploads\/Screenshot-2025-05-26-090953.png&#8220; font_icon=&#8220;&#x49;||divi||400&#8243; _builder_version=&#8220;4.18.1&#8243; _module_preset=&#8220;default&#8220; global_colors_info=&#8220;{}&#8220; theme_builder_area=&#8220;post_content&#8220;][\/et_pb_video][\/et_pb_column][\/et_pb_row][et_pb_row column_structure=&#8220;3_5,2_5&#8243; _builder_version=&#8220;4.16&#8243; _module_preset=&#8220;default&#8220; global_colors_info=&#8220;{}&#8220; theme_builder_area=&#8220;post_content&#8220;][et_pb_column type=&#8220;3_5&#8243; _builder_version=&#8220;4.16&#8243; _module_preset=&#8220;default&#8220; global_colors_info=&#8220;{}&#8220; theme_builder_area=&#8220;post_content&#8220;][et_pb_text _builder_version=&#8220;4.16&#8243; _module_preset=&#8220;default&#8220; custom_padding=&#8220;2em||0px||false|false&#8220; global_colors_info=&#8220;{}&#8220; theme_builder_area=&#8220;post_content&#8220;]<\/p>\n<h3>Die Themen-Schwerpunkte der Veranstaltung<\/h3>\n<ul>\n<li>Condition Monitoring &amp; Wartung 4.0<\/li>\n<li>\u00d6l\u00fcberwachung \u2013 Online \u2022 On-Site \u2022 Offline<\/li>\n<li>Labor-Analytik \u2013 Methoden, Anwendungsfelder, Automatisierung<\/li>\n<li><span style=\"font-size: 18px;\">Fluid Management \u2013 Innovativ und nachhaltig<\/span><\/li>\n<li>Schmierstoffe \u2013 Aktuelle Entwicklungen<\/li>\n<li>Tribologie \u2013 Forschung im Praxis-Fokus<\/li>\n<li>Schmierstoffe \u2013 Design to Application<\/li>\n<li>Elektromobilit\u00e4t und Schmierung<\/li>\n<li><span style=\"font-size: 18px;\">Schmierung in der Metallverarbeitung<\/span><\/li>\n<li>Schmierung unter besonderen Bedingungen<\/li>\n<li>Funktionsfl\u00fcssigkeiten \u2013 Alles au\u00dfer Schmieren<\/li>\n<\/ul>\n<p>[\/et_pb_text][et_pb_button _builder_version=&#8220;4.27.5&#8243; _module_preset=&#8220;default&#8220; theme_builder_area=&#8220;post_content&#8220; button_text=&#8220;Themenschwerpunkte im Detail&#8220; button_url=&#8220;@ET-DC@eyJkeW5hbWljIjp0cnVlLCJjb250ZW50IjoicG9zdF9saW5rX3VybF9wYWdlIiwic2V0dGluZ3MiOnsicG9zdF9pZCI6IjIwIn19@&#8220; _dynamic_attributes=&#8220;button_url&#8220; hover_enabled=&#8220;0&#8243; sticky_enabled=&#8220;0&#8243;][\/et_pb_button][\/et_pb_column][et_pb_column type=&#8220;2_5&#8243; _builder_version=&#8220;4.16&#8243; _module_preset=&#8220;default&#8220; global_colors_info=&#8220;{}&#8220; theme_builder_area=&#8220;post_content&#8220;][et_pb_image src=&#8220;https:\/\/conference.oildoc.com\/wp-content\/uploads\/programm-button.png&#8220; title_text=&#8220;programm-button&#8220; url=&#8220;@ET-DC@eyJkeW5hbWljIjp0cnVlLCJjb250ZW50IjoicG9zdF9saW5rX3VybF9hdHRhY2htZW50Iiwic2V0dGluZ3MiOnsicG9zdF9pZCI6IjM2NTEifX0=@&#8220; url_new_window=&#8220;on&#8220; disabled_on=&#8220;on|on|on&#8220; _builder_version=&#8220;4.18.1&#8243; _dynamic_attributes=&#8220;url&#8220; _module_preset=&#8220;default&#8220; disabled=&#8220;on&#8220; global_module=&#8220;1971&#8243; global_colors_info=&#8220;{}&#8220; theme_builder_area=&#8220;post_content&#8220;][\/et_pb_image][\/et_pb_column][\/et_pb_row][\/et_pb_section]<\/p>\n","protected":false},"excerpt":{"rendered":"<p>Die richtungweisende Veranstaltung in Europa rund um die Themen Schmierung, Instandhaltung und Condition Monitoring.Sie sind bereits f\u00fcr die virtuelle Teilnahme registriert?Dann gehen Sie zu unserer Event App unter https:\/\/eventmobi.com\/oildoc. Login mit Ihrer E-Mail-Adresse und einem von Ihnen selbst gew\u00e4hlten Passwort. Sie k\u00f6nnen bereits jetzt Ihren Vortrags-Fahrplan zusammenstellen und Kontakt mit den anderen Teilnehmern, Referenten und [&hellip;]<\/p>\n","protected":false},"author":1,"featured_media":0,"parent":0,"menu_order":0,"comment_status":"closed","ping_status":"closed","template":"","meta":{"_et_pb_use_builder":"on","_et_pb_old_content":"<!-- wp:paragraph -->\n<p>This is an example page. It's different from a blog post because it will stay in one place and will show up in your site navigation (in most themes). Most people start with an About page that introduces them to potential site visitors. It might say something like this:<\/p>\n<!-- \/wp:paragraph -->\n\n<!-- wp:quote -->\n<blockquote class=\"wp-block-quote\"><p>Hi there! I'm a bike messenger by day, aspiring actor by night, and this is my website. I live in Los Angeles, have a great dog named Jack, and I like pi\u00f1a coladas. (And gettin' caught in the rain.)<\/p><\/blockquote>\n<!-- \/wp:quote -->\n\n<!-- wp:paragraph -->\n<p>...or something like this:<\/p>\n<!-- \/wp:paragraph -->\n\n<!-- wp:quote -->\n<blockquote class=\"wp-block-quote\"><p>The XYZ Doohickey Company was founded in 1971, and has been providing quality doohickeys to the public ever since. Located in Gotham City, XYZ employs over 2,000 people and does all kinds of awesome things for the Gotham community.<\/p><\/blockquote>\n<!-- \/wp:quote -->\n\n<!-- wp:paragraph -->\n<p>As a new WordPress user, you should go to <a href=\"http:\/\/conference.oildoc.com\/wp-admin\/\">your dashboard<\/a> to delete this page and create new pages for your content. Have fun!<\/p>\n<!-- \/wp:paragraph -->","_et_gb_content_width":"","footnotes":""},"class_list":["post-2","page","type-page","status-publish","hentry"],"_links":{"self":[{"href":"https:\/\/conference.oildoc.com\/de\/wp-json\/wp\/v2\/pages\/2","targetHints":{"allow":["GET"]}}],"collection":[{"href":"https:\/\/conference.oildoc.com\/de\/wp-json\/wp\/v2\/pages"}],"about":[{"href":"https:\/\/conference.oildoc.com\/de\/wp-json\/wp\/v2\/types\/page"}],"author":[{"embeddable":true,"href":"https:\/\/conference.oildoc.com\/de\/wp-json\/wp\/v2\/users\/1"}],"replies":[{"embeddable":true,"href":"https:\/\/conference.oildoc.com\/de\/wp-json\/wp\/v2\/comments?post=2"}],"version-history":[{"count":10,"href":"https:\/\/conference.oildoc.com\/de\/wp-json\/wp\/v2\/pages\/2\/revisions"}],"predecessor-version":[{"id":5938,"href":"https:\/\/conference.oildoc.com\/de\/wp-json\/wp\/v2\/pages\/2\/revisions\/5938"}],"wp:attachment":[{"href":"https:\/\/conference.oildoc.com\/de\/wp-json\/wp\/v2\/media?parent=2"}],"curies":[{"name":"wp","href":"https:\/\/api.w.org\/{rel}","templated":true}]}}