{"id":20,"date":"2021-08-24T12:45:22","date_gmt":"2021-08-24T10:45:22","guid":{"rendered":"https:\/\/conference.oildoc.com\/?page_id=20"},"modified":"2026-03-18T09:12:23","modified_gmt":"2026-03-18T08:12:23","slug":"themenschwerpunkte","status":"publish","type":"page","link":"https:\/\/conference.oildoc.com\/de\/programm\/themenschwerpunkte\/","title":{"rendered":"Themenschwerpunkte"},"content":{"rendered":"<p>[et_pb_section fb_built=&#8220;1&#8243; fullwidth=&#8220;on&#8220; _builder_version=&#8220;4.16&#8243; _module_preset=&#8220;default&#8220; custom_padding=&#8220;0px||0px||false|false&#8220; global_colors_info=&#8220;{}&#8220; theme_builder_area=&#8220;post_content&#8220;][et_pb_fullwidth_slider _builder_version=&#8220;4.27.6&#8243; _module_preset=&#8220;default&#8220; height=&#8220;500px&#8220; hover_enabled=&#8220;0&#8243; global_colors_info=&#8220;{}&#8220; theme_builder_area=&#8220;post_content&#8220; sticky_enabled=&#8220;0&#8243;][et_pb_slide _builder_version=&#8220;4.27.6&#8243; _module_preset=&#8220;default&#8220; background_color=&#8220;RGBA(0,0,0,0)&#8220; background_enable_color=&#8220;on&#8220; background_image=&#8220;https:\/\/conference.oildoc.com\/wp-content\/uploads\/Slider_Bild-1.png&#8220; background_enable_image=&#8220;on&#8220; background_last_edited=&#8220;on|tablet&#8220; background_position_tablet=&#8220;top_right&#8220; global_colors_info=&#8220;{}&#8220; sticky_transition=&#8220;on&#8220; theme_builder_area=&#8220;post_content&#8220;][\/et_pb_slide][et_pb_slide _builder_version=&#8220;4.27.6&#8243; _module_preset=&#8220;default&#8220; background_enable_color=&#8220;off&#8220; background_image=&#8220;https:\/\/conference.oildoc.com\/wp-content\/uploads\/Slider_Bild-2.png&#8220; background_enable_image=&#8220;on&#8220; hover_enabled=&#8220;0&#8243; background_last_edited=&#8220;on|tablet&#8220; background_position_tablet=&#8220;top_right&#8220; global_colors_info=&#8220;{}&#8220; sticky_transition=&#8220;on&#8220; theme_builder_area=&#8220;post_content&#8220; title_text=&#8220;Slider_Bild-2&#8243; sticky_enabled=&#8220;0&#8243;][\/et_pb_slide][et_pb_slide _builder_version=&#8220;4.27.6&#8243; _module_preset=&#8220;default&#8220; background_enable_color=&#8220;off&#8220; background_image=&#8220;https:\/\/conference.oildoc.com\/wp-content\/uploads\/Slider_Bild-3.png&#8220; background_enable_image=&#8220;on&#8220; background_position=&#8220;top_center&#8220; hover_enabled=&#8220;0&#8243; global_colors_info=&#8220;{}&#8220; sticky_transition=&#8220;on&#8220; theme_builder_area=&#8220;post_content&#8220; title_text=&#8220;Slider_Bild-3&#8243; sticky_enabled=&#8220;0&#8243;][\/et_pb_slide][et_pb_slide _builder_version=&#8220;4.27.6&#8243; _module_preset=&#8220;default&#8220; background_enable_color=&#8220;off&#8220; background_image=&#8220;https:\/\/conference.oildoc.com\/wp-content\/uploads\/Slider_Bild-4.png&#8220; background_enable_image=&#8220;on&#8220; background_position=&#8220;top_center&#8220; hover_enabled=&#8220;0&#8243; background_last_edited=&#8220;on|tablet&#8220; background_position_tablet=&#8220;top_right&#8220; global_colors_info=&#8220;{}&#8220; sticky_transition=&#8220;on&#8220; theme_builder_area=&#8220;post_content&#8220; title_text=&#8220;Slider_Bild-4&#8243; sticky_enabled=&#8220;0&#8243;][\/et_pb_slide][\/et_pb_fullwidth_slider][\/et_pb_section][et_pb_section fb_built=&#8220;1&#8243; _builder_version=&#8220;4.16&#8243; _module_preset=&#8220;default&#8220; custom_padding=&#8220;1em||0px||false|false&#8220; global_colors_info=&#8220;{}&#8220; theme_builder_area=&#8220;post_content&#8220;][et_pb_row _builder_version=&#8220;4.16&#8243; _module_preset=&#8220;default&#8220; global_colors_info=&#8220;{}&#8220; theme_builder_area=&#8220;post_content&#8220;][et_pb_column type=&#8220;4_4&#8243; _builder_version=&#8220;4.16&#8243; _module_preset=&#8220;default&#8220; background_color=&#8220;RGBA(0,0,0,0)&#8220; custom_padding=&#8220;0px|0px|0px|0px|true|true&#8220; global_colors_info=&#8220;{}&#8220; theme_builder_area=&#8220;post_content&#8220;][et_pb_text _builder_version=&#8220;4.18.1&#8243; _module_preset=&#8220;default&#8220; custom_padding=&#8220;||0px|||&#8220; global_colors_info=&#8220;{}&#8220; theme_builder_area=&#8220;post_content&#8220;]<\/p>\n<h1>Die Themenschwerpunkte der OilDoc Konferenz\u00a0<\/h1>\n<p>[\/et_pb_text][\/et_pb_column][\/et_pb_row][et_pb_row column_structure=&#8220;1_3,1_3,1_3&#8243; make_equal=&#8220;on&#8220; _builder_version=&#8220;4.16&#8243; _module_preset=&#8220;default&#8220; global_colors_info=&#8220;{}&#8220; theme_builder_area=&#8220;post_content&#8220;][et_pb_column type=&#8220;1_3&#8243; _builder_version=&#8220;4.16&#8243; _module_preset=&#8220;default&#8220; background_color=&#8220;rgba(0,0,0,0.1)&#8220; custom_padding=&#8220;2em|1em|2em|1em|false|true&#8220; global_colors_info=&#8220;{}&#8220; theme_builder_area=&#8220;post_content&#8220;][et_pb_blurb title=&#8220;Condition Monitoring &#038; Wartung 4.0&#8243; _builder_version=&#8220;4.16&#8243; _module_preset=&#8220;default&#8220; global_colors_info=&#8220;{}&#8220; theme_builder_area=&#8220;post_content&#8220;]<\/p>\n<ul>\n<li>Getriebe<\/li>\n<li>Turbinen und Turbo-Maschinen<\/li>\n<li>Motoren<\/li>\n<li>Hydraulikanlagen<\/li>\n<li>W\u00e4lz- und Gleitlager<\/li>\n<li>Spezielle Anwendungen<\/li>\n<\/ul>\n<p>[\/et_pb_blurb][\/et_pb_column][et_pb_column type=&#8220;1_3&#8243; _builder_version=&#8220;4.16&#8243; _module_preset=&#8220;default&#8220; background_color=&#8220;rgba(0,0,0,0.1)&#8220; custom_padding=&#8220;2em|1em|2em|1em|false|true&#8220; global_colors_info=&#8220;{}&#8220; theme_builder_area=&#8220;post_content&#8220;][et_pb_blurb title=&#8220;\u00d6l\u00fcberwachung \u2013 Online \u2022 On-Site \u2022 Offline&#8220; _builder_version=&#8220;4.27.5&#8243; _module_preset=&#8220;default&#8220; global_colors_info=&#8220;{}&#8220; theme_builder_area=&#8220;post_content&#8220;]<\/p>\n<ul>\n<li>Probenentnahme<\/li>\n<li>\u00d6lsensoren<\/li>\n<li>On-Site-Messung<\/li>\n<li>Probleml\u00f6sung &amp; Praxisberichte<\/li>\n<li>K\u00fcnstliche Intelligenz &amp; Data Mining<\/li>\n<\/ul>\n<p>[\/et_pb_blurb][\/et_pb_column][et_pb_column type=&#8220;1_3&#8243; _builder_version=&#8220;4.16&#8243; _module_preset=&#8220;default&#8220; background_color=&#8220;rgba(0,0,0,0.1)&#8220; custom_padding=&#8220;2em|1em|2em|1em|false|true&#8220; global_colors_info=&#8220;{}&#8220; theme_builder_area=&#8220;post_content&#8220;][et_pb_blurb title=&#8220;Labor-Analytik \u2013 Methoden, Anwendungsfelder, Automatisierung&#8220; _builder_version=&#8220;4.27.5&#8243; _module_preset=&#8220;default&#8220; global_colors_info=&#8220;{}&#8220; theme_builder_area=&#8220;post_content&#8220;]<\/p>\n<ul>\n<li>Neue Analysemethoden f\u00fcr \u00d6le, Schmierfette und K\u00fchlerfrostschutzmittel<\/li>\n<li>Laborautomation<\/li>\n<li>Interpretation von Analyseergebnissen<\/li>\n<li>K\u00fcnstliche Intelligenz in der Bewertung<\/li>\n<\/ul>\n<p>[\/et_pb_blurb][\/et_pb_column][\/et_pb_row][et_pb_row column_structure=&#8220;1_3,1_3,1_3&#8243; make_equal=&#8220;on&#8220; _builder_version=&#8220;4.16&#8243; _module_preset=&#8220;default&#8220; global_colors_info=&#8220;{}&#8220; theme_builder_area=&#8220;post_content&#8220;][et_pb_column type=&#8220;1_3&#8243; _builder_version=&#8220;4.16&#8243; _module_preset=&#8220;default&#8220; background_color=&#8220;rgba(0,0,0,0.1)&#8220; custom_padding=&#8220;2em|1em|2em|1em|false|true&#8220; global_colors_info=&#8220;{}&#8220; theme_builder_area=&#8220;post_content&#8220;][et_pb_blurb title=&#8220;Fluid Management \u2013 Innovativ und nachhaltig&#8220; _builder_version=&#8220;4.27.5&#8243; _module_preset=&#8220;default&#8220; global_colors_info=&#8220;{}&#8220; theme_builder_area=&#8220;post_content&#8220;]<\/p>\n<ul>\n<li>Nachhaltigkeit und Wirtschaftlichkeit<\/li>\n<li>Schmierungs- und Anlagen-Management<\/li>\n<li>Schmierpl\u00e4ne &amp; Schmierungsprogramme<\/li>\n<li>Konzepte zur professionellen \u00d6lpflege<\/li>\n<li>Lagerung, Transport und Handling von Schmierstoffen<\/li>\n<li>Circular Economy und verl\u00e4ngerte Wechselfristen<\/li>\n<li>Schmierverfahren, Schmierger\u00e4te und Schmiersysteme<\/li>\n<\/ul>\n<p>[\/et_pb_blurb][\/et_pb_column][et_pb_column type=&#8220;1_3&#8243; _builder_version=&#8220;4.16&#8243; _module_preset=&#8220;default&#8220; background_color=&#8220;rgba(0,0,0,0.1)&#8220; custom_padding=&#8220;2em|1em|2em|1em|false|true&#8220; global_colors_info=&#8220;{}&#8220; theme_builder_area=&#8220;post_content&#8220;][et_pb_blurb title=&#8220;Schmierstoffe \u2013 Aktuelle Entwicklungen&#8220; _builder_version=&#8220;4.16&#8243; _module_preset=&#8220;default&#8220; global_colors_info=&#8220;{}&#8220; theme_builder_area=&#8220;post_content&#8220;]<\/p>\n<ul>\n<li>Grund\u00f6le<\/li>\n<li>Additive<\/li>\n<li>Schmierfette, Schmierpasten<\/li>\n<li>Fest-Schmierstoffe<\/li>\n<li>Gleitlacke<\/li>\n<li>Trockenschmierung<\/li>\n<\/ul>\n<p>[\/et_pb_blurb][\/et_pb_column][et_pb_column type=&#8220;1_3&#8243; _builder_version=&#8220;4.16&#8243; _module_preset=&#8220;default&#8220; background_color=&#8220;rgba(0,0,0,0.1)&#8220; custom_padding=&#8220;2em|1em|2em|1em|false|true&#8220; global_colors_info=&#8220;{}&#8220; theme_builder_area=&#8220;post_content&#8220;][et_pb_blurb title=&#8220;Tribologie \u2013 Forschung im Praxis-Fokus&#8220; _builder_version=&#8220;4.27.5&#8243; _module_preset=&#8220;default&#8220; global_colors_info=&#8220;{}&#8220; theme_builder_area=&#8220;post_content&#8220;]<\/p>\n<ul>\n<li>Reibung und Verschlei\u00df<\/li>\n<li>Werkstoffe, Oberfl\u00e4chen, Kontaktmechanismen<\/li>\n<li>Tribometrie<\/li>\n<li>Hydrodynamik und EHD, Minimalmengen- und Trockenschmierung<\/li>\n<li>Tribologie der Maschinenelemente und Baugruppen<\/li>\n<\/ul>\n<p>[\/et_pb_blurb][\/et_pb_column][\/et_pb_row][et_pb_row column_structure=&#8220;1_3,1_3,1_3&#8243; make_equal=&#8220;on&#8220; _builder_version=&#8220;4.16&#8243; _module_preset=&#8220;default&#8220; global_colors_info=&#8220;{}&#8220; theme_builder_area=&#8220;post_content&#8220;][et_pb_column type=&#8220;1_3&#8243; _builder_version=&#8220;4.16&#8243; _module_preset=&#8220;default&#8220; background_color=&#8220;rgba(0,0,0,0.1)&#8220; custom_padding=&#8220;2em|1em|2em|1em|false|true&#8220; global_colors_info=&#8220;{}&#8220; theme_builder_area=&#8220;post_content&#8220;][et_pb_blurb title=&#8220;Schmierstoffe \u2013 Design to Application&#8220; _builder_version=&#8220;4.27.5&#8243; _module_preset=&#8220;default&#8220; global_colors_info=&#8220;{}&#8220; theme_builder_area=&#8220;post_content&#8220;]<\/p>\n<ul>\n<li>Motoren<\/li>\n<li>Deponiegas-, Kl\u00e4rgas-, Biogas- und Holzgasmotoren<\/li>\n<li>Getriebe<\/li>\n<li>Hydraulikanlagen<\/li>\n<li>Lager<\/li>\n<li>Turbinen<\/li>\n<li>Windkraftanlagen<\/li>\n<li>Kompressoren<\/li>\n<li>Energieeffiziente Schmierung<\/li>\n<li>Nachhaltigkeit<\/li>\n<\/ul>\n<p>[\/et_pb_blurb][\/et_pb_column][et_pb_column type=&#8220;1_3&#8243; _builder_version=&#8220;4.16&#8243; _module_preset=&#8220;default&#8220; background_color=&#8220;rgba(0,0,0,0.1)&#8220; custom_padding=&#8220;2em|1em|2em|1em|false|true&#8220; global_colors_info=&#8220;{}&#8220; theme_builder_area=&#8220;post_content&#8220;][et_pb_blurb title=&#8220;Elektromobilit\u00e4t und Schmierung&#8220; _builder_version=&#8220;4.27.5&#8243; _module_preset=&#8220;default&#8220; global_colors_info=&#8220;{}&#8220; theme_builder_area=&#8220;post_content&#8220;]<\/p>\n<ul>\n<li>Schmierstoffe f\u00fcr E-Mobile<\/li>\n<li>Antriebsstrang<\/li>\n<li>Lager<\/li>\n<li>K\u00fchlerfrostschutzmittel<\/li>\n<li>Konzepte &amp; L\u00f6sungen<\/li>\n<li>Energieeffizienz<\/li>\n<\/ul>\n<p>[\/et_pb_blurb][\/et_pb_column][et_pb_column type=&#8220;1_3&#8243; _builder_version=&#8220;4.16&#8243; _module_preset=&#8220;default&#8220; background_color=&#8220;rgba(0,0,0,0.1)&#8220; custom_padding=&#8220;2em|1em|2em|1em|false|true&#8220; global_colors_info=&#8220;{}&#8220; theme_builder_area=&#8220;post_content&#8220;][et_pb_blurb title=&#8220;Schmierung in der Metallverarbeitung&#8220; _builder_version=&#8220;4.16&#8243; _module_preset=&#8220;default&#8220; global_colors_info=&#8220;{}&#8220; theme_builder_area=&#8220;post_content&#8220;]<\/p>\n<ul>\n<li>W\u00e4ssrige und nichtw\u00e4ssrige Fl\u00fcssigkeiten<\/li>\n<li>Multifunktions-Fl\u00fcssigkeiten<\/li>\n<li>Minimalmengenschmierung und Trockenbearbeitung<\/li>\n<li>Baukasten-Systeme<\/li>\n<\/ul>\n<p>[\/et_pb_blurb][\/et_pb_column][\/et_pb_row][et_pb_row column_structure=&#8220;1_3,1_3,1_3&#8243; make_equal=&#8220;on&#8220; _builder_version=&#8220;4.16&#8243; _module_preset=&#8220;default&#8220; global_colors_info=&#8220;{}&#8220; theme_builder_area=&#8220;post_content&#8220;][et_pb_column type=&#8220;1_3&#8243; _builder_version=&#8220;4.16&#8243; _module_preset=&#8220;default&#8220; background_color=&#8220;rgba(0,0,0,0.1)&#8220; custom_padding=&#8220;2em|1em|2em|1em|false|true&#8220; global_colors_info=&#8220;{}&#8220; theme_builder_area=&#8220;post_content&#8220;][et_pb_blurb title=&#8220;Schmierung unter besonderen Bedingungen&#8220; _builder_version=&#8220;4.16&#8243; _module_preset=&#8220;default&#8220; global_colors_info=&#8220;{}&#8220; theme_builder_area=&#8220;post_content&#8220;]<\/p>\n<ul>\n<li>Umwelt- und Gesundheitsaspekte<\/li>\n<li>Schmierstoffe f\u00fcr die Lebensmittel- und Pharmaindustrie<\/li>\n<li>Schwer entflammbare Fluids<\/li>\n<li>Hoch- und Tief-Temperatur-Anwendungen<\/li>\n<li>Vakuum<\/li>\n<\/ul>\n<p>[\/et_pb_blurb][\/et_pb_column][et_pb_column type=&#8220;1_3&#8243; _builder_version=&#8220;4.16&#8243; _module_preset=&#8220;default&#8220; background_color=&#8220;rgba(0,0,0,0.1)&#8220; custom_padding=&#8220;2em|1em|2em|1em|false|true&#8220; global_colors_info=&#8220;{}&#8220; theme_builder_area=&#8220;post_content&#8220;][et_pb_blurb title=&#8220;Funktionsfl\u00fcssigkeiten \u2013 Alles au\u00dfer Schmieren&#8220; _builder_version=&#8220;4.16&#8243; _module_preset=&#8220;default&#8220; global_colors_info=&#8220;{}&#8220; theme_builder_area=&#8220;post_content&#8220;]<\/p>\n<ul>\n<li>Isolier\u00f6le<\/li>\n<li>W\u00e4rmetr\u00e4gerfl\u00fcssigkeiten<\/li>\n<li>K\u00fchlerfrostschutzmittel<\/li>\n<li>Korrosionsschutzmittel<\/li>\n<li>Reiniger<\/li>\n<\/ul>\n<p>[\/et_pb_blurb][\/et_pb_column][et_pb_column type=&#8220;1_3&#8243; _builder_version=&#8220;4.16&#8243; _module_preset=&#8220;default&#8220; background_color=&#8220;rgba(0,0,0,0.1)&#8220; custom_padding=&#8220;2em|1em|2em|1em|false|true&#8220; global_colors_info=&#8220;{}&#8220; theme_builder_area=&#8220;post_content&#8220;][\/et_pb_column][\/et_pb_row][\/et_pb_section]<\/p>\n","protected":false},"excerpt":{"rendered":"<p>Die Themenschwerpunkte der OilDoc Konferenz\u00a0 Getriebe Turbinen und Turbo-Maschinen Motoren Hydraulikanlagen W\u00e4lz- und Gleitlager Spezielle Anwendungen Probenentnahme \u00d6lsensoren On-Site-Messung Probleml\u00f6sung &amp; Praxisberichte K\u00fcnstliche Intelligenz &amp; Data Mining Neue Analysemethoden f\u00fcr \u00d6le, Schmierfette und K\u00fchlerfrostschutzmittel Laborautomation Interpretation von Analyseergebnissen K\u00fcnstliche Intelligenz in der Bewertung Nachhaltigkeit und Wirtschaftlichkeit Schmierungs- und Anlagen-Management Schmierpl\u00e4ne &amp; Schmierungsprogramme Konzepte zur professionellen [&hellip;]<\/p>\n","protected":false},"author":1,"featured_media":0,"parent":10,"menu_order":50,"comment_status":"closed","ping_status":"closed","template":"","meta":{"_et_pb_use_builder":"on","_et_pb_old_content":"<!-- wp:divi\/placeholder \/-->","_et_gb_content_width":"","footnotes":""},"class_list":["post-20","page","type-page","status-publish","hentry"],"_links":{"self":[{"href":"https:\/\/conference.oildoc.com\/de\/wp-json\/wp\/v2\/pages\/20","targetHints":{"allow":["GET"]}}],"collection":[{"href":"https:\/\/conference.oildoc.com\/de\/wp-json\/wp\/v2\/pages"}],"about":[{"href":"https:\/\/conference.oildoc.com\/de\/wp-json\/wp\/v2\/types\/page"}],"author":[{"embeddable":true,"href":"https:\/\/conference.oildoc.com\/de\/wp-json\/wp\/v2\/users\/1"}],"replies":[{"embeddable":true,"href":"https:\/\/conference.oildoc.com\/de\/wp-json\/wp\/v2\/comments?post=20"}],"version-history":[{"count":9,"href":"https:\/\/conference.oildoc.com\/de\/wp-json\/wp\/v2\/pages\/20\/revisions"}],"predecessor-version":[{"id":6123,"href":"https:\/\/conference.oildoc.com\/de\/wp-json\/wp\/v2\/pages\/20\/revisions\/6123"}],"up":[{"embeddable":true,"href":"https:\/\/conference.oildoc.com\/de\/wp-json\/wp\/v2\/pages\/10"}],"wp:attachment":[{"href":"https:\/\/conference.oildoc.com\/de\/wp-json\/wp\/v2\/media?parent=20"}],"curies":[{"name":"wp","href":"https:\/\/api.w.org\/{rel}","templated":true}]}}