{"id":26,"date":"2021-08-24T12:47:04","date_gmt":"2021-08-24T10:47:04","guid":{"rendered":"https:\/\/conference.oildoc.com\/?page_id=26"},"modified":"2026-03-31T12:14:09","modified_gmt":"2026-03-31T10:14:09","slug":"werden-sie-aussteller-auf-der-oildoc-konferenz","status":"publish","type":"page","link":"https:\/\/conference.oildoc.com\/de\/infos-fuer-aussteller-bei-der-oildoc-konferenz\/werden-sie-aussteller-auf-der-oildoc-konferenz\/","title":{"rendered":"Allgemeines"},"content":{"rendered":"<p>[et_pb_section fb_built=&#8220;1&#8243; fullwidth=&#8220;on&#8220; _builder_version=&#8220;4.16&#8243; _module_preset=&#8220;default&#8220; global_colors_info=&#8220;{}&#8220; theme_builder_area=&#8220;post_content&#8220;][et_pb_fullwidth_slider _builder_version=&#8220;4.27.6&#8243; _module_preset=&#8220;default&#8220; custom_button=&#8220;on&#8220; button_text_size=&#8220;33px&#8220; link_option_url_new_window=&#8220;on&#8220; global_colors_info=&#8220;{}&#8220; theme_builder_area=&#8220;post_content&#8220;][et_pb_slide heading=&#8220;Werden Sie Aussteller! &#8220; button_text=&#8220;Jetzt Stand anmelden! &#8220; button_link=&#8220;https:\/\/conference.oildoc.com\/wp-content\/uploads\/Registrierung-Exhibition_2027_en-interaktiv.pdf&#8220; url_new_window=&#8220;on&#8220; use_bg_overlay=&#8220;on&#8220; bg_overlay_color=&#8220;rgba(0,105,110,0.3)&#8220; use_text_overlay=&#8220;on&#8220; text_overlay_color=&#8220;rgba(255,255,255,0.65)&#8220; _builder_version=&#8220;4.27.6&#8243; _module_preset=&#8220;default&#8220; background_enable_color=&#8220;off&#8220; background_image=&#8220;https:\/\/conference.oildoc.com\/wp-content\/uploads\/exhibitor-11.jpg&#8220; background_enable_image=&#8220;on&#8220; custom_button=&#8220;on&#8220; button_text_size=&#8220;32px&#8220; button_bg_color=&#8220;#E02B20&#8243; button_use_icon=&#8220;on&#8220; button_icon=&#8220;&#x41;||divi||400&#8243; button_on_hover=&#8220;off&#8220; background_layout=&#8220;light&#8220; global_colors_info=&#8220;{}&#8220; sticky_transition=&#8220;on&#8220; theme_builder_area=&#8220;post_content&#8220;]<\/p>\n<p><strong>Melden Sie sich rechtzeitig an und sichern Sie sich jetzt schon Ihren <\/strong><br \/><strong>Lieblings-Standplatz und den besten Preis.<\/strong><\/p>\n<p>First come. First serve.<\/p>\n<p>[\/et_pb_slide][\/et_pb_fullwidth_slider][\/et_pb_section][et_pb_section fb_built=&#8220;1&#8243; _builder_version=&#8220;4.16&#8243; _module_preset=&#8220;default&#8220; global_colors_info=&#8220;{}&#8220; theme_builder_area=&#8220;post_content&#8220;][et_pb_row _builder_version=&#8220;4.16&#8243; _module_preset=&#8220;default&#8220; global_colors_info=&#8220;{}&#8220; theme_builder_area=&#8220;post_content&#8220;][et_pb_column type=&#8220;4_4&#8243; _builder_version=&#8220;4.16&#8243; _module_preset=&#8220;default&#8220; global_colors_info=&#8220;{}&#8220; theme_builder_area=&#8220;post_content&#8220;][et_pb_text _builder_version=&#8220;4.16&#8243; _module_preset=&#8220;default&#8220; global_colors_info=&#8220;{}&#8220; theme_builder_area=&#8220;post_content&#8220;]<\/p>\n<p><span>Ihr Unternehmen produziert, vertreibt oder bietet Produkte oder Dienstleistungen in den folgenden Bereichen an: Additive, Schmiermittel, Schmierger\u00e4te, Filter, Sensoren, Schmierungser\u00e4te, Zentralschmiersysteme, \u00d6l- und Maschinenreinigungsdienste, Ger\u00e4te zur Zustands\u00fcberwachung, Software oder Laborinstrumente?<\/span><\/p>\n<p>[\/et_pb_text][\/et_pb_column][\/et_pb_row][et_pb_row column_structure=&#8220;1_3,1_3,1_3&#8243; _builder_version=&#8220;4.16&#8243; _module_preset=&#8220;default&#8220; global_colors_info=&#8220;{}&#8220; theme_builder_area=&#8220;post_content&#8220;][et_pb_column type=&#8220;1_3&#8243; _builder_version=&#8220;4.16&#8243; _module_preset=&#8220;default&#8220; global_colors_info=&#8220;{}&#8220; theme_builder_area=&#8220;post_content&#8220;][et_pb_blurb title=&#8220;Direkter Zugang zur Zielgruppe&#8220; use_icon=&#8220;on&#8220; font_icon=&#8220;&#x4e;||divi||400&#8243; _builder_version=&#8220;4.27.6&#8243; _module_preset=&#8220;a8c035c1-871e-41d7-b99a-101fe738514a&#8220; global_colors_info=&#8220;{}&#8220; theme_builder_area=&#8220;post_content&#8220;]<\/p>\n<p><span>Treffen Sie genau die Entscheider und Anwender, die sich professionell mit Schmierung, Instandhaltung und Condition Monitoring besch\u00e4ftigen.\u00a0<\/span><\/p>\n<p>[\/et_pb_blurb][\/et_pb_column][et_pb_column type=&#8220;1_3&#8243; _builder_version=&#8220;4.16&#8243; _module_preset=&#8220;default&#8220; global_colors_info=&#8220;{}&#8220; theme_builder_area=&#8220;post_content&#8220;][et_pb_blurb title=&#8220;Ideale B\u00fchne f\u00fcr Produkt- und Technologiepr\u00e4sentationen&#8220; use_icon=&#8220;on&#8220; font_icon=&#8220;&#x4e;||divi||400&#8243; _builder_version=&#8220;4.27.6&#8243; _module_preset=&#8220;a8c035c1-871e-41d7-b99a-101fe738514a&#8220; global_colors_info=&#8220;{}&#8220; theme_builder_area=&#8220;post_content&#8220;]<\/p>\n<p><span>Pr\u00e4sentieren Sie neue Produkte, Services und Technologien rund um Schmier- und \u00dcberwachungsl\u00f6sungen.<\/span><\/p>\n<p>[\/et_pb_blurb][\/et_pb_column][et_pb_column type=&#8220;1_3&#8243; _builder_version=&#8220;4.16&#8243; _module_preset=&#8220;default&#8220; global_colors_info=&#8220;{}&#8220; theme_builder_area=&#8220;post_content&#8220;][et_pb_blurb title=&#8220;Nachhaltige Netzwerk- und Gesch\u00e4ftschancen&#8220; use_icon=&#8220;on&#8220; font_icon=&#8220;&#x4e;||divi||400&#8243; _builder_version=&#8220;4.27.6&#8243; _module_preset=&#8220;a8c035c1-871e-41d7-b99a-101fe738514a&#8220; global_colors_info=&#8220;{}&#8220; theme_builder_area=&#8220;post_content&#8220;]<\/p>\n<p><span>Kn\u00fcpfen Sie internationale Kontakte, vertiefen Sie Ihre Kundenbeziehungen und generieren Sie qualifizierte Leads.<\/span><\/p>\n<p>[\/et_pb_blurb][\/et_pb_column][\/et_pb_row][\/et_pb_section][et_pb_section fb_built=&#8220;1&#8243; _builder_version=&#8220;4.16&#8243; _module_preset=&#8220;default&#8220; background_color=&#8220;rgba(0,0,0,0.1)&#8220; use_background_color_gradient=&#8220;on&#8220; background_color_gradient_direction=&#8220;90deg&#8220; background_color_gradient_stops=&#8220;#f39400 66%|#ffffff 66%&#8220; background_color_gradient_start=&#8220;#f39400&#8243; background_color_gradient_start_position=&#8220;66%&#8220; background_color_gradient_end=&#8220;#ffffff&#8220; background_color_gradient_end_position=&#8220;66%&#8220; global_colors_info=&#8220;{}&#8220; theme_builder_area=&#8220;post_content&#8220;][et_pb_row _builder_version=&#8220;4.16&#8243; _module_preset=&#8220;default&#8220; custom_padding=&#8220;2em||0px||false|false&#8220; global_colors_info=&#8220;{}&#8220; theme_builder_area=&#8220;post_content&#8220;][et_pb_column type=&#8220;4_4&#8243; _builder_version=&#8220;4.16&#8243; _module_preset=&#8220;default&#8220; global_colors_info=&#8220;{}&#8220; theme_builder_area=&#8220;post_content&#8220;][et_pb_text _builder_version=&#8220;4.16&#8243; _module_preset=&#8220;default&#8220; global_colors_info=&#8220;{}&#8220; theme_builder_area=&#8220;post_content&#8220;]<\/p>\n<h2 style=\"text-align: center;\">Profitieren Sie vom Komplettpaket!<\/h2>\n<p>[\/et_pb_text][\/et_pb_column][\/et_pb_row][et_pb_row column_structure=&#8220;1_2,1_2&#8243; make_equal=&#8220;on&#8220; _builder_version=&#8220;4.17.3&#8243; _module_preset=&#8220;default&#8220; custom_padding=&#8220;|||2em|false|false&#8220; global_colors_info=&#8220;{}&#8220; theme_builder_area=&#8220;post_content&#8220;][et_pb_column type=&#8220;1_2&#8243; _builder_version=&#8220;4.16&#8243; _module_preset=&#8220;default&#8220; background_color=&#8220;rgba(0,0,0,0.1)&#8220; custom_padding=&#8220;2em|2em|2em|2em|true|true&#8220; global_colors_info=&#8220;{}&#8220; theme_builder_area=&#8220;post_content&#8220;][et_pb_text _builder_version=&#8220;4.16&#8243; _module_preset=&#8220;default&#8220; global_colors_info=&#8220;{}&#8220; theme_builder_area=&#8220;post_content&#8220;]<\/p>\n<h3>System-Stand auf der OilDoc Ausstellung<\/h3>\n<ul>\n<li>Abmessungen 2&#215;3 m oder 3&#215;3 m<\/li>\n<li>Ausstattung: wei\u00dfe R\u00fcck- und Seitenw\u00e4nde, ein Stuhl und ein Stromanschluss mit drei Steckdosen.<\/li>\n<li>Zus\u00e4tzliche Ausstattung wie mehr St\u00fchle, Schreibtische, Bretter, Scheinwerfer usw. kann separat bestellt werden.<\/li>\n<\/ul>\n<p>[\/et_pb_text][\/et_pb_column][et_pb_column type=&#8220;1_2&#8243; _builder_version=&#8220;4.16&#8243; _module_preset=&#8220;default&#8220; background_color=&#8220;rgba(0,0,0,0.1)&#8220; custom_padding=&#8220;2em|2em|2em|2em|true|true&#8220; global_colors_info=&#8220;{}&#8220; theme_builder_area=&#8220;post_content&#8220;][et_pb_text _builder_version=&#8220;4.16&#8243; _module_preset=&#8220;default&#8220; global_colors_info=&#8220;{}&#8220; theme_builder_area=&#8220;post_content&#8220;]<\/p>\n<h3>Zus\u00e4tzliche\u00a0Marketingvorteile<\/h3>\n<ul>\n<li>Ihr Firmenlogo und Ihre Beschreibung im gedruckten und digitalen Tagungsband, in der Event-App und auf der Event-Website<\/li>\n<li><span style=\"font-size: 18px;\">Bereitstellung von Social Media Material (Banner, Text)<\/span><\/li>\n<\/ul>\n<p>[\/et_pb_text][\/et_pb_column][\/et_pb_row][\/et_pb_section][et_pb_section fb_built=&#8220;1&#8243; _builder_version=&#8220;4.16&#8243; _module_preset=&#8220;default&#8220; global_colors_info=&#8220;{}&#8220; theme_builder_area=&#8220;post_content&#8220;][et_pb_row column_structure=&#8220;1_2,1_2&#8243; _builder_version=&#8220;4.18.1&#8243; _module_preset=&#8220;default&#8220; global_colors_info=&#8220;{}&#8220; theme_builder_area=&#8220;post_content&#8220;][et_pb_column type=&#8220;1_2&#8243; _builder_version=&#8220;4.16&#8243; _module_preset=&#8220;default&#8220; global_colors_info=&#8220;{}&#8220; theme_builder_area=&#8220;post_content&#8220;][et_pb_text _builder_version=&#8220;4.17.4&#8243; _module_preset=&#8220;default&#8220; custom_margin=&#8220;||0px||false|false&#8220; custom_padding=&#8220;||0px||false|false&#8220; global_colors_info=&#8220;{}&#8220; theme_builder_area=&#8220;post_content&#8220;]<\/p>\n<h3>Reduzierte Anmeldegeb\u00fchr f\u00fcr Standpersonal<\/h3>\n<p>[\/et_pb_text][et_pb_text _builder_version=&#8220;4.27.6&#8243; _module_preset=&#8220;default&#8220; hover_enabled=&#8220;0&#8243; global_colors_info=&#8220;{}&#8220; theme_builder_area=&#8220;post_content&#8220; sticky_enabled=&#8220;0&#8243;]<\/p>\n<p>+5% Rabatt bei Registrierung von drei oder mehr Mitarbeitern<\/p>\n<p><strong>Folgende Leistungen sind f\u00fcr das Standpersonal inbegriffen:<\/strong><\/p>\n<ul>\n<li>Zugang zu allen Vortr\u00e4gen<\/li>\n<li>Warmes Mittagessen an allen drei Tagen. Kaffee \/ Tee, Wasser und Snacks.<\/li>\n<li>Come-together-Empfang mit Getr\u00e4nken und Snacks am Dienstag<\/li>\n<li>&#8222;Bavaria meets Cuba&#8220; am Mittwoch<\/li>\n<li>Zugang zu einem Workshop oder Ausflug nach Wahl am Donnerstag<\/li>\n<li>Konferenztasche, Tagungsband<\/li>\n<\/ul>\n<p>[\/et_pb_text][\/et_pb_column][et_pb_column type=&#8220;1_2&#8243; _builder_version=&#8220;4.18.1&#8243; _module_preset=&#8220;default&#8220; background_color=&#8220;#FFFFFF&#8220; custom_padding=&#8220;||2em||false|false&#8220; global_colors_info=&#8220;{}&#8220; theme_builder_area=&#8220;post_content&#8220;][et_pb_blurb title=&#8220;Zus\u00e4tzliche Sponsor-Pakete verf\u00fcgbar&#8220; use_icon=&#8220;on&#8220; font_icon=&#8220;&#x70;||divi||400&#8243; _builder_version=&#8220;4.18.1&#8243; _module_preset=&#8220;3948cc4b-e96e-40d3-8969-f6cdfe152e44&#8243; background_color=&#8220;#E5E5E5&#8243; custom_margin=&#8220;||24px||false|false&#8220; global_colors_info=&#8220;{}&#8220; theme_builder_area=&#8220;post_content&#8220;]<\/p>\n<blockquote>\n<p class=\"bodytext\">OilDoc bietet ein<span>\u00a0<\/span><span style=\"color: #ff9900;\"><a href=\"https:\/\/conference.oildoc.com\/de\/werbung-promotion\/\" style=\"color: #ff9900;\"><strong><span style=\"color: #ff9900;\">Premium-Sponsor-System<\/span><\/strong><\/a><\/span><span>\u00a0<\/span>und eine ganze Reihe von M\u00f6glichkeiten f\u00fcr traditionelle und au\u00dfergew\u00f6hnliche Werbung f\u00fcr fast jedes Budget.<\/p>\n<\/blockquote>\n<p>[\/et_pb_blurb][\/et_pb_column][\/et_pb_row][\/et_pb_section][et_pb_section fb_built=&#8220;1&#8243; _builder_version=&#8220;4.16&#8243; _module_preset=&#8220;default&#8220; background_color=&#8220;#00696E&#8220; global_colors_info=&#8220;{}&#8220; theme_builder_area=&#8220;post_content&#8220;][et_pb_row _builder_version=&#8220;4.16&#8243; _module_preset=&#8220;default&#8220; global_colors_info=&#8220;{}&#8220; theme_builder_area=&#8220;post_content&#8220;][et_pb_column type=&#8220;4_4&#8243; _builder_version=&#8220;4.16&#8243; _module_preset=&#8220;default&#8220; global_colors_info=&#8220;{}&#8220; theme_builder_area=&#8220;post_content&#8220;][et_pb_text _builder_version=&#8220;4.16&#8243; _module_preset=&#8220;default&#8220; global_colors_info=&#8220;{}&#8220; theme_builder_area=&#8220;post_content&#8220;]<\/p>\n<h2 style=\"text-align: center;\">Die OilDoc Konferenz &amp; Ausstellung<\/h2>\n<p>[\/et_pb_text][\/et_pb_column][\/et_pb_row][et_pb_row column_structure=&#8220;1_2,1_2&#8243; _builder_version=&#8220;4.16&#8243; _module_preset=&#8220;default&#8220; custom_padding=&#8220;|2em||2em|false|true&#8220; global_colors_info=&#8220;{}&#8220; theme_builder_area=&#8220;post_content&#8220;][et_pb_column type=&#8220;1_2&#8243; _builder_version=&#8220;4.16&#8243; _module_preset=&#8220;default&#8220; global_colors_info=&#8220;{}&#8220; theme_builder_area=&#8220;post_content&#8220;][et_pb_slider _builder_version=&#8220;4.27.6&#8243; _module_preset=&#8220;default&#8220; min_height=&#8220;450px&#8220; custom_margin=&#8220;0px||||false|false&#8220; global_colors_info=&#8220;{}&#8220; theme_builder_area=&#8220;post_content&#8220;][et_pb_slide _builder_version=&#8220;4.27.6&#8243; _module_preset=&#8220;default&#8220; background_enable_color=&#8220;off&#8220; background_image=&#8220;https:\/\/conference.oildoc.com\/wp-content\/uploads\/08_DSC00248a-web.jpg&#8220; background_enable_image=&#8220;on&#8220; global_colors_info=&#8220;{}&#8220; sticky_transition=&#8220;on&#8220; theme_builder_area=&#8220;post_content&#8220;][\/et_pb_slide][et_pb_slide _builder_version=&#8220;4.27.6&#8243; _module_preset=&#8220;default&#8220; background_enable_color=&#8220;off&#8220; background_image=&#8220;https:\/\/conference.oildoc.com\/wp-content\/uploads\/Ametek-1-scaled.jpg&#8220; background_enable_image=&#8220;on&#8220; background_position=&#8220;center_left&#8220; global_colors_info=&#8220;{}&#8220; sticky_transition=&#8220;on&#8220; theme_builder_area=&#8220;post_content&#8220;][\/et_pb_slide][et_pb_slide _builder_version=&#8220;4.27.6&#8243; _module_preset=&#8220;default&#8220; background_enable_color=&#8220;off&#8220; background_image=&#8220;https:\/\/conference.oildoc.com\/wp-content\/uploads\/14_DSC00158-web.jpg&#8220; background_enable_image=&#8220;on&#8220; global_colors_info=&#8220;{}&#8220; sticky_transition=&#8220;on&#8220; theme_builder_area=&#8220;post_content&#8220;][\/et_pb_slide][et_pb_slide _builder_version=&#8220;4.27.6&#8243; _module_preset=&#8220;default&#8220; background_enable_color=&#8220;off&#8220; background_image=&#8220;https:\/\/conference.oildoc.com\/wp-content\/uploads\/16_DSC00251d-web.jpg&#8220; background_enable_image=&#8220;on&#8220; global_colors_info=&#8220;{}&#8220; sticky_transition=&#8220;on&#8220; theme_builder_area=&#8220;post_content&#8220;][\/et_pb_slide][et_pb_slide _builder_version=&#8220;4.27.6&#8243; _module_preset=&#8220;default&#8220; background_enable_color=&#8220;off&#8220; background_image=&#8220;https:\/\/conference.oildoc.com\/wp-content\/uploads\/33_DSC00126-web.jpg&#8220; background_enable_image=&#8220;on&#8220; background_position=&#8220;center_right&#8220; global_colors_info=&#8220;{}&#8220; sticky_transition=&#8220;on&#8220; theme_builder_area=&#8220;post_content&#8220;][\/et_pb_slide][et_pb_slide _builder_version=&#8220;4.27.6&#8243; _module_preset=&#8220;default&#8220; background_enable_color=&#8220;off&#8220; background_image=&#8220;https:\/\/conference.oildoc.com\/wp-content\/uploads\/Checkfluid2-scaled.jpg&#8220; background_enable_image=&#8220;on&#8220; global_colors_info=&#8220;{}&#8220; sticky_transition=&#8220;on&#8220; theme_builder_area=&#8220;post_content&#8220;][\/et_pb_slide][et_pb_slide _builder_version=&#8220;4.27.6&#8243; _module_preset=&#8220;default&#8220; background_enable_color=&#8220;off&#8220; background_image=&#8220;https:\/\/conference.oildoc.com\/wp-content\/uploads\/Solge2-scaled.jpg&#8220; background_enable_image=&#8220;on&#8220; background_position=&#8220;center_left&#8220; global_colors_info=&#8220;{}&#8220; sticky_transition=&#8220;on&#8220; theme_builder_area=&#8220;post_content&#8220;][\/et_pb_slide][et_pb_slide _builder_version=&#8220;4.27.6&#8243; _module_preset=&#8220;default&#8220; background_enable_color=&#8220;off&#8220; background_image=&#8220;https:\/\/conference.oildoc.com\/wp-content\/uploads\/Hydac2-scaled.jpg&#8220; background_enable_image=&#8220;on&#8220; background_position=&#8220;center_right&#8220; global_colors_info=&#8220;{}&#8220; sticky_transition=&#8220;on&#8220; theme_builder_area=&#8220;post_content&#8220;][\/et_pb_slide][\/et_pb_slider][\/et_pb_column][et_pb_column type=&#8220;1_2&#8243; _builder_version=&#8220;4.16&#8243; _module_preset=&#8220;default&#8220; global_colors_info=&#8220;{}&#8220; theme_builder_area=&#8220;post_content&#8220;][et_pb_blurb title=&#8220;Qualitativ hochwertiges Vortragsprogramm&#8220; use_icon=&#8220;on&#8220; font_icon=&#8220;&#x4e;||divi||400&#8243; _builder_version=&#8220;4.27.6&#8243; _module_preset=&#8220;a8c035c1-871e-41d7-b99a-101fe738514a&#8220; global_colors_info=&#8220;{}&#8220; theme_builder_area=&#8220;post_content&#8220;][\/et_pb_blurb][et_pb_blurb title=&#8220;Attraktives Rahmenprogramm&#8220; use_icon=&#8220;on&#8220; font_icon=&#8220;&#x4e;||divi||400&#8243; _builder_version=&#8220;4.27.6&#8243; _module_preset=&#8220;a8c035c1-871e-41d7-b99a-101fe738514a&#8220; global_colors_info=&#8220;{}&#8220; theme_builder_area=&#8220;post_content&#8220;][\/et_pb_blurb][et_pb_blurb title=&#8220;Erstklassige Referenten&#8220; use_icon=&#8220;on&#8220; font_icon=&#8220;&#x4e;||divi||400&#8243; _builder_version=&#8220;4.16&#8243; _module_preset=&#8220;a8c035c1-871e-41d7-b99a-101fe738514a&#8220; global_colors_info=&#8220;{}&#8220; theme_builder_area=&#8220;post_content&#8220;][\/et_pb_blurb][et_pb_blurb title=&#8220;Internationale Networking-M\u00f6glichkeiten&#8220; use_icon=&#8220;on&#8220; font_icon=&#8220;&#x4e;||divi||400&#8243; _builder_version=&#8220;4.16&#8243; _module_preset=&#8220;a8c035c1-871e-41d7-b99a-101fe738514a&#8220; global_colors_info=&#8220;{}&#8220; theme_builder_area=&#8220;post_content&#8220;][\/et_pb_blurb][et_pb_text _builder_version=&#8220;4.27.6&#8243; _module_preset=&#8220;default&#8220; global_colors_info=&#8220;{}&#8220; theme_builder_area=&#8220;post_content&#8220;]<\/p>\n<h3>&#8230; und die begleitende Ausstellung sind die richtigen Voraussetzungen f\u00fcr die 9. Ausgabe dieses renommierten Events.<\/h3>\n<p>[\/et_pb_text][\/et_pb_column][\/et_pb_row][\/et_pb_section]<\/p>\n","protected":false},"excerpt":{"rendered":"<p>Melden Sie sich rechtzeitig an und sichern Sie sich jetzt schon Ihren Lieblings-Standplatz und den besten Preis. First come. First serve.Ihr Unternehmen produziert, vertreibt oder bietet Produkte oder Dienstleistungen in den folgenden Bereichen an: Additive, Schmiermittel, Schmierger\u00e4te, Filter, Sensoren, Schmierungser\u00e4te, Zentralschmiersysteme, \u00d6l- und Maschinenreinigungsdienste, Ger\u00e4te zur Zustands\u00fcberwachung, Software oder Laborinstrumente?Treffen Sie genau die Entscheider und [&hellip;]<\/p>\n","protected":false},"author":1,"featured_media":0,"parent":24,"menu_order":10,"comment_status":"closed","ping_status":"closed","template":"","meta":{"_et_pb_use_builder":"on","_et_pb_old_content":"<!-- wp:divi\/placeholder \/-->","_et_gb_content_width":"","footnotes":""},"class_list":["post-26","page","type-page","status-publish","hentry"],"_links":{"self":[{"href":"https:\/\/conference.oildoc.com\/de\/wp-json\/wp\/v2\/pages\/26","targetHints":{"allow":["GET"]}}],"collection":[{"href":"https:\/\/conference.oildoc.com\/de\/wp-json\/wp\/v2\/pages"}],"about":[{"href":"https:\/\/conference.oildoc.com\/de\/wp-json\/wp\/v2\/types\/page"}],"author":[{"embeddable":true,"href":"https:\/\/conference.oildoc.com\/de\/wp-json\/wp\/v2\/users\/1"}],"replies":[{"embeddable":true,"href":"https:\/\/conference.oildoc.com\/de\/wp-json\/wp\/v2\/comments?post=26"}],"version-history":[{"count":10,"href":"https:\/\/conference.oildoc.com\/de\/wp-json\/wp\/v2\/pages\/26\/revisions"}],"predecessor-version":[{"id":6181,"href":"https:\/\/conference.oildoc.com\/de\/wp-json\/wp\/v2\/pages\/26\/revisions\/6181"}],"up":[{"embeddable":true,"href":"https:\/\/conference.oildoc.com\/de\/wp-json\/wp\/v2\/pages\/24"}],"wp:attachment":[{"href":"https:\/\/conference.oildoc.com\/de\/wp-json\/wp\/v2\/media?parent=26"}],"curies":[{"name":"wp","href":"https:\/\/api.w.org\/{rel}","templated":true}]}}