{"id":30,"date":"2021-08-24T12:47:51","date_gmt":"2021-08-24T10:47:51","guid":{"rendered":"https:\/\/conference.oildoc.com\/?page_id=30"},"modified":"2026-03-05T12:21:21","modified_gmt":"2026-03-05T11:21:21","slug":"teilnahmebedingungen","status":"publish","type":"page","link":"https:\/\/conference.oildoc.com\/de\/infos-fuer-aussteller-bei-der-oildoc-konferenz\/teilnahmebedingungen\/","title":{"rendered":"Teilnahmebedingungen"},"content":{"rendered":"<p>[et_pb_section fb_built=&#8220;1&#8243; _builder_version=&#8220;4.16&#8243; _module_preset=&#8220;default&#8220; global_colors_info=&#8220;{}&#8220; theme_builder_area=&#8220;post_content&#8220;][et_pb_row _builder_version=&#8220;4.16&#8243; _module_preset=&#8220;default&#8220; global_colors_info=&#8220;{}&#8220; theme_builder_area=&#8220;post_content&#8220;][et_pb_column type=&#8220;4_4&#8243; _builder_version=&#8220;4.16&#8243; _module_preset=&#8220;default&#8220; global_colors_info=&#8220;{}&#8220; theme_builder_area=&#8220;post_content&#8220;][et_pb_text _builder_version=&#8220;4.18.1&#8243; _module_preset=&#8220;default&#8220; global_colors_info=&#8220;{}&#8220; theme_builder_area=&#8220;post_content&#8220;]<\/p>\n<h1>Teilnahmebedingungen OilDoc Ausstellung 2027<\/h1>\n<p>Offizieller Anmeldeschluss f\u00fcr die OilDoc-Ausstellung ist der 15. April 2027.<\/p>\n<p>Die Anzahl der St\u00e4nde ist begrenzt und wir empfehlen dringend, sich so schnell wie m\u00f6glich anzumelden.<\/p>\n<h2>Zuweisung von Standfl\u00e4che:<\/h2>\n<p>Die Positionierung des Standes h\u00e4ngt von der allgemeinen Verf\u00fcgbarkeit, der gew\u00fcnschten Standgr\u00f6\u00dfe, den besonderen Bed\u00fcrfnissen und den ausgestellten Waren \/ Dienstleistungen ab. Selbstverst\u00e4ndlich geben wir unser Bestes um Ihre Bed\u00fcrfnisse bez\u00fcglich der Position des Standes zu erf\u00fcllen. OilDoc beh\u00e4lt sich jedoch das Recht vor, bei Bedarf andere als die angeforderten Fl\u00e4chen zuzuweisen und Aussteller umzusiedeln und den Grundriss neu zu ordnen. Eine endg\u00fcltige Grundrissplanung erfolgt im April 2027. Sie erhalten dann Ihre endg\u00fcltige und verbindliche Position Ihres Standes.<\/p>\n<h2>Zahlung:<\/h2>\n<p>Nach Ihrer Registrierung senden wir Ihnen die Rechnung zu, die vor dem 15. April 2027 zahlbar ist. Die auf der Rechnung angegebenen Zahlungsbedingungen m\u00fcssen eingehalten werden.<br \/>Die vollst\u00e4ndige Zahlung der Rechnungsbetr\u00e4ge ist Voraussetzung f\u00fcr den Zugang zum Ausstellungsraum.<\/p>\n<h2>R\u00fccktritt \/ Stornierung:<\/h2>\n<p>Vor dem 31. Dezember 2026: 100% R\u00fcckerstattung der Standkosten abz\u00fcglich EUR 180, &#8211; Verwaltungsgeb\u00fchr.<br \/>Vom 01. Januar bis 15. April 2027: 50% R\u00fcckerstattung der gesamten Standkosten.<br \/>Nach dem 15. April 2027: Keine R\u00fcckerstattung ausgestellt.<\/p>\n<p>Bitte beachten Sie, dass diese Geb\u00fchren unabh\u00e4ngig des\u00a0Grundes der Stornierung berechnet werden.<\/p>\n<h2>H\u00f6here Gewalt:<\/h2>\n<p>Wenn die OilDoc GmbH aufgrund h\u00f6herer Gewalt oder anderer Umst\u00e4nde, die au\u00dferhalb ihrer Kontrolle liegen, nicht in der Lage ist, die Veranstaltung durchzuf\u00fchren, kann OilDoc sie verschieben oder komplett absagen.<\/p>\n<p>Bereits bezahlte Standgeb\u00fchren werden in diesem Fall abz\u00fcglich der Verwaltungsgeb\u00fchr in H\u00f6he von EUR 180.- erstattet.<\/p>\n<p>OilDoc haftet nicht f\u00fcr weitergehende Sch\u00e4den oder Kosten f\u00fcr Aussteller, die sich aus der Stornierung\/Verschiebung der Veranstaltung ergeben.<\/p>\n<p>Wenn die OilDoc GmbH die laufende Veranstaltung aufgrund h\u00f6herer Gewalt oder anderer Umst\u00e4nde, die au\u00dferhalb ihrer Kontrolle liegen, verschieben oder einschr\u00e4nken muss, kann der Aussteller keine R\u00fcckerstattung verlangen.<\/p>\n<p>Die vollst\u00e4ndigen Gesch\u00e4ftsbedingungen werden mit der Best\u00e4tigung der Registrierung gesendet.<\/p>\n<p style=\"text-align: right;\"><em>Stand: M\u00e4rz 2026<\/em><\/p>\n<p>[\/et_pb_text][\/et_pb_column][\/et_pb_row][\/et_pb_section]<\/p>\n","protected":false},"excerpt":{"rendered":"<p>Teilnahmebedingungen OilDoc Ausstellung 2027 Offizieller Anmeldeschluss f\u00fcr die OilDoc-Ausstellung ist der 15. April 2027. Die Anzahl der St\u00e4nde ist begrenzt und wir empfehlen dringend, sich so schnell wie m\u00f6glich anzumelden. Zuweisung von Standfl\u00e4che: Die Positionierung des Standes h\u00e4ngt von der allgemeinen Verf\u00fcgbarkeit, der gew\u00fcnschten Standgr\u00f6\u00dfe, den besonderen Bed\u00fcrfnissen und den ausgestellten Waren \/ Dienstleistungen ab. [&hellip;]<\/p>\n","protected":false},"author":1,"featured_media":0,"parent":24,"menu_order":30,"comment_status":"closed","ping_status":"closed","template":"","meta":{"_et_pb_use_builder":"on","_et_pb_old_content":"<!-- wp:divi\/placeholder \/-->","_et_gb_content_width":"","footnotes":""},"class_list":["post-30","page","type-page","status-publish","hentry"],"_links":{"self":[{"href":"https:\/\/conference.oildoc.com\/de\/wp-json\/wp\/v2\/pages\/30","targetHints":{"allow":["GET"]}}],"collection":[{"href":"https:\/\/conference.oildoc.com\/de\/wp-json\/wp\/v2\/pages"}],"about":[{"href":"https:\/\/conference.oildoc.com\/de\/wp-json\/wp\/v2\/types\/page"}],"author":[{"embeddable":true,"href":"https:\/\/conference.oildoc.com\/de\/wp-json\/wp\/v2\/users\/1"}],"replies":[{"embeddable":true,"href":"https:\/\/conference.oildoc.com\/de\/wp-json\/wp\/v2\/comments?post=30"}],"version-history":[{"count":9,"href":"https:\/\/conference.oildoc.com\/de\/wp-json\/wp\/v2\/pages\/30\/revisions"}],"predecessor-version":[{"id":6013,"href":"https:\/\/conference.oildoc.com\/de\/wp-json\/wp\/v2\/pages\/30\/revisions\/6013"}],"up":[{"embeddable":true,"href":"https:\/\/conference.oildoc.com\/de\/wp-json\/wp\/v2\/pages\/24"}],"wp:attachment":[{"href":"https:\/\/conference.oildoc.com\/de\/wp-json\/wp\/v2\/media?parent=30"}],"curies":[{"name":"wp","href":"https:\/\/api.w.org\/{rel}","templated":true}]}}