{"id":3991,"date":"2023-03-03T10:51:52","date_gmt":"2023-03-03T09:51:52","guid":{"rendered":"https:\/\/conference.oildoc.com\/?page_id=3991"},"modified":"2023-03-03T12:09:11","modified_gmt":"2023-03-03T11:09:11","slug":"3991-2","status":"publish","type":"page","link":"https:\/\/conference.oildoc.com\/de\/3991-2\/","title":{"rendered":"Event-App"},"content":{"rendered":"<p>[et_pb_section fb_built=&#8220;1&#8243; _builder_version=&#8220;4.16&#8243; _module_preset=&#8220;default&#8220; custom_padding=&#8220;0px||||false|false&#8220; global_colors_info=&#8220;{}&#8220; theme_builder_area=&#8220;post_content&#8220;][et_pb_row _builder_version=&#8220;4.18.1&#8243; _module_preset=&#8220;default&#8220; theme_builder_area=&#8220;post_content&#8220; alt=&#8220;Use the OilDoc App!&#8220; title_text=&#8220;Use the OilDoc App!&#8220; background_image=&#8220;https:\/\/conference.oildoc.com\/wp-content\/uploads\/AdobeStock_546040582-scaled.jpeg&#8220; background_color=&#8220;RGBA(255,255,255,0)&#8220; hover_enabled=&#8220;0&#8243; sticky_enabled=&#8220;0&#8243; background_position=&#8220;center_right&#8220; background_blend=&#8220;soft-light&#8220;][et_pb_column _builder_version=&#8220;4.18.1&#8243; _module_preset=&#8220;default&#8220; type=&#8220;4_4&#8243; theme_builder_area=&#8220;post_content&#8220;][et_pb_cta _builder_version=&#8220;4.18.1&#8243; _module_preset=&#8220;default&#8220; theme_builder_area=&#8220;post_content&#8220; title=&#8220;Keine Teilnahme an der OilDoc Konferenz ohne unsere Event-App!&#8220; button_text=&#8220;eventmobi.com\/oildoc&#8220; button_url=&#8220;https:\/\/eventmobi.com\/oildoc&#8220; url_new_window=&#8220;on&#8220; background_color=&#8220;rgba(255,255,255,0.67)&#8220; header_text_color=&#8220;#E02B20&#8243; hover_enabled=&#8220;0&#8243; sticky_enabled=&#8220;0&#8243; custom_button=&#8220;on&#8220; button_text_size=&#8220;28px&#8220;][\/et_pb_cta][\/et_pb_column][\/et_pb_row][et_pb_row column_structure=&#8220;1_2,1_2&#8243; _builder_version=&#8220;4.16&#8243; _module_preset=&#8220;default&#8220; global_colors_info=&#8220;{}&#8220; theme_builder_area=&#8220;post_content&#8220;][et_pb_column type=&#8220;1_2&#8243; _builder_version=&#8220;4.16&#8243; _module_preset=&#8220;default&#8220; hover_enabled=&#8220;0&#8243; global_colors_info=&#8220;{}&#8220; theme_builder_area=&#8220;post_content&#8220; sticky_enabled=&#8220;0&#8243;][et_pb_text _builder_version=&#8220;4.18.1&#8243; _module_preset=&#8220;default&#8220; hover_enabled=&#8220;0&#8243; global_colors_info=&#8220;{}&#8220; theme_builder_area=&#8220;post_content&#8220; sticky_enabled=&#8220;0&#8243;]<\/p>\n<h2>Melden Sie sich unbedingt bei unserer OilDoc Konferenz App an, um die Veranstaltung in vollem Umfang zu erleben!<\/h2>\n<h3>Mit der OilDoc Konferenz App:<\/h3>\n<ul>\n<li>Alle Programmdetails, Pr\u00e4sentationsinhalte und Informationen zu den Referenten und Ausstellern sind verf\u00fcgbar.<\/li>\n<li>Sie k\u00f6nnen alle von den Referenten zur Verf\u00fcgung gestellten Abstracts, Manuskripte und Pr\u00e4sentationen direkt herunterladen.<\/li>\n<li>Sie erstellen Ihren pers\u00f6nlichen Vortragfahrplan.<\/li>\n<li>W\u00e4hrend der Pr\u00e4sentationen k\u00f6nnen Sie Ihre Fragen an die Referenten eingeben. Sie werden anschlie\u00dfend beantwortet.<\/li>\n<li>Sie k\u00f6nnen mit allen Referenten, Ausstellern und anderen Besuchern im Vorfeld oder w\u00e4hrend der Veranstaltung per Chat oder Videoanruf in Kontakt treten. Sie k\u00f6nnen sogar feste Gespr\u00e4chstermine vereinbaren.<\/li>\n<li>Sie buchen hier ihr individuelles Programm f\u00fcr den Exkursions-\/Workshoptag.<\/li>\n<li>Sie erhalten automatisch alle Informationen \u00fcber eventuelle \u00c4nderungen und zus\u00e4tzliche Veranstaltungen vor und w\u00e4hrend der Konferenz.<\/li>\n<\/ul>\n<p><strong>Die OilDoc Konferenz-App kann mit einem Smartphone, Tablet, Laptop oder PC genutzt werden.<\/strong><\/p>\n<p><strong>Online unter: <a href=\"https:\/\/eventmobi.com\/oildoc\" target=\"_blank\" rel=\"noopener\">eventmobi.com\/oildoc<\/a><\/strong><\/p>\n<p>[\/et_pb_text][et_pb_button button_url=&#8220;https:\/\/eventmobi.com\/oildoc\/&#8220; url_new_window=&#8220;on&#8220; button_text=&#8220;Zur Event-App&#8220; button_alignment=&#8220;center&#8220; _builder_version=&#8220;4.18.1&#8243; _module_preset=&#8220;default&#8220; custom_button=&#8220;on&#8220; button_text_size=&#8220;27px&#8220; button_font=&#8220;|||on|||||&#8220; custom_margin=&#8220;||28px|||&#8220; hover_enabled=&#8220;0&#8243; global_colors_info=&#8220;{}&#8220; theme_builder_area=&#8220;post_content&#8220; sticky_enabled=&#8220;0&#8243;][\/et_pb_button][\/et_pb_column][et_pb_column type=&#8220;1_2&#8243; _builder_version=&#8220;4.18.1&#8243; _module_preset=&#8220;default&#8220; global_colors_info=&#8220;{}&#8220; theme_builder_area=&#8220;post_content&#8220;][et_pb_image src=&#8220;https:\/\/conference.oildoc.com\/wp-content\/uploads\/app-mockup.jpg&#8220; alt=&#8220;OilDoc Event-App&#8220; title_text=&#8220;OilDoc Event-App&#8220; _builder_version=&#8220;4.18.1&#8243; _module_preset=&#8220;default&#8220; hover_enabled=&#8220;0&#8243; global_colors_info=&#8220;{}&#8220; theme_builder_area=&#8220;post_content&#8220; url=&#8220;https:\/\/eventmobi.com\/oildoc&#8220; url_new_window=&#8220;on&#8220; sticky_enabled=&#8220;0&#8243;][\/et_pb_image][\/et_pb_column][\/et_pb_row][\/et_pb_section]<\/p>\n","protected":false},"excerpt":{"rendered":"<p>Melden Sie sich unbedingt bei unserer OilDoc Konferenz App an, um die Veranstaltung in vollem Umfang zu erleben! Mit der OilDoc Konferenz App: Alle Programmdetails, Pr\u00e4sentationsinhalte und Informationen zu den Referenten und Ausstellern sind verf\u00fcgbar. Sie k\u00f6nnen alle von den Referenten zur Verf\u00fcgung gestellten Abstracts, Manuskripte und Pr\u00e4sentationen direkt herunterladen. Sie erstellen Ihren pers\u00f6nlichen Vortragfahrplan. [&hellip;]<\/p>\n","protected":false},"author":2,"featured_media":0,"parent":0,"menu_order":0,"comment_status":"closed","ping_status":"closed","template":"","meta":{"_et_pb_use_builder":"on","_et_pb_old_content":"","_et_gb_content_width":"","footnotes":""},"class_list":["post-3991","page","type-page","status-publish","hentry"],"_links":{"self":[{"href":"https:\/\/conference.oildoc.com\/de\/wp-json\/wp\/v2\/pages\/3991","targetHints":{"allow":["GET"]}}],"collection":[{"href":"https:\/\/conference.oildoc.com\/de\/wp-json\/wp\/v2\/pages"}],"about":[{"href":"https:\/\/conference.oildoc.com\/de\/wp-json\/wp\/v2\/types\/page"}],"author":[{"embeddable":true,"href":"https:\/\/conference.oildoc.com\/de\/wp-json\/wp\/v2\/users\/2"}],"replies":[{"embeddable":true,"href":"https:\/\/conference.oildoc.com\/de\/wp-json\/wp\/v2\/comments?post=3991"}],"version-history":[{"count":5,"href":"https:\/\/conference.oildoc.com\/de\/wp-json\/wp\/v2\/pages\/3991\/revisions"}],"predecessor-version":[{"id":4008,"href":"https:\/\/conference.oildoc.com\/de\/wp-json\/wp\/v2\/pages\/3991\/revisions\/4008"}],"wp:attachment":[{"href":"https:\/\/conference.oildoc.com\/de\/wp-json\/wp\/v2\/media?parent=3991"}],"curies":[{"name":"wp","href":"https:\/\/api.w.org\/{rel}","templated":true}]}}