{"id":5278,"date":"2025-05-21T13:24:44","date_gmt":"2025-05-21T11:24:44","guid":{"rendered":"https:\/\/conference.oildoc.com\/?page_id=5278"},"modified":"2025-06-12T11:30:53","modified_gmt":"2025-06-12T09:30:53","slug":"rueckblick","status":"publish","type":"page","link":"https:\/\/conference.oildoc.com\/de\/rueckblick\/","title":{"rendered":"R\u00fcckblick 2025"},"content":{"rendered":"<p>[et_pb_section fb_built=&#8220;1&#8243; _builder_version=&#8220;4.18.1&#8243; _module_preset=&#8220;default&#8220; global_colors_info=&#8220;{}&#8220; theme_builder_area=&#8220;post_content&#8220;][et_pb_row column_structure=&#8220;3_4,1_4&#8243; _builder_version=&#8220;4.18.1&#8243; _module_preset=&#8220;default&#8220; global_colors_info=&#8220;{}&#8220; theme_builder_area=&#8220;post_content&#8220;][et_pb_column type=&#8220;3_4&#8243; _builder_version=&#8220;4.18.1&#8243; _module_preset=&#8220;default&#8220; global_colors_info=&#8220;{}&#8220; theme_builder_area=&#8220;post_content&#8220;][et_pb_text _builder_version=&#8220;4.18.1&#8243; _module_preset=&#8220;default&#8220; global_colors_info=&#8220;{}&#8220; theme_builder_area=&#8220;post_content&#8220;]<\/p>\n<h1 dir=\"auto\">R\u00fcckblick auf die OilDoc Konferenz 2025<\/h1>\n<p dir=\"auto\"><strong>Die OilDoc Konferenz 2025 war ein voller Erfolg.<\/strong><\/p>\n<p dir=\"auto\">\u00dcber drei spannende Tage hinweg pr\u00e4sentierten <strong>mehr als 70 Fach-Vortr\u00e4ge<\/strong> neueste Erkenntnisse und Innovationen aus der Welt der <strong>Schmierstoffe, Tribologie und Fluidtechnik<\/strong>. Fachleute aus Industrie, Forschung und Entwicklung kamen zusammen, um sich auszutauschen, zu netzwerken und gemeinsam die Zukunft der Branche zu gestalten.<\/p>\n<p>[\/et_pb_text][\/et_pb_column][et_pb_column type=&#8220;1_4&#8243; _builder_version=&#8220;4.18.1&#8243; _module_preset=&#8220;default&#8220; global_colors_info=&#8220;{}&#8220; theme_builder_area=&#8220;post_content&#8220;][\/et_pb_column][\/et_pb_row][et_pb_row _builder_version=&#8220;4.18.1&#8243; _module_preset=&#8220;default&#8220; global_colors_info=&#8220;{}&#8220; theme_builder_area=&#8220;post_content&#8220;][et_pb_column type=&#8220;4_4&#8243; _builder_version=&#8220;4.18.1&#8243; _module_preset=&#8220;default&#8220; global_colors_info=&#8220;{}&#8220; theme_builder_area=&#8220;post_content&#8220;][et_pb_video src=&#8220;https:\/\/conference.oildoc.com\/wp-content\/uploads\/OilDoc-Conference-2025-grossformat.mp4&#8243; image_src=&#8220;https:\/\/conference.oildoc.com\/wp-content\/uploads\/Screenshot-2025-05-26-090953.png&#8220; font_icon=&#8220;&#x49;||divi||400&#8243; _builder_version=&#8220;4.18.1&#8243; _module_preset=&#8220;default&#8220; global_colors_info=&#8220;{}&#8220; theme_builder_area=&#8220;post_content&#8220;][\/et_pb_video][\/et_pb_column][\/et_pb_row][et_pb_row _builder_version=&#8220;4.18.1&#8243; _module_preset=&#8220;default&#8220; global_colors_info=&#8220;{}&#8220; theme_builder_area=&#8220;post_content&#8220;][et_pb_column type=&#8220;4_4&#8243; _builder_version=&#8220;4.18.1&#8243; _module_preset=&#8220;default&#8220; global_colors_info=&#8220;{}&#8220; theme_builder_area=&#8220;post_content&#8220;][et_pb_text _builder_version=&#8220;4.18.1&#8243; _module_preset=&#8220;default&#8220; global_colors_info=&#8220;{}&#8220; theme_builder_area=&#8220;post_content&#8220;]<\/p>\n<h2 dir=\"auto\">Networking und besondere Highlights<\/h2>\n<p dir=\"auto\">Abseits der Vortr\u00e4ge bot die OilDoc Konferenz reichlich <strong>Gelegenheit zum pers\u00f6nlichen Austausch<\/strong>. Der Stehempfang am ersten Tag war ein gelungener Start, um Kontakte zu kn\u00fcpfen und Erfahrungen auszutauschen. Am zweiten Tag sorgte der <strong>legend\u00e4re bayerische Abend<\/strong> f\u00fcr eine entspannte Atmosph\u00e4re und intensive Gespr\u00e4che in geselliger Runde.<\/p>\n<div class=\"my-2\"><\/div>\n<p dir=\"auto\">Der dritte Tag stand ganz im Zeichen der Praxis: Die Teilnehmer konnten zwischen einem <strong>praxisorientierten Workshop<\/strong> inklusive <strong>Laborf\u00fchrung bei OELCHECK<\/strong>, einem <strong>FLUITEC-Workshop<\/strong> im KU\u2019KO oder einer spannenden <strong>Exkursion mit der historischen Zahnradbahn zum Wendelstein<\/strong> w\u00e4hlen. Diese abwechslungsreichen Programmpunkte rundeten die Konferenz perfekt ab und boten wertvolle Einblicke und Erlebnisse.<\/p>\n<p>[\/et_pb_text][et_pb_text _builder_version=&#8220;4.18.1&#8243; _module_preset=&#8220;default&#8220; background_color=&#8220;#00696E&#8220; custom_padding=&#8220;8px||8px||false|false&#8220; global_colors_info=&#8220;{}&#8220; theme_builder_area=&#8220;post_content&#8220;]<\/p>\n<h2 dir=\"auto\" style=\"text-align: center;\"><span style=\"color: #333333;\">\u00a0<span style=\"color: #ffffff;\">Ausblick<\/span><\/span><\/h2>\n<p style=\"text-align: center;\"><span style=\"color: #ffffff;\"><strong>Schon heute laden wir Sie herzlich zur n\u00e4chsten OilDoc Konferenz vom 15. bis 17. Juni 2027 in Rosenheim ein. <\/strong><\/span><\/p>\n<p style=\"text-align: center;\"><span style=\"color: #ffffff;\">Tragen Sie sich diesen Termin am besten gleich in Ihren Kalender ein, um keine der spannenden Vortr\u00e4ge, neuesten Entwicklungen und wertvollen Networking-M\u00f6glichkeiten zu verpassen. Seien Sie auch 2027 wieder dabei, wenn sich die Branche trifft, um Wissen und Innovationen auszutauschen!<\/span><\/p>\n<p>[\/et_pb_text][et_pb_text _builder_version=&#8220;4.18.1&#8243; _module_preset=&#8220;default&#8220; global_colors_info=&#8220;{}&#8220; theme_builder_area=&#8220;post_content&#8220;]<\/p>\n<h2 dir=\"auto\">Feedback<\/h2>\n<p dir=\"auto\">Das <strong>durchweg positive Feedback<\/strong> der Teilnehmer best\u00e4tigt den Erfolg der OilDoc Konferenz 2025. Wir haben eine <strong>Bildergalerie mit Impressionen<\/strong> der Veranstaltung f\u00fcr Sie zusammengestellt, die die besonderen Momente und die lebendige Atmosph\u00e4re der drei Tage einf\u00e4ngt. Sie l\u00e4dt zum Erinnern ein und l\u00e4sst sowohl Teilnehmer als auch alle, die nicht dabei sein konnten, die Faszination und den Geist der Konferenz hautnah erleben.<\/p>\n<p>[\/et_pb_text][\/et_pb_column][\/et_pb_row][et_pb_row column_structure=&#8220;1_2,1_2&#8243; _builder_version=&#8220;4.18.1&#8243; _module_preset=&#8220;default&#8220; global_colors_info=&#8220;{}&#8220; theme_builder_area=&#8220;post_content&#8220;][et_pb_column type=&#8220;1_2&#8243; _builder_version=&#8220;4.18.1&#8243; _module_preset=&#8220;default&#8220; global_colors_info=&#8220;{}&#8220; theme_builder_area=&#8220;post_content&#8220;][et_pb_testimonial author=&#8220;Dagmar Welzl&#8220; job_title=&#8220;Projektmanagerin&#8220; company_name=&#8220;Zeppelin Baumaschinen GmbH&#8220; quote_icon_color=&#8220;#00696E&#8220; _builder_version=&#8220;4.18.1&#8243; _module_preset=&#8220;default&#8220; body_font=&#8220;||on||||||&#8220; global_colors_info=&#8220;{}&#8220; theme_builder_area=&#8220;post_content&#8220;]<\/p>\n<p style=\"text-align: left;\">Ich m\u00f6chte mich ganz herzlich bei Ihnen f\u00fcr das grandiose Event bedanken. Die Vielzahl an spannenden Vortr\u00e4gen \u2013 oft fiel die Entscheidung schwer, welchen man besuchen sollte \u2013 sowie die innovativen Aussteller mit ihren neuesten Technologien haben die Veranstaltung zu einem echten Highlight gemacht. Es war inspirierend zu sehen, wie viele zukunftsweisende Ideen und L\u00f6sungen pr\u00e4sentiert wurden. Vielen Dank f\u00fcr die hervorragende Organisation und die angenehme Atmosph\u00e4re. Ich freue mich schon jetzt auf zuk\u00fcnftige Veranstaltungen!<\/p>\n<p>[\/et_pb_testimonial][et_pb_testimonial author=&#8220;Angus McDonald&#8220; job_title=&#8220;Co-Founder &#038; Director&#8220; company_name=&#8220;A&#038;S International Ltd&#8220; quote_icon_color=&#8220;#00696E&#8220; _builder_version=&#8220;4.18.1&#8243; _module_preset=&#8220;default&#8220; body_font=&#8220;||on||||||&#8220; global_colors_info=&#8220;{}&#8220; theme_builder_area=&#8220;post_content&#8220;]<\/p>\n<p><span>Heartfelt congratulations and gratitude to<\/span><span class=\"white-space-pre\"> Petra Bots, R\u00fcdiger Krethe<\/span><span>\u00a0and the entire<\/span><span class=\"white-space-pre\"> OilDoc-T<\/span><span>eam for orchestrating another successful conference!<\/span><\/p>\n<p>[\/et_pb_testimonial][\/et_pb_column][et_pb_column type=&#8220;1_2&#8243; _builder_version=&#8220;4.18.1&#8243; _module_preset=&#8220;default&#8220; global_colors_info=&#8220;{}&#8220; theme_builder_area=&#8220;post_content&#8220;][et_pb_image _builder_version=&#8220;4.18.1&#8243; _module_preset=&#8220;default&#8220; theme_builder_area=&#8220;post_content&#8220; alt=&#8220;OilDoc Konferenz &#8211; Artikel im Oberbayerischen Volksblatt (OVB) &#8211; Juni 2025&#8243; title_text=&#8220;Artikel-OVB_OD-Konferenz&#8220; src=&#8220;https:\/\/conference.oildoc.com\/wp-content\/uploads\/Artikel-OVB_OD-Konferenz.png&#8220; hover_enabled=&#8220;0&#8243; sticky_enabled=&#8220;0&#8243;][\/et_pb_image][et_pb_text _builder_version=&#8220;4.18.1&#8243; _module_preset=&#8220;default&#8220; global_colors_info=&#8220;{}&#8220; theme_builder_area=&#8220;post_content&#8220;]<\/p>\n<h2 dir=\"auto\">Unser Dankesch\u00f6n<\/h2>\n<p dir=\"auto\">Ein herzliches Dankesch\u00f6n gilt allen <strong>Referenten, Ausstellern und dem Organisationsteam<\/strong> f\u00fcr ihr gro\u00dfes Engagement. Besonders danken wir nat\u00fcrlich auch <strong>allen Besuchern<\/strong>, die mit ihrer Teilnahme und ihrem Interesse zum Gelingen der Veranstaltung beigetragen haben.<\/p>\n<p dir=\"auto\"><strong> Gemeinsam haben wir die OilDoc Konferenz 2025 zu einem inspirierenden Branchentreff gemacht.<\/strong><\/p>\n<p>[\/et_pb_text][\/et_pb_column][\/et_pb_row][et_pb_row _builder_version=&#8220;4.18.1&#8243; _module_preset=&#8220;default&#8220; global_colors_info=&#8220;{}&#8220; theme_builder_area=&#8220;post_content&#8220;][et_pb_column type=&#8220;4_4&#8243; _builder_version=&#8220;4.18.1&#8243; _module_preset=&#8220;default&#8220; global_colors_info=&#8220;{}&#8220; theme_builder_area=&#8220;post_content&#8220;][et_pb_divider _builder_version=&#8220;4.18.1&#8243; _module_preset=&#8220;default&#8220; global_colors_info=&#8220;{}&#8220; theme_builder_area=&#8220;post_content&#8220;][\/et_pb_divider][et_pb_text _builder_version=&#8220;4.18.1&#8243; _module_preset=&#8220;default&#8220; global_colors_info=&#8220;{}&#8220; theme_builder_area=&#8220;post_content&#8220;]<\/p>\n<h2>Impressionen der OilDoc Konferenz 2025<\/h2>\n<p>[\/et_pb_text][\/et_pb_column][\/et_pb_row][et_pb_row _builder_version=&#8220;4.18.1&#8243; _module_preset=&#8220;default&#8220; global_colors_info=&#8220;{}&#8220; theme_builder_area=&#8220;post_content&#8220;][et_pb_column type=&#8220;4_4&#8243; _builder_version=&#8220;4.18.1&#8243; _module_preset=&#8220;default&#8220; global_colors_info=&#8220;{}&#8220; theme_builder_area=&#8220;post_content&#8220;][et_pb_gallery gallery_ids=&#8220;5283,5285,5287,5289,5291,5293,5295,5297,5299,5301,5303,5305,5307,5309,5311,5313,5315,5317,5319,5321,5323,5325,5327,5329,5331,5333,5335,5337,5339,5341,5343,5345,5347,5349,5351,5353,5355,5359,5363,5365,5367,5369,5371,5373,5377,5379,5381,5383,5385,5387,5389,5391,5393,5395,5397,5399,5401,5403,5405,5407,5409,5411,5413,5415&#8243; posts_number=&#8220;70&#8243; show_title_and_caption=&#8220;off&#8220; show_pagination=&#8220;off&#8220; _builder_version=&#8220;4.18.1&#8243; _module_preset=&#8220;default&#8220; background_enable_image=&#8220;off&#8220; background_blend=&#8220;overlay&#8220; border_radii_image=&#8220;on|5px|5px|5px|5px&#8220; border_width_all_image=&#8220;1px&#8220; border_color_all_image=&#8220;#00696E&#8220; global_colors_info=&#8220;{}&#8220; theme_builder_area=&#8220;post_content&#8220;][\/et_pb_gallery][\/et_pb_column][\/et_pb_row][et_pb_row _builder_version=&#8220;4.18.1&#8243; _module_preset=&#8220;default&#8220; global_colors_info=&#8220;{}&#8220; theme_builder_area=&#8220;post_content&#8220;][et_pb_column type=&#8220;4_4&#8243; _builder_version=&#8220;4.18.1&#8243; _module_preset=&#8220;default&#8220; global_colors_info=&#8220;{}&#8220; theme_builder_area=&#8220;post_content&#8220;][et_pb_divider _builder_version=&#8220;4.18.1&#8243; _module_preset=&#8220;default&#8220; global_colors_info=&#8220;{}&#8220; theme_builder_area=&#8220;post_content&#8220;][\/et_pb_divider][\/et_pb_column][\/et_pb_row][et_pb_row column_structure=&#8220;1_5,3_5,1_5&#8243; _builder_version=&#8220;4.18.1&#8243; _module_preset=&#8220;default&#8220; module_alignment=&#8220;center&#8220; global_colors_info=&#8220;{}&#8220; theme_builder_area=&#8220;post_content&#8220;][et_pb_column type=&#8220;1_5&#8243; _builder_version=&#8220;4.18.1&#8243; _module_preset=&#8220;default&#8220; global_colors_info=&#8220;{}&#8220; theme_builder_area=&#8220;post_content&#8220;][\/et_pb_column][et_pb_column type=&#8220;3_5&#8243; _builder_version=&#8220;4.18.1&#8243; _module_preset=&#8220;default&#8220; global_colors_info=&#8220;{}&#8220; theme_builder_area=&#8220;post_content&#8220;][et_pb_image src=&#8220;https:\/\/conference.oildoc.com\/wp-content\/uploads\/Screenshot-2025-05-21-115826.png&#8220; title_text=&#8220;Screenshot 2025-05-21 115826&#8243; _builder_version=&#8220;4.18.1&#8243; _module_preset=&#8220;default&#8220; width=&#8220;100%&#8220; global_colors_info=&#8220;{}&#8220; theme_builder_area=&#8220;post_content&#8220;][\/et_pb_image][\/et_pb_column][et_pb_column type=&#8220;1_5&#8243; _builder_version=&#8220;4.18.1&#8243; _module_preset=&#8220;default&#8220; global_colors_info=&#8220;{}&#8220; theme_builder_area=&#8220;post_content&#8220;][\/et_pb_column][\/et_pb_row][\/et_pb_section]<\/p>\n","protected":false},"excerpt":{"rendered":"<p>R\u00fcckblick auf die OilDoc Konferenz 2025 Die OilDoc Konferenz 2025 war ein voller Erfolg. \u00dcber drei spannende Tage hinweg pr\u00e4sentierten mehr als 70 Fach-Vortr\u00e4ge neueste Erkenntnisse und Innovationen aus der Welt der Schmierstoffe, Tribologie und Fluidtechnik. Fachleute aus Industrie, Forschung und Entwicklung kamen zusammen, um sich auszutauschen, zu netzwerken und gemeinsam die Zukunft der Branche [&hellip;]<\/p>\n","protected":false},"author":6,"featured_media":0,"parent":0,"menu_order":0,"comment_status":"closed","ping_status":"closed","template":"","meta":{"_et_pb_use_builder":"on","_et_pb_old_content":"","_et_gb_content_width":"","footnotes":""},"class_list":["post-5278","page","type-page","status-publish","hentry"],"_links":{"self":[{"href":"https:\/\/conference.oildoc.com\/de\/wp-json\/wp\/v2\/pages\/5278","targetHints":{"allow":["GET"]}}],"collection":[{"href":"https:\/\/conference.oildoc.com\/de\/wp-json\/wp\/v2\/pages"}],"about":[{"href":"https:\/\/conference.oildoc.com\/de\/wp-json\/wp\/v2\/types\/page"}],"author":[{"embeddable":true,"href":"https:\/\/conference.oildoc.com\/de\/wp-json\/wp\/v2\/users\/6"}],"replies":[{"embeddable":true,"href":"https:\/\/conference.oildoc.com\/de\/wp-json\/wp\/v2\/comments?post=5278"}],"version-history":[{"count":10,"href":"https:\/\/conference.oildoc.com\/de\/wp-json\/wp\/v2\/pages\/5278\/revisions"}],"predecessor-version":[{"id":5595,"href":"https:\/\/conference.oildoc.com\/de\/wp-json\/wp\/v2\/pages\/5278\/revisions\/5595"}],"wp:attachment":[{"href":"https:\/\/conference.oildoc.com\/de\/wp-json\/wp\/v2\/media?parent=5278"}],"curies":[{"name":"wp","href":"https:\/\/api.w.org\/{rel}","templated":true}]}}