{"id":57,"date":"2021-08-24T12:55:23","date_gmt":"2021-08-24T10:55:23","guid":{"rendered":"https:\/\/conference.oildoc.com\/?page_id=57"},"modified":"2026-04-28T08:41:16","modified_gmt":"2026-04-28T06:41:16","slug":"oelcheck-laborfuehrung","status":"publish","type":"page","link":"https:\/\/conference.oildoc.com\/de\/fuer-besucher\/oelcheck-laborfuehrung\/","title":{"rendered":"OELCHECK Laborf\u00fchrung"},"content":{"rendered":"<p>[et_pb_section fb_built=&#8220;1&#8243; _builder_version=&#8220;4.16&#8243; _module_preset=&#8220;default&#8220; custom_padding=&#8220;0px||||false|false&#8220; global_colors_info=&#8220;{}&#8220; theme_builder_area=&#8220;post_content&#8220;][et_pb_row _builder_version=&#8220;4.16&#8243; _module_preset=&#8220;default&#8220; max_width=&#8220;2560px&#8220; custom_padding=&#8220;0px||0px||false|true&#8220; global_colors_info=&#8220;{}&#8220; theme_builder_area=&#8220;post_content&#8220;][et_pb_column type=&#8220;4_4&#8243; _builder_version=&#8220;4.16&#8243; _module_preset=&#8220;default&#8220; global_colors_info=&#8220;{}&#8220; theme_builder_area=&#8220;post_content&#8220;][et_pb_image src=&#8220;https:\/\/conference.oildoc.com\/wp-content\/uploads\/Laborfuehrung-1080x400px.png&#8220; title_text=&#8220;Laborf\u00fchrung-1080x400px&#8220; force_fullwidth=&#8220;on&#8220; _builder_version=&#8220;4.27.6&#8243; _module_preset=&#8220;default&#8220; hover_enabled=&#8220;0&#8243; global_colors_info=&#8220;{}&#8220; theme_builder_area=&#8220;post_content&#8220; sticky_enabled=&#8220;0&#8243;][\/et_pb_image][\/et_pb_column][\/et_pb_row][et_pb_row _builder_version=&#8220;4.16&#8243; _module_preset=&#8220;default&#8220; global_colors_info=&#8220;{}&#8220; theme_builder_area=&#8220;post_content&#8220;][et_pb_column type=&#8220;4_4&#8243; _builder_version=&#8220;4.16&#8243; _module_preset=&#8220;default&#8220; global_colors_info=&#8220;{}&#8220; theme_builder_area=&#8220;post_content&#8220;][et_pb_text _builder_version=&#8220;4.16&#8243; _module_preset=&#8220;default&#8220; global_colors_info=&#8220;{}&#8220; theme_builder_area=&#8220;post_content&#8220;]<\/p>\n<h1>OELCHECK Laborf\u00fchrung<\/h1>\n<p>[\/et_pb_text][et_pb_text content_tablet=&#8220;<\/p>\n<p><img src=%22https:\/\/conference.oildoc.com\/wp-content\/uploads\/laborcompose-600x360.jpg%22 width=%22600%22 height=%22360%22 alt=%22%22 class=%22wp-image-2106 aligncenter size-medium%22 \/><\/p>\n<p>OELCHECK ist das f\u00fchrende Labor f\u00fcr Schmierstoff-Analysen im deutschsprachigen Raum. Es ist ausger\u00fcstet mit den modernsten Ger\u00e4ten der Analysentechnik. Viele Testgr\u00e4te wurden gemeinsam mit den Herstellern entwickelt und auf die besonderen Anforderungen bei der Untersuchung von Schmierstoffen ausgerichtet. Ein routiniertes Team von Chemikern und Laboranten bedient die Vielzahl unterschiedlicher Analyseger\u00e4te und untersucht t\u00e4glich \u00fcber 1.200 Schmierstoffproben.<\/p>\n<p>Wir laden Sie ein, dass hochmoderne OELCHECK-Labor am 19. November 2021 zu besichtigen.<\/p>\n<p>Die Laborf\u00fchrungen werden in Deutsch und Englisch angeboten.<\/p>\n<p%22>Wir freuen uns auf Ihren Besuch!<\/p>\n<p>&#8220; content_phone=&#8220;&#8220; content_last_edited=&#8220;on|tablet&#8220; _builder_version=&#8220;4.27.6&#8243; _module_preset=&#8220;default&#8220; hover_enabled=&#8220;0&#8243; global_colors_info=&#8220;{}&#8220; theme_builder_area=&#8220;post_content&#8220; sticky_enabled=&#8220;0&#8243;]<\/p>\n<p>OELCHECK ist das f\u00fchrende Labor f\u00fcr Schmierstoff-Analysen im deutschsprachigen Raum. Es ist ausger\u00fcstet mit den modernsten Ger\u00e4ten der Analysentechnik. Viele Testgr\u00e4te wurden gemeinsam mit den Herstellern entwickelt und auf die besonderen Anforderungen bei der Untersuchung von Schmierstoffen ausgerichtet. Ein routiniertes Team von Chemikern und Laboranten bedient die Vielzahl unterschiedlicher Analyseger\u00e4te und untersucht t\u00e4glich \u00fcber 1.200 Schmierstoffproben.<\/p>\n<p>Wir laden Sie ein, dass hochmoderne OELCHECK-Labor am <strong>17. Juni 2027<\/strong> zu besichtigen.<\/p>\n<p>Die Laborf\u00fchrungen werden in Deutsch und Englisch angeboten.<\/p>\n<p>Wir freuen uns auf Ihren Besuch!<\/p>\n<p>[\/et_pb_text][\/et_pb_column][\/et_pb_row][et_pb_row _builder_version=&#8220;4.27.6&#8243; _module_preset=&#8220;default&#8220; theme_builder_area=&#8220;post_content&#8220; column_structure=&#8220;1_4,1_4,1_4,1_4&#8243;][et_pb_column _builder_version=&#8220;4.27.6&#8243; _module_preset=&#8220;default&#8220; type=&#8220;1_4&#8243; theme_builder_area=&#8220;post_content&#8220;][et_pb_image _builder_version=&#8220;4.27.6&#8243; _module_preset=&#8220;default&#8220; theme_builder_area=&#8220;post_content&#8220; title_text=&#8220;OilDoc Konferenz 2025_Laborf\u00fchrung&#8220; src=&#8220;https:\/\/conference.oildoc.com\/wp-content\/uploads\/63_IMG_4883-web.jpg&#8220; hover_enabled=&#8220;0&#8243; sticky_enabled=&#8220;0&#8243;][\/et_pb_image][\/et_pb_column][et_pb_column _builder_version=&#8220;4.27.6&#8243; _module_preset=&#8220;default&#8220; type=&#8220;1_4&#8243; theme_builder_area=&#8220;post_content&#8220;][et_pb_image _builder_version=&#8220;4.27.6&#8243; _module_preset=&#8220;default&#8220; theme_builder_area=&#8220;post_content&#8220; title_text=&#8220;OilDoc Konferenz 2025_Laborf\u00fchrung&#8220; src=&#8220;https:\/\/conference.oildoc.com\/wp-content\/uploads\/62_IMG_4868-web.jpg&#8220; hover_enabled=&#8220;0&#8243; sticky_enabled=&#8220;0&#8243;][\/et_pb_image][\/et_pb_column][et_pb_column _builder_version=&#8220;4.27.6&#8243; _module_preset=&#8220;default&#8220; type=&#8220;1_4&#8243; theme_builder_area=&#8220;post_content&#8220;][et_pb_image _builder_version=&#8220;4.27.6&#8243; _module_preset=&#8220;default&#8220; theme_builder_area=&#8220;post_content&#8220; title_text=&#8220;OilDoc Konferenz 2025_Laborf\u00fchrung&#8220; src=&#8220;https:\/\/conference.oildoc.com\/wp-content\/uploads\/59_IMG_4792-web.jpg&#8220; hover_enabled=&#8220;0&#8243; sticky_enabled=&#8220;0&#8243;][\/et_pb_image][\/et_pb_column][et_pb_column _builder_version=&#8220;4.27.6&#8243; _module_preset=&#8220;default&#8220; type=&#8220;1_4&#8243; theme_builder_area=&#8220;post_content&#8220;][et_pb_image _builder_version=&#8220;4.27.6&#8243; _module_preset=&#8220;default&#8220; theme_builder_area=&#8220;post_content&#8220; title_text=&#8220;OELCHECK Laboratory&#8220; src=&#8220;https:\/\/conference.oildoc.com\/wp-content\/uploads\/DSC04881-scaled.jpg&#8220; alt=&#8220;OELCHECK Laboratory&#8220; hover_enabled=&#8220;0&#8243; sticky_enabled=&#8220;0&#8243;][\/et_pb_image][\/et_pb_column][\/et_pb_row][\/et_pb_section][et_pb_section fb_built=&#8220;1&#8243; _builder_version=&#8220;4.16&#8243; _module_preset=&#8220;default&#8220; background_color=&#8220;#E5E5E5&#8243; custom_padding=&#8220;2em||0px||false|false&#8220; global_colors_info=&#8220;{}&#8220; theme_builder_area=&#8220;post_content&#8220;][et_pb_row column_structure=&#8220;3_5,2_5&#8243; make_equal=&#8220;on&#8220; _builder_version=&#8220;4.16&#8243; _module_preset=&#8220;default&#8220; background_color=&#8220;RGBA(0,0,0,0)&#8220; background_enable_image=&#8220;off&#8220; background_size=&#8220;contain&#8220; background_position=&#8220;bottom_right&#8220; width=&#8220;50%&#8220; width_tablet=&#8220;100%&#8220; width_phone=&#8220;&#8220; width_last_edited=&#8220;on|desktop&#8220; custom_padding=&#8220;||0px||false|true&#8220; global_colors_info=&#8220;{}&#8220; theme_builder_area=&#8220;post_content&#8220;][et_pb_column type=&#8220;3_5&#8243; _builder_version=&#8220;4.16&#8243; _module_preset=&#8220;default&#8220; custom_padding=&#8220;||2em||false|false&#8220; global_colors_info=&#8220;{}&#8220; theme_builder_area=&#8220;post_content&#8220;][et_pb_blurb title=&#8220;Anmeldung erforderlich!&#8220; use_icon=&#8220;on&#8220; font_icon=&#8220;&#x73;||divi||400&#8243; icon_placement=&#8220;top&#8220; _builder_version=&#8220;4.27.6&#8243; _module_preset=&#8220;3948cc4b-e96e-40d3-8969-f6cdfe152e44&#8243; header_level=&#8220;h3&#8243; background_color=&#8220;RGBA(0,0,0,0)&#8220; custom_padding=&#8220;0em||0em|40px|true|false&#8220; hover_enabled=&#8220;0&#8243; global_colors_info=&#8220;{}&#8220; theme_builder_area=&#8220;post_content&#8220; sticky_enabled=&#8220;0&#8243;]<\/p>\n<p><span>Um die Planung f\u00fcr Tag 3 besser koordinieren zu k\u00f6nnen, melden Sie sich bitte vorab f\u00fcr die Laborf\u00fchrung an, indem Sie <strong>im Bestellprozess Option 1<\/strong> w\u00e4hlen.<\/span><\/p>\n<p><span>Ihre Auswahl wird Ihrem Ticket hinzugef\u00fcgt \u2013 Sie k\u00f6nnen die gew\u00e4hlte Option f\u00fcr Tag 3\u00a0 in der Event-App bis zum Beginn der Konferenz noch \u00e4ndern.<\/span><\/p>\n<p>[\/et_pb_blurb][et_pb_button _builder_version=&#8220;4.27.6&#8243; _module_preset=&#8220;default&#8220; theme_builder_area=&#8220;post_content&#8220; button_text=&#8220;Jetzt Ticket sichern und Option f\u00fcr Tag 3 w\u00e4hlen&#8220; button_url=&#8220;https:\/\/register.oildoc.com\/s\/oildoc\/oildoc-conference-and-exhibition-2027\/payment?locale=en&#8220; url_new_window=&#8220;on&#8220; hover_enabled=&#8220;0&#8243; sticky_enabled=&#8220;0&#8243; button_alignment=&#8220;center&#8220;][\/et_pb_button][\/et_pb_column][et_pb_column type=&#8220;2_5&#8243; _builder_version=&#8220;4.16&#8243; _module_preset=&#8220;default&#8220; global_colors_info=&#8220;{}&#8220; theme_builder_area=&#8220;post_content&#8220;][et_pb_text disabled_on=&#8220;on|off|off&#8220; _builder_version=&#8220;4.11.3&#8243; _module_preset=&#8220;default&#8220; background_image=&#8220;https:\/\/conference.oildoc.com\/wp-content\/uploads\/smartphone-app.png&#8220; background_size=&#8220;contain&#8220; min_height=&#8220;100%&#8220; custom_margin=&#8220;0px|0px|0px|0px|false|false&#8220; custom_padding=&#8220;0px|0px|0px|0px|false|false&#8220; link_option_url=&#8220;https:\/\/eventmobi.com\/oildoc\/&#8220; link_option_url_new_window=&#8220;on&#8220; hover_enabled=&#8220;0&#8243; global_module=&#8220;2289&#8243; global_colors_info=&#8220;{}&#8220; theme_builder_area=&#8220;post_content&#8220; sticky_enabled=&#8220;0&#8243;][\/et_pb_text][\/et_pb_column][\/et_pb_row][\/et_pb_section]<\/p>\n","protected":false},"excerpt":{"rendered":"<p>OELCHECK Laborf\u00fchrungOELCHECK ist das f\u00fchrende Labor f\u00fcr Schmierstoff-Analysen im deutschsprachigen Raum. Es ist ausger\u00fcstet mit den modernsten Ger\u00e4ten der Analysentechnik. Viele Testgr\u00e4te wurden gemeinsam mit den Herstellern entwickelt und auf die besonderen Anforderungen bei der Untersuchung von Schmierstoffen ausgerichtet. Ein routiniertes Team von Chemikern und Laboranten bedient die Vielzahl unterschiedlicher Analyseger\u00e4te und untersucht t\u00e4glich \u00fcber [&hellip;]<\/p>\n","protected":false},"author":1,"featured_media":0,"parent":48,"menu_order":40,"comment_status":"closed","ping_status":"closed","template":"","meta":{"_et_pb_use_builder":"on","_et_pb_old_content":"<!-- wp:divi\/placeholder \/-->","_et_gb_content_width":"","footnotes":""},"class_list":["post-57","page","type-page","status-publish","hentry"],"_links":{"self":[{"href":"https:\/\/conference.oildoc.com\/de\/wp-json\/wp\/v2\/pages\/57","targetHints":{"allow":["GET"]}}],"collection":[{"href":"https:\/\/conference.oildoc.com\/de\/wp-json\/wp\/v2\/pages"}],"about":[{"href":"https:\/\/conference.oildoc.com\/de\/wp-json\/wp\/v2\/types\/page"}],"author":[{"embeddable":true,"href":"https:\/\/conference.oildoc.com\/de\/wp-json\/wp\/v2\/users\/1"}],"replies":[{"embeddable":true,"href":"https:\/\/conference.oildoc.com\/de\/wp-json\/wp\/v2\/comments?post=57"}],"version-history":[{"count":9,"href":"https:\/\/conference.oildoc.com\/de\/wp-json\/wp\/v2\/pages\/57\/revisions"}],"predecessor-version":[{"id":6410,"href":"https:\/\/conference.oildoc.com\/de\/wp-json\/wp\/v2\/pages\/57\/revisions\/6410"}],"up":[{"embeddable":true,"href":"https:\/\/conference.oildoc.com\/de\/wp-json\/wp\/v2\/pages\/48"}],"wp:attachment":[{"href":"https:\/\/conference.oildoc.com\/de\/wp-json\/wp\/v2\/media?parent=57"}],"curies":[{"name":"wp","href":"https:\/\/api.w.org\/{rel}","templated":true}]}}