{"id":59,"date":"2021-08-24T12:55:50","date_gmt":"2021-08-24T10:55:50","guid":{"rendered":"https:\/\/conference.oildoc.com\/?page_id=59"},"modified":"2025-11-27T13:24:50","modified_gmt":"2025-11-27T12:24:50","slug":"veranstaltungsort-anreise","status":"publish","type":"page","link":"https:\/\/conference.oildoc.com\/de\/fuer-besucher\/veranstaltungsort-anreise\/","title":{"rendered":"Veranstaltungsort \/ Anreise"},"content":{"rendered":"<p>[et_pb_section fb_built=&#8220;1&#8243; _builder_version=&#8220;4.16&#8243; _module_preset=&#8220;default&#8220; custom_padding=&#8220;0px||0px||true|false&#8220; global_colors_info=&#8220;{}&#8220; theme_builder_area=&#8220;post_content&#8220;][et_pb_row _builder_version=&#8220;4.16&#8243; _module_preset=&#8220;default&#8220; max_width=&#8220;2560px&#8220; custom_padding=&#8220;0px||0px||true|true&#8220; custom_padding_tablet=&#8220;|0em||0em|false|true&#8220; global_colors_info=&#8220;{}&#8220; theme_builder_area=&#8220;post_content&#8220;][et_pb_column type=&#8220;4_4&#8243; _builder_version=&#8220;4.16&#8243; _module_preset=&#8220;default&#8220; global_colors_info=&#8220;{}&#8220; theme_builder_area=&#8220;post_content&#8220;][et_pb_code _builder_version=&#8220;4.16&#8243; _module_preset=&#8220;default&#8220; global_colors_info=&#8220;{}&#8220; theme_builder_area=&#8220;post_content&#8220;] <\/p>\n<div class=\"brlbs-cmpnt-container brlbs-cmpnt-content-blocker brlbs-cmpnt-with-individual-styles\" data-borlabs-cookie-content-blocker-id=\"google-maps\" data-borlabs-cookie-content=\"PGlmcmFtZSBzcmM9Imh0dHBzOi8vd3d3Lmdvb2dsZS5jb20vbWFwcy9lbWJlZD9wYj0hMW0xOCExbTEyITFtMyExZDQyODM3LjI3NDM4MjI2MDM4ITJkMTIuMDg5Njk1NDE3MjcwODMhM2Q0Ny44NTI1Nzg2NDcwMzc0OCEybTMhMWYwITJmMCEzZjAhM20yITFpMTAyNCEyaTc2OCE0ZjEzLjEhM20zITFtMiExczB4NDc3NjFhMzZkZmZkMDY0ZCUzQTB4ZGU2MWU3MWI4OTkwYzJmOCEyc0t1bHR1ciUyQktvbmdyZXNzJTIwWmVudHJ1bSUyMFJvc2VuaGVpbSUyMEtVJ0tPITVlMCEzbTIhMXNkZSEyc2RlITR2MTU3MzI5MDM4NjMzNCE1bTIhMXNkZSEyc2RlIiB3aWR0aD0iMTAwJSIgaGVpZ2h0PSI1MDAiIGZyYW1lYm9yZGVyPSIwIiBzdHlsZT0iYm9yZGVyOjA7IiBhbGxvd2Z1bGxzY3JlZW49IiI+PC9pZnJhbWU+\">\n<div class=\"brlbs-cmpnt-cb-preset-b brlbs-cmpnt-cb-google-maps\">\n<div class=\"brlbs-cmpnt-cb-thumbnail\" style=\"background-image: url('https:\/\/conference.oildoc.com\/wp-content\/uploads\/borlabs-cookie\/1\/brlbs-cb-google-maps-main.png')\"><\/div>\n<div class=\"brlbs-cmpnt-cb-main\">\n<div class=\"brlbs-cmpnt-cb-content\">\n<p class=\"brlbs-cmpnt-cb-description\">Sie sehen gerade einen Platzhalterinhalt von <strong>Google Maps<\/strong>. Um auf den eigentlichen Inhalt zuzugreifen, klicken Sie auf die Schaltfl\u00e4che unten. Bitte beachten Sie, dass dabei Daten an Drittanbieter weitergegeben werden.<\/p>\n<p> <a class=\"brlbs-cmpnt-cb-provider-toggle\" href=\"#\" data-borlabs-cookie-show-provider-information role=\"button\">Mehr Informationen<\/a> <\/div>\n<div class=\"brlbs-cmpnt-cb-buttons\"> <a class=\"brlbs-cmpnt-cb-btn\" href=\"#\" data-borlabs-cookie-unblock role=\"button\">Inhalt entsperren<\/a> <a class=\"brlbs-cmpnt-cb-btn\" href=\"#\" data-borlabs-cookie-accept-service role=\"button\" style=\"display: inherit\">Erforderlichen Service akzeptieren und Inhalte entsperren<\/a> <\/div>\n<\/p><\/div>\n<\/p><\/div>\n<\/div>\n<p>[\/et_pb_code][\/et_pb_column][\/et_pb_row][\/et_pb_section][et_pb_section fb_built=&#8220;1&#8243; _builder_version=&#8220;4.16&#8243; _module_preset=&#8220;default&#8220; global_colors_info=&#8220;{}&#8220; theme_builder_area=&#8220;post_content&#8220;][et_pb_row _builder_version=&#8220;4.16&#8243; _module_preset=&#8220;default&#8220; global_colors_info=&#8220;{}&#8220; theme_builder_area=&#8220;post_content&#8220;][et_pb_column type=&#8220;4_4&#8243; _builder_version=&#8220;4.16&#8243; _module_preset=&#8220;default&#8220; global_colors_info=&#8220;{}&#8220; theme_builder_area=&#8220;post_content&#8220;][et_pb_text _builder_version=&#8220;4.16&#8243; _module_preset=&#8220;default&#8220; global_colors_info=&#8220;{}&#8220; theme_builder_area=&#8220;post_content&#8220;]<\/p>\n<h1>Veranstaltungsort<\/h1>\n<p>[\/et_pb_text][\/et_pb_column][\/et_pb_row][et_pb_row column_structure=&#8220;1_2,1_2&#8243; _builder_version=&#8220;4.16&#8243; _module_preset=&#8220;default&#8220; global_colors_info=&#8220;{}&#8220; theme_builder_area=&#8220;post_content&#8220;][et_pb_column type=&#8220;1_2&#8243; _builder_version=&#8220;4.16&#8243; _module_preset=&#8220;default&#8220; global_colors_info=&#8220;{}&#8220; theme_builder_area=&#8220;post_content&#8220;][et_pb_text _builder_version=&#8220;4.16&#8243; _module_preset=&#8220;default&#8220; global_colors_info=&#8220;{}&#8220; theme_builder_area=&#8220;post_content&#8220;]<\/p>\n<p><span>Das\u00a0<\/span><a href=\"http:\/\/www.kuko.de\/\" target=\"_blank\" class=\"external-link-new-window\" rel=\"noopener\">Kultur- und Kongresszentrum Rosenheim<\/a><span>\u00a0ist eine der ersten Adressen in Deutschland f\u00fcr Symposien und Messen. 2008 wurde das KU&#8217;KO mit dem EVVC Award als Bestes Europ\u00e4isches Kongresszentrum ausgezeichnet. Lichtdurchflutete Foyers, gro\u00dfz\u00fcgige R\u00e4ume, modernste Pr\u00e4sentationstechnik und eine gehobene Gastronomie erwarten die Teilnehmer.<\/span><br \/><span>Das Geb\u00e4ude befindet sich mitten in Rosenheim, umrahmt von der Kulisse des Stadtparks.<\/span><\/p>\n<p>[\/et_pb_text][\/et_pb_column][et_pb_column type=&#8220;1_2&#8243; _builder_version=&#8220;4.16&#8243; _module_preset=&#8220;default&#8220; global_colors_info=&#8220;{}&#8220; theme_builder_area=&#8220;post_content&#8220;][et_pb_text _builder_version=&#8220;4.16&#8243; _module_preset=&#8220;default&#8220; global_colors_info=&#8220;{}&#8220; theme_builder_area=&#8220;post_content&#8220;]<\/p>\n<p><a href=\"http:\/\/www.touristinfo-rosenheim.de\/\" target=\"_blank\" class=\"external-link-new-window\" rel=\"noopener\">Rosenheim<\/a><span>\u00a0z\u00e4hlt zu den sch\u00f6nsten St\u00e4dten in Bayern.\u00a0Die Stadt\u00a0liegt verkehrsg\u00fcnstig genau zwischen M\u00fcnchen und Salzburg und hat auch touristisch jede Menge zu bieten.<\/span><\/p>\n<p>[\/et_pb_text][et_pb_button button_url=&#8220;https:\/\/conference.oildoc.com\/wp-content\/uploads\/places-to-go_2023_inkl_Restaurant.pdf&#8220; url_new_window=&#8220;on&#8220; button_text=&#8220;Download: Places to go and eat (in Rosenheim)&#8220; _builder_version=&#8220;4.27.4&#8243; _module_preset=&#8220;default&#8220; custom_button=&#8220;on&#8220; button_icon=&#8220;&#x24;||divi||400&#8243; button_icon_placement=&#8220;left&#8220; button_on_hover=&#8220;off&#8220; custom_padding=&#8220;|||35px|false|false&#8220; hover_enabled=&#8220;0&#8243; global_colors_info=&#8220;{}&#8220; theme_builder_area=&#8220;post_content&#8220; sticky_enabled=&#8220;0&#8243;][\/et_pb_button][et_pb_button button_url=&#8220;https:\/\/conference.oildoc.com\/wp-content\/uploads\/Anfahrt_KUKO.pdf&#8220; url_new_window=&#8220;on&#8220; button_text=&#8220;Download: Anfahrtsplan&#8220; _builder_version=&#8220;4.27.4&#8243; _module_preset=&#8220;default&#8220; custom_button=&#8220;on&#8220; button_icon=&#8220;&#x24;||divi||400&#8243; button_icon_placement=&#8220;left&#8220; button_on_hover=&#8220;off&#8220; custom_padding=&#8220;|||35px|false|false&#8220; hover_enabled=&#8220;0&#8243; global_colors_info=&#8220;{}&#8220; theme_builder_area=&#8220;post_content&#8220; sticky_enabled=&#8220;0&#8243;][\/et_pb_button][\/et_pb_column][\/et_pb_row][et_pb_row _builder_version=&#8220;4.16&#8243; _module_preset=&#8220;default&#8220; custom_padding=&#8220;||0px||false|true&#8220; global_colors_info=&#8220;{}&#8220; theme_builder_area=&#8220;post_content&#8220;][et_pb_column type=&#8220;4_4&#8243; _builder_version=&#8220;4.16&#8243; _module_preset=&#8220;default&#8220; global_colors_info=&#8220;{}&#8220; theme_builder_area=&#8220;post_content&#8220;][et_pb_divider divider_weight=&#8220;2px&#8220; _builder_version=&#8220;4.11.2&#8243; _module_preset=&#8220;default&#8220; max_width=&#8220;550px&#8220; module_alignment=&#8220;center&#8220; custom_margin=&#8220;||0.5em||false|false&#8220; custom_padding=&#8220;||||false|false&#8220; global_module=&#8220;462&#8243; saved_tabs=&#8220;all&#8220; global_colors_info=&#8220;{}&#8220; theme_builder_area=&#8220;post_content&#8220;][\/et_pb_divider][et_pb_text _builder_version=&#8220;4.16&#8243; _module_preset=&#8220;default&#8220; global_colors_info=&#8220;{}&#8220; theme_builder_area=&#8220;post_content&#8220;]<\/p>\n<h2 style=\"text-align: center;\">Anreise<\/h2>\n<p>[\/et_pb_text][\/et_pb_column][\/et_pb_row][et_pb_row column_structure=&#8220;1_2,1_2&#8243; _builder_version=&#8220;4.16&#8243; _module_preset=&#8220;default&#8220; global_colors_info=&#8220;{}&#8220; theme_builder_area=&#8220;post_content&#8220;][et_pb_column type=&#8220;1_2&#8243; _builder_version=&#8220;4.16&#8243; _module_preset=&#8220;default&#8220; global_colors_info=&#8220;{}&#8220; theme_builder_area=&#8220;post_content&#8220;][et_pb_blurb title=&#8220;Mit dem Auto&#8220; image=&#8220;https:\/\/conference.oildoc.com\/wp-content\/uploads\/icon-car.png&#8220; _builder_version=&#8220;4.16&#8243; _module_preset=&#8220;3948cc4b-e96e-40d3-8969-f6cdfe152e44&#8243; header_level=&#8220;h3&#8243; background_color=&#8220;#E5E5E5&#8243; border_color_all_image=&#8220;RGBA(0,0,0,0)&#8220; global_colors_info=&#8220;{}&#8220; theme_builder_area=&#8220;post_content&#8220;]<\/p>\n<p class=\"bodytext\">Das Kultur+Kongress Zentrum (KU&#8217;KO) liegt optimal an der Autobahnverbindung A8.<br \/>Der Weg ist ab der Ortstafel Rosenheim ausgeschildert.<\/p>\n<p class=\"bodytext\"><b>Adresse f\u00fcr&#8217;s Navi<\/b><br \/>Kufsteiner Str. 4<br \/>83022 Rosenheim<\/p>\n<p class=\"bodytext\"><b>Parken<\/b><br \/>Parken Sie in der KU&#8217;KO Tiefgarage P2 mit 140 Stellpl\u00e4tzen sowie im benachbarten Parkhaus P1 (Zentrum).<\/p>\n<p>[\/et_pb_blurb][et_pb_blurb title=&#8220;Wenn Sie mit der Bahn anreisen&#8220; image=&#8220;https:\/\/conference.oildoc.com\/wp-content\/uploads\/icon-train-1.png&#8220; _builder_version=&#8220;4.16&#8243; _module_preset=&#8220;3948cc4b-e96e-40d3-8969-f6cdfe152e44&#8243; header_level=&#8220;h3&#8243; global_colors_info=&#8220;{}&#8220; theme_builder_area=&#8220;post_content&#8220;]<\/p>\n<p class=\"bodytext\">Unser Tipp: Entspannt ankommen \u2013 nachhaltig reisen.<\/p>\n<p class=\"bodytext\">Buchen Sie jetzt bei\u00a0der<span>\u00a0<\/span><a href=\"https:\/\/www.deutschebahn.com\/de\" title=\"Deutsche Bahn\" target=\"_top\" class=\"external-link-new-window\" rel=\"noopener\">Deutschen Bahn<\/a>!<\/p>\n<p>[\/et_pb_blurb][\/et_pb_column][et_pb_column type=&#8220;1_2&#8243; _builder_version=&#8220;4.16&#8243; _module_preset=&#8220;default&#8220; global_colors_info=&#8220;{}&#8220; theme_builder_area=&#8220;post_content&#8220;][et_pb_blurb title=&#8220;Mit dem Flugzeug&#8220; image=&#8220;https:\/\/conference.oildoc.com\/wp-content\/uploads\/icon-plane.png&#8220; _builder_version=&#8220;4.16&#8243; _module_preset=&#8220;3948cc4b-e96e-40d3-8969-f6cdfe152e44&#8243; header_level=&#8220;h3&#8243; global_colors_info=&#8220;{}&#8220; theme_builder_area=&#8220;post_content&#8220;]<\/p>\n<p class=\"bodytext\">Der Flughafen M\u00fcnchen ist 98 km von Rosenheim entfernt, der Flughafen Salzburg 82 km. Die Fahrzeit mit dem Auto betr\u00e4gt jeweils etwa eine Stunde.<\/p>\n<h4 class=\"bodytext\"><span>Flughafen M\u00fcnchen<\/span><\/h4>\n<p class=\"bodytext\">Die S-Bahnlinie 8 f\u00e4hrt alle 20 Min. Richtung M\u00fcnchen-Ostbahnhof (Fahrtzeit: ca. 30 Min.). Die Weiterfahrt mit dem Zug Richtung Rosenheim dauert ebenfalls ca. 30 Min.<\/p>\n<h4 class=\"bodytext\"><span>Flughafen Salzburg<\/span><\/h4>\n<p class=\"bodytext\">Ab dem Flughafen Salzburg f\u00e4hrt die Buslinie 2 in 23 Min. zum Salzburger Hauptbahnhof. Die Weiterfahrt mit dem Zug (EuroCity) Richtung Rosenheim dauert ca. 1 Std.<\/p>\n<h4 class=\"bodytext\"><span>Flughafen Innsbruck<\/span><\/h4>\n<p class=\"bodytext\">Ab dem Flughafen Innsbruck f\u00e4hrt die Buslinie E &amp; F in 17 Min. zum Innsbrucker Hauptbahnhof. Die Weiterfahrt mit dem Zug (EuroCity) Richtung Rosenheim dauert ca. 1,5 Std.<\/p>\n<p class=\"bodytext\">Zugauskunft unter:<span>\u00a0<\/span><a href=\"http:\/\/www.bahn.de\/\" target=\"_blank\" rel=\"noopener\">www.bahn.de<\/a>.<\/p>\n<p class=\"bodytext\"><b>Sie haben die M\u00f6glichkeit, ein Airport-Shuttle zu buchen.<\/b><br \/>Folgende Shuttle-Services bieten faire Preise und\u00a0einen Online-Buchungsservice:<br \/><a href=\"https:\/\/www.flughafentransfer-ro.de\/flughafentransfer\/online-buchung\" target=\"_blank\" class=\"external-link-new-window\" rel=\"noopener\">Flughafentransfer Rosenheim<\/a>\u00a0(unsere erste Empfehlung)<br \/><a href=\"https:\/\/www.inn-taxi-rosenheim.de\/online-buchungsformulare\/\" target=\"_blank\" class=\"external-link-new-window\" rel=\"noopener\">Inn-Taxi<\/a><br \/><a href=\"http:\/\/taxi-edelweiss.de\/airport-taxibestellung\/\" target=\"_blank\" class=\"external-link-new-window\" rel=\"noopener\">Taxi Edelweiss<\/a><\/p>\n<p>[\/et_pb_blurb][\/et_pb_column][\/et_pb_row][\/et_pb_section]<\/p>\n","protected":false},"excerpt":{"rendered":"<p>VeranstaltungsortDas\u00a0Kultur- und Kongresszentrum Rosenheim\u00a0ist eine der ersten Adressen in Deutschland f\u00fcr Symposien und Messen. 2008 wurde das KU&#8217;KO mit dem EVVC Award als Bestes Europ\u00e4isches Kongresszentrum ausgezeichnet. Lichtdurchflutete Foyers, gro\u00dfz\u00fcgige R\u00e4ume, modernste Pr\u00e4sentationstechnik und eine gehobene Gastronomie erwarten die Teilnehmer.Das Geb\u00e4ude befindet sich mitten in Rosenheim, umrahmt von der Kulisse des Stadtparks.Rosenheim\u00a0z\u00e4hlt zu den sch\u00f6nsten [&hellip;]<\/p>\n","protected":false},"author":1,"featured_media":0,"parent":48,"menu_order":50,"comment_status":"closed","ping_status":"closed","template":"","meta":{"_et_pb_use_builder":"on","_et_pb_old_content":"<!-- wp:divi\/placeholder \/-->","_et_gb_content_width":"","footnotes":""},"class_list":["post-59","page","type-page","status-publish","hentry"],"_links":{"self":[{"href":"https:\/\/conference.oildoc.com\/de\/wp-json\/wp\/v2\/pages\/59","targetHints":{"allow":["GET"]}}],"collection":[{"href":"https:\/\/conference.oildoc.com\/de\/wp-json\/wp\/v2\/pages"}],"about":[{"href":"https:\/\/conference.oildoc.com\/de\/wp-json\/wp\/v2\/types\/page"}],"author":[{"embeddable":true,"href":"https:\/\/conference.oildoc.com\/de\/wp-json\/wp\/v2\/users\/1"}],"replies":[{"embeddable":true,"href":"https:\/\/conference.oildoc.com\/de\/wp-json\/wp\/v2\/comments?post=59"}],"version-history":[{"count":10,"href":"https:\/\/conference.oildoc.com\/de\/wp-json\/wp\/v2\/pages\/59\/revisions"}],"predecessor-version":[{"id":5796,"href":"https:\/\/conference.oildoc.com\/de\/wp-json\/wp\/v2\/pages\/59\/revisions\/5796"}],"up":[{"embeddable":true,"href":"https:\/\/conference.oildoc.com\/de\/wp-json\/wp\/v2\/pages\/48"}],"wp:attachment":[{"href":"https:\/\/conference.oildoc.com\/de\/wp-json\/wp\/v2\/media?parent=59"}],"curies":[{"name":"wp","href":"https:\/\/api.w.org\/{rel}","templated":true}]}}