{"id":69,"date":"2021-08-24T12:57:46","date_gmt":"2021-08-24T10:57:46","guid":{"rendered":"https:\/\/conference.oildoc.com\/?page_id=69"},"modified":"2026-03-31T11:27:49","modified_gmt":"2026-03-31T09:27:49","slug":"teilnahmebedingungen","status":"publish","type":"page","link":"https:\/\/conference.oildoc.com\/de\/fuer-besucher\/teilnahmebedingungen\/","title":{"rendered":"Teilnahmebedingungen"},"content":{"rendered":"<p>[et_pb_section fb_built=&#8220;1&#8243; _builder_version=&#8220;4.16&#8243; _module_preset=&#8220;default&#8220; global_colors_info=&#8220;{}&#8220; theme_builder_area=&#8220;post_content&#8220;][et_pb_row _builder_version=&#8220;4.16&#8243; _module_preset=&#8220;default&#8220; global_colors_info=&#8220;{}&#8220; theme_builder_area=&#8220;post_content&#8220;][et_pb_column type=&#8220;4_4&#8243; _builder_version=&#8220;4.16&#8243; _module_preset=&#8220;default&#8220; global_colors_info=&#8220;{}&#8220; theme_builder_area=&#8220;post_content&#8220;][et_pb_text _builder_version=&#8220;4.27.6&#8243; _module_preset=&#8220;default&#8220; global_colors_info=&#8220;{}&#8220; theme_builder_area=&#8220;post_content&#8220;]<\/p>\n<h1>Teilnahmebedingungen f\u00fcr Teilnehmer der OilDoc Konferenz 2027<\/h1>\n<h2>Neben den <span style=\"color: #ff0000;\"><a href=\"https:\/\/de.oildoc.com\/kontakt\/agb\/\" target=\"_blank\" rel=\"noopener\" style=\"color: #ff0000;\">AGBs der OilDoc GmbH<\/a><\/span> gelten f\u00fcr die OilDoc Konferenz folgende Teilnahmebedingungen.<\/h2>\n<p>&nbsp;<\/p>\n<h3>Registrierung &amp; Zahlung<\/h3>\n<p>Sie k\u00f6nnen sich online auf unserer Website <a href=\"https:\/\/register.oildoc.com\" target=\"_blank\" rel=\"noopener\">register.oildoc.com<\/a> registrieren.<br \/>M\u00f6glichkeiten der Bezahlung auf unserer Registierungs-Plattform: Paypal, Kreditkarte, Bankeinzug, Sofort\u00fcberweisung .<\/p>\n<p>Sollte in Ihrem Unternehmen nur eine Anmeldung &#8222;auf Rechnung&#8220; m\u00f6glich sein, senden Sie uns bitte Ihre Anmeldung per E-Mail an info@oildoc.com und teilen Sie uns dies mit. Folgende Angaben ben\u00f6tigen wir in Ihrer Anmeldung: Rechnungsadresse, E-Mail-Adresse, an die die Rechnung geschickt werden soll, Name des Teilnehmers, E-Mail-Adresse des Teilnehmers. Die Zahlungsfrist bei Anmeldung gegen Rechnung betr\u00e4gt 10 Tage.<\/p>\n<p>Die vollst\u00e4ndige Zahlung des Rechnungsbetrags ist Voraussetzung f\u00fcr den Zutritt zum Veranstaltungsgel\u00e4nde sowie den Zugriff auf die Konferenz-App.<\/p>\n<h3>R\u00fccktritt \/ Stornierung<\/h3>\n<table border=\"0\" style=\"width: auto; border-collapse: collapse; margin-bottom: 1.5em; cell-padding: 5px;\" cellpadding=\"5px\">\n<tbody>\n<tr>\n<th>Vor dem 31. Dezember 2026<\/th>\n<td>100% R\u00fcckerstattung des Rechnungsbetrages abz\u00fcglich 50 EUR &#8211; Verwaltungsgeb\u00fchr<\/td>\n<\/tr>\n<tr>\n<th>Vom 01. Januar 2027 bis 31. Mai 2027<\/th>\n<td>50% R\u00fcckerstattung des Rechnungsbetrages<\/td>\n<\/tr>\n<tr>\n<th>Nach dem 31. Mai 2027<\/th>\n<td>Keine R\u00fcckerstattung m\u00f6glich<\/td>\n<\/tr>\n<\/tbody>\n<\/table>\n<p>Diese Festlegungen\u00a0gelten\u00a0unabh\u00e4ngig vom\u00a0Grund f\u00fcr die Stornierung.<\/p>\n<p>Ein Ersatzteilnehmer kann jederzeit benannt werden.<\/p>\n<h3>H\u00f6here Gewalt<\/h3>\n<p>Wenn die OilDoc GmbH das Ereignis aufgrund h\u00f6herer Gewalt oder anderer Umst\u00e4nde, die au\u00dferhalb ihrer Kontrolle liegen, nicht durchf\u00fchren kann, kann OilDoc das Ereignis verschieben. Bereits bezahlte Teilnahmegeb\u00fchren werden auf Anfrage zur\u00fcckerstattet (abz\u00fcglich einer Bearbeitungsgeb\u00fchr von 50 \u20ac). OilDoc haftet nicht f\u00fcr weitergehende Sch\u00e4den und Nachteile f\u00fcr Teilnehmer, die sich aus der Absage der Veranstaltung ergeben. Muss die OilDoc GmbH das laufende Ereignis aufgrund h\u00f6herer Gewalt oder anderer Umst\u00e4nde, die au\u00dferhalb ihrer Kontrolle liegen, verschieben oder einschr\u00e4nken, kann der Teilnehmer keine R\u00fcckerstattung beantragen.<\/p>\n<h3>Wichtige Informationen zum Datenschutz<\/h3>\n<p>Mit der Anmeldung stimmen Sie zu, dass Ihre Daten (Vorname, Nachname, E-Mail-Adresse, Firma\/Organisation\/Institut, Land, Stadt) auf der Teilnehmerliste erscheinen d\u00fcrfen. Diese Liste wird w\u00e4hrend der Veranstaltung an alle Teilnehmer in gedruckter Form ausgegeben, jedoch nicht digital ver\u00f6ffentlicht oder per E-Mail weitergegeben.<\/p>\n<p>Au\u00dferdem werden Ihre Daten eine Woche vor der Veranstaltung in die OilDoc App geladen. Nach der Veranstaltung werden Sie wieder gel\u00f6scht.<\/p>\n<p><strong>Die Zustimmung zur Ver\u00f6ffentlichung k\u00f6nnen Sie jederzeit schriftlich unter\u00a0<a href=\"mailto:info@oildoc.com\" target=\"_blank\" rel=\"noopener\">info@oildoc.com<\/a>\u00a0widerrufen.<\/strong><\/p>\n<p>W\u00e4hrend der gesamten Veranstaltung werden Fotos aufgenommen. Mit der Anmeldung stimmen Sie zu, dass diese im Anschluss an die Veranstaltung ver\u00f6ffentlicht und von der OilDoc GmbH f\u00fcr Werbezwecke verwendet werden d\u00fcrfen.<\/p>\n<p>Ihr Tagungsort: KUKO Kultur- und Kongresszentrum, Kufsteiner Stra\u00dfe 4, 83022 Rosenheim (bei M\u00fcnchen), Deutschland.<\/p>\n<p><em>Stand: M\u00e4rz 2026<\/em><\/p>\n<p>[\/et_pb_text][\/et_pb_column][\/et_pb_row][et_pb_row _builder_version=&#8220;4.27.6&#8243; _module_preset=&#8220;default&#8220; global_colors_info=&#8220;{}&#8220; theme_builder_area=&#8220;post_content&#8220;][et_pb_column type=&#8220;4_4&#8243; _builder_version=&#8220;4.27.6&#8243; _module_preset=&#8220;default&#8220; global_colors_info=&#8220;{}&#8220; theme_builder_area=&#8220;post_content&#8220;][et_pb_button button_url=&#8220;https:\/\/conference.oildoc.com\/wp-content\/uploads\/AGB-OilDoc_Stand_0925.pdf&#8220; url_new_window=&#8220;on&#8220; button_text=&#8220;Allgemeine Gesch\u00e4ftsbedingungen der OilDoc GmbH&#8220; _builder_version=&#8220;4.27.6&#8243; _module_preset=&#8220;default&#8220; hover_enabled=&#8220;0&#8243; global_colors_info=&#8220;{}&#8220; theme_builder_area=&#8220;post_content&#8220; sticky_enabled=&#8220;0&#8243;][\/et_pb_button][\/et_pb_column][\/et_pb_row][\/et_pb_section]<\/p>\n","protected":false},"excerpt":{"rendered":"<p>Teilnahmebedingungen f\u00fcr Teilnehmer der OilDoc Konferenz 2027 Neben den AGBs der OilDoc GmbH gelten f\u00fcr die OilDoc Konferenz folgende Teilnahmebedingungen. &nbsp; Registrierung &amp; Zahlung Sie k\u00f6nnen sich online auf unserer Website register.oildoc.com registrieren.M\u00f6glichkeiten der Bezahlung auf unserer Registierungs-Plattform: Paypal, Kreditkarte, Bankeinzug, Sofort\u00fcberweisung . Sollte in Ihrem Unternehmen nur eine Anmeldung &#8222;auf Rechnung&#8220; m\u00f6glich sein, senden [&hellip;]<\/p>\n","protected":false},"author":1,"featured_media":0,"parent":48,"menu_order":100,"comment_status":"closed","ping_status":"closed","template":"","meta":{"_et_pb_use_builder":"on","_et_pb_old_content":"<!-- wp:divi\/placeholder \/-->","_et_gb_content_width":"","footnotes":""},"class_list":["post-69","page","type-page","status-publish","hentry"],"_links":{"self":[{"href":"https:\/\/conference.oildoc.com\/de\/wp-json\/wp\/v2\/pages\/69","targetHints":{"allow":["GET"]}}],"collection":[{"href":"https:\/\/conference.oildoc.com\/de\/wp-json\/wp\/v2\/pages"}],"about":[{"href":"https:\/\/conference.oildoc.com\/de\/wp-json\/wp\/v2\/types\/page"}],"author":[{"embeddable":true,"href":"https:\/\/conference.oildoc.com\/de\/wp-json\/wp\/v2\/users\/1"}],"replies":[{"embeddable":true,"href":"https:\/\/conference.oildoc.com\/de\/wp-json\/wp\/v2\/comments?post=69"}],"version-history":[{"count":9,"href":"https:\/\/conference.oildoc.com\/de\/wp-json\/wp\/v2\/pages\/69\/revisions"}],"predecessor-version":[{"id":6178,"href":"https:\/\/conference.oildoc.com\/de\/wp-json\/wp\/v2\/pages\/69\/revisions\/6178"}],"up":[{"embeddable":true,"href":"https:\/\/conference.oildoc.com\/de\/wp-json\/wp\/v2\/pages\/48"}],"wp:attachment":[{"href":"https:\/\/conference.oildoc.com\/de\/wp-json\/wp\/v2\/media?parent=69"}],"curies":[{"name":"wp","href":"https:\/\/api.w.org\/{rel}","templated":true}]}}