{"id":74,"date":"2021-08-24T12:58:27","date_gmt":"2021-08-24T10:58:27","guid":{"rendered":"https:\/\/conference.oildoc.com\/?page_id=74"},"modified":"2026-03-17T13:46:20","modified_gmt":"2026-03-17T12:46:20","slug":"werden-sie-speaker","status":"publish","type":"page","link":"https:\/\/conference.oildoc.com\/de\/call-for-papers\/werden-sie-speaker\/","title":{"rendered":"Werden Sie Speaker!"},"content":{"rendered":"<p>[et_pb_section fb_built=&#8220;1&#8243; fullwidth=&#8220;on&#8220; _builder_version=&#8220;4.16&#8243; _module_preset=&#8220;default&#8220; global_colors_info=&#8220;{}&#8220; theme_builder_area=&#8220;post_content&#8220;][et_pb_fullwidth_image src=&#8220;https:\/\/conference.oildoc.com\/wp-content\/uploads\/header-cfp.jpg&#8220; alt=&#8220;Call for Papers&#8220; title_text=&#8220;Call for Papers&#8220; _builder_version=&#8220;4.18.1&#8243; _module_preset=&#8220;default&#8220; global_colors_info=&#8220;{}&#8220; theme_builder_area=&#8220;post_content&#8220;][\/et_pb_fullwidth_image][\/et_pb_section][et_pb_section fb_built=&#8220;1&#8243; _builder_version=&#8220;4.16&#8243; _module_preset=&#8220;default&#8220; background_color=&#8220;RGBA(0,0,0,0)&#8220; global_colors_info=&#8220;{}&#8220; theme_builder_area=&#8220;post_content&#8220;][et_pb_row column_structure=&#8220;1_2,1_4,1_4&#8243; _builder_version=&#8220;4.17.3&#8243; _module_preset=&#8220;default&#8220; custom_margin=&#8220;||0px||false|false&#8220; custom_padding=&#8220;||0px||false|true&#8220; global_colors_info=&#8220;{}&#8220; theme_builder_area=&#8220;post_content&#8220;][et_pb_column type=&#8220;1_2&#8243; _builder_version=&#8220;4.16&#8243; _module_preset=&#8220;default&#8220; global_colors_info=&#8220;{}&#8220; theme_builder_area=&#8220;post_content&#8220;][et_pb_text _builder_version=&#8220;4.27.6&#8243; _module_preset=&#8220;default&#8220; custom_padding=&#8220;13px||0px|||&#8220; global_colors_info=&#8220;{}&#8220; theme_builder_area=&#8220;post_content&#8220;]<\/p>\n<blockquote>\n<h1><strong>Werden Sie Speaker!<\/strong><\/h1>\n<h3><strong>Call for Papers f\u00fcr die OilDoc Conference &amp; Exhibition 2027 (15.\u201317. Juni 2027 in Rosenheim).<\/strong><\/h3>\n<h3><span style=\"color: #ff0000;\"><strong>Deadline ist der 31.10.2026<\/strong><\/span><\/h3>\n<\/blockquote>\n<p><strong>OilDoc sucht aktuell wieder kompetente, mitrei\u00dfende Referenten mit interessanten Fallstudien, pers\u00f6nlichem Fachwissen und neuen Ideen, die das Pr\u00e4sentationsprogramm bereichern m\u00f6chten.<\/strong><\/p>\n<ul><\/ul>\n<p>[\/et_pb_text][\/et_pb_column][et_pb_column type=&#8220;1_4&#8243; _builder_version=&#8220;4.16&#8243; _module_preset=&#8220;default&#8220; global_colors_info=&#8220;{}&#8220; theme_builder_area=&#8220;post_content&#8220;][et_pb_blurb title=&#8220;Unternehmensimage verbessern&#8220; use_icon=&#8220;on&#8220; font_icon=&#8220;&#x4e;||divi||400&#8243; _builder_version=&#8220;4.16&#8243; _module_preset=&#8220;a8c035c1-871e-41d7-b99a-101fe738514a&#8220; global_colors_info=&#8220;{}&#8220; theme_builder_area=&#8220;post_content&#8220;][\/et_pb_blurb][et_pb_blurb title=&#8220;Profilieren Sie sich in Ihrem Fachgebiet &#8220; use_icon=&#8220;on&#8220; font_icon=&#8220;&#x4e;||divi||400&#8243; _builder_version=&#8220;4.16&#8243; _module_preset=&#8220;a8c035c1-871e-41d7-b99a-101fe738514a&#8220; global_colors_info=&#8220;{%22gcid-a3d22aaa-c5d8-449a-a084-368744bce27c%22:%91%22background_color%22%93}&#8220; theme_builder_area=&#8220;post_content&#8220;][\/et_pb_blurb][\/et_pb_column][et_pb_column type=&#8220;1_4&#8243; _builder_version=&#8220;4.16&#8243; _module_preset=&#8220;default&#8220; global_colors_info=&#8220;{}&#8220; theme_builder_area=&#8220;post_content&#8220;][et_pb_blurb title=&#8220;Bekanntheitsgrad steigern&#8220; use_icon=&#8220;on&#8220; font_icon=&#8220;&#x4e;||divi||400&#8243; _builder_version=&#8220;4.16&#8243; _module_preset=&#8220;a8c035c1-871e-41d7-b99a-101fe738514a&#8220; global_colors_info=&#8220;{%22gcid-a3d22aaa-c5d8-449a-a084-368744bce27c%22:%91%22background_color%22%93}&#8220; theme_builder_area=&#8220;post_content&#8220;][\/et_pb_blurb][et_pb_blurb title=&#8220;Deutlich reduzierte Teilnahmegeb\u00fchr&#8220; use_icon=&#8220;on&#8220; font_icon=&#8220;&#x4e;||divi||400&#8243; _builder_version=&#8220;4.16&#8243; _module_preset=&#8220;a8c035c1-871e-41d7-b99a-101fe738514a&#8220; global_colors_info=&#8220;{%22gcid-a3d22aaa-c5d8-449a-a084-368744bce27c%22:%91%22background_color%22%93}&#8220; theme_builder_area=&#8220;post_content&#8220;][\/et_pb_blurb][\/et_pb_column][\/et_pb_row][\/et_pb_section][et_pb_section fb_built=&#8220;1&#8243; _builder_version=&#8220;4.16&#8243; _module_preset=&#8220;default&#8220; use_background_color_gradient=&#8220;on&#8220; background_color_gradient_direction=&#8220;90deg&#8220; background_color_gradient_stops=&#8220;#f39400 50%|#ffffff 50%&#8220; background_color_gradient_start=&#8220;#f39400&#8243; background_color_gradient_start_position=&#8220;50%&#8220; background_color_gradient_end=&#8220;#ffffff&#8220; background_color_gradient_end_position=&#8220;50%&#8220; global_colors_info=&#8220;{}&#8220; theme_builder_area=&#8220;post_content&#8220;][et_pb_row column_structure=&#8220;3_4,1_4&#8243; _builder_version=&#8220;4.16&#8243; _module_preset=&#8220;default&#8220; custom_padding=&#8220;|||2em|false|false&#8220; box_shadow_style=&#8220;preset3&#8243; global_colors_info=&#8220;{}&#8220; theme_builder_area=&#8220;post_content&#8220;][et_pb_column type=&#8220;3_4&#8243; _builder_version=&#8220;4.16&#8243; _module_preset=&#8220;default&#8220; global_colors_info=&#8220;{}&#8220; theme_builder_area=&#8220;post_content&#8220;][et_pb_text _builder_version=&#8220;4.16&#8243; _module_preset=&#8220;default&#8220; global_colors_info=&#8220;{}&#8220; theme_builder_area=&#8220;post_content&#8220;]<\/p>\n<h2><\/h2>\n<p class=\"bodytext\"><b>Die Teilnahme als Speaker bietet Ihnen\u00a0eine Reihe von Vorteilen:<\/b><\/p>\n<ul>\n<li>Verbessern Sie Bekanntheitsgrad und Image Ihres Unternehmens.<\/li>\n<li>\u00dcberzeugen Sie die Teilnehmer von der f\u00fchrenden Rolle Ihres Unternehmens in der Schmierstoffindustrie und werden Sie Gegenstand von Fachgespr\u00e4chen.<\/li>\n<li>Durch die Einbindung Ihrer Person und Ihres Unternehmens in den Tagungsunterlagen erh\u00f6hen Sie Ihre Glaubw\u00fcrdigkeit in der Branche.<\/li>\n<li>Profilieren Sie sich als Experte\u00a0auf Ihrem Fachgebiet.<\/li>\n<li>Sammeln Sie wertvolle Ratschl\u00e4ge von anderen Teilnehmern und Referenten.<\/li>\n<li>Messen und vergleichen Sie Ihren Erfolg mit anderen Markteilnehmern und Wettbewerbern.<\/li>\n<li>Wecken Sie mit Ihrer Pr\u00e4sentation das Interesse hochqualifizierter Mitarbeiter und Partner.<\/li>\n<li>Profitieren Sie von der deutlich reduzierten Teilnahmegeb\u00fchr.<\/li>\n<\/ul>\n<p>[\/et_pb_text][et_pb_button button_url=&#8220;http:\/\/oildoc.wetransfer.com\/&#8220; url_new_window=&#8220;on&#8220; button_text=&#8220;Senden Sie uns Ihr Abstract&#8220; button_alignment=&#8220;left&#8220; _builder_version=&#8220;4.27.6&#8243; _module_preset=&#8220;default&#8220; button_bg_use_color_gradient=&#8220;on&#8220; button_bg_color_gradient_direction=&#8220;12deg&#8220; button_bg_color_gradient_direction_radial=&#8220;top left&#8220; button_bg_color_gradient_stops=&#8220;#f39400 25%|#e02b20 100%&#8220; button_bg_color_gradient_start=&#8220;#f39400&#8243; button_bg_color_gradient_start_position=&#8220;25%&#8220; button_bg_color_gradient_end=&#8220;#e02b20&#8243; global_colors_info=&#8220;{}&#8220; theme_builder_area=&#8220;post_content&#8220;][\/et_pb_button][et_pb_blurb _builder_version=&#8220;4.17.3&#8243; _module_preset=&#8220;default&#8220; global_colors_info=&#8220;{}&#8220; theme_builder_area=&#8220;post_content&#8220;]<\/p>\n<blockquote>\n<h2>Wenn Sie als Speaker mit dabei sein wollen und Fragen dazu haben, nehmen Sie zeitnah Kontakt mit uns auf!<\/h2>\n<h2>(Tel. +49 8034-9047-700, <a href=\"mailto:rk@oildoc.de\">rk@oildoc.de<\/a>)<\/h2>\n<\/blockquote>\n<p>[\/et_pb_blurb][\/et_pb_column][et_pb_column type=&#8220;1_4&#8243; _builder_version=&#8220;4.16&#8243; _module_preset=&#8220;default&#8220; global_colors_info=&#8220;{}&#8220; theme_builder_area=&#8220;post_content&#8220;][et_pb_button button_url=&#8220;https:\/\/conference.oildoc.com\/wp-content\/uploads\/2027-Info-Call-For-Papers-de-final.pdf&#8220; url_new_window=&#8220;on&#8220; button_text=&#8220;Call for Papers Flyer&#8220; _builder_version=&#8220;4.27.6&#8243; _module_preset=&#8220;default&#8220; custom_button=&#8220;on&#8220; button_bg_color=&#8220;#E02B20&#8243; button_icon=&#8220;&#xe092;||divi||400&#8243; button_icon_color=&#8220;#FFFFFF&#8220; button_icon_placement=&#8220;left&#8220; button_on_hover=&#8220;off&#8220; animation_style=&#8220;slide&#8220; global_colors_info=&#8220;{}&#8220; theme_builder_area=&#8220;post_content&#8220;][\/et_pb_button][et_pb_button button_url=&#8220;@ET-DC@eyJkeW5hbWljIjp0cnVlLCJjb250ZW50IjoicG9zdF9saW5rX3VybF9wYWdlIiwic2V0dGluZ3MiOnsicG9zdF9pZCI6Ijc2In19@&#8220; url_new_window=&#8220;on&#8220; button_text=&#8220;Guidelines &#038; Deadlines f\u00fcr Speaker&#8220; _builder_version=&#8220;4.27.6&#8243; _module_preset=&#8220;default&#8220; button_icon=&#8220;&#xe092;||divi||400&#8243; button_icon_color=&#8220;#FFFFFF&#8220; button_icon_placement=&#8220;left&#8220; button_on_hover=&#8220;off&#8220; animation_style=&#8220;slide&#8220; hover_enabled=&#8220;0&#8243; global_colors_info=&#8220;{}&#8220; theme_builder_area=&#8220;post_content&#8220; _dynamic_attributes=&#8220;button_url&#8220; sticky_enabled=&#8220;0&#8243;][\/et_pb_button][\/et_pb_column][\/et_pb_row][\/et_pb_section]<\/p>\n","protected":false},"excerpt":{"rendered":"<p>Werden Sie Speaker! Call for Papers f\u00fcr die OilDoc Conference &amp; Exhibition 2027 (15.\u201317. Juni 2027 in Rosenheim). Deadline ist der 31.10.2026 OilDoc sucht aktuell wieder kompetente, mitrei\u00dfende Referenten mit interessanten Fallstudien, pers\u00f6nlichem Fachwissen und neuen Ideen, die das Pr\u00e4sentationsprogramm bereichern m\u00f6chten. Die Teilnahme als Speaker bietet Ihnen\u00a0eine Reihe von Vorteilen: Verbessern Sie Bekanntheitsgrad und [&hellip;]<\/p>\n","protected":false},"author":1,"featured_media":0,"parent":71,"menu_order":10,"comment_status":"closed","ping_status":"closed","template":"","meta":{"_et_pb_use_builder":"on","_et_pb_old_content":"<!-- wp:divi\/placeholder \/-->","_et_gb_content_width":"","footnotes":""},"class_list":["post-74","page","type-page","status-publish","hentry"],"_links":{"self":[{"href":"https:\/\/conference.oildoc.com\/de\/wp-json\/wp\/v2\/pages\/74","targetHints":{"allow":["GET"]}}],"collection":[{"href":"https:\/\/conference.oildoc.com\/de\/wp-json\/wp\/v2\/pages"}],"about":[{"href":"https:\/\/conference.oildoc.com\/de\/wp-json\/wp\/v2\/types\/page"}],"author":[{"embeddable":true,"href":"https:\/\/conference.oildoc.com\/de\/wp-json\/wp\/v2\/users\/1"}],"replies":[{"embeddable":true,"href":"https:\/\/conference.oildoc.com\/de\/wp-json\/wp\/v2\/comments?post=74"}],"version-history":[{"count":10,"href":"https:\/\/conference.oildoc.com\/de\/wp-json\/wp\/v2\/pages\/74\/revisions"}],"predecessor-version":[{"id":6097,"href":"https:\/\/conference.oildoc.com\/de\/wp-json\/wp\/v2\/pages\/74\/revisions\/6097"}],"up":[{"embeddable":true,"href":"https:\/\/conference.oildoc.com\/de\/wp-json\/wp\/v2\/pages\/71"}],"wp:attachment":[{"href":"https:\/\/conference.oildoc.com\/de\/wp-json\/wp\/v2\/media?parent=74"}],"curies":[{"name":"wp","href":"https:\/\/api.w.org\/{rel}","templated":true}]}}