{"id":78,"date":"2021-08-24T12:59:28","date_gmt":"2021-08-24T10:59:28","guid":{"rendered":"https:\/\/conference.oildoc.com\/?page_id=78"},"modified":"2026-04-28T15:41:16","modified_gmt":"2026-04-28T13:41:16","slug":"downloads","status":"publish","type":"page","link":"https:\/\/conference.oildoc.com\/de\/downloads\/","title":{"rendered":"Downloads"},"content":{"rendered":"<p>[et_pb_section fb_built=&#8220;1&#8243; _builder_version=&#8220;4.16&#8243; _module_preset=&#8220;default&#8220; global_colors_info=&#8220;{}&#8220; theme_builder_area=&#8220;post_content&#8220;][et_pb_row column_structure=&#8220;1_2,1_2&#8243; use_custom_gutter=&#8220;on&#8220; gutter_width=&#8220;2&#8243; _builder_version=&#8220;4.18.1&#8243; _module_preset=&#8220;default&#8220; global_colors_info=&#8220;{}&#8220; theme_builder_area=&#8220;post_content&#8220;][et_pb_column type=&#8220;1_2&#8243; _builder_version=&#8220;4.16&#8243; _module_preset=&#8220;default&#8220; custom_padding_tablet=&#8220;||2em||false|false&#8220; custom_padding_phone=&#8220;&#8220; custom_padding_last_edited=&#8220;on|tablet&#8220; global_colors_info=&#8220;{}&#8220; theme_builder_area=&#8220;post_content&#8220;][et_pb_text _builder_version=&#8220;4.16&#8243; _module_preset=&#8220;default&#8220; global_colors_info=&#8220;{}&#8220; theme_builder_area=&#8220;post_content&#8220;]<\/p>\n<h2 style=\"text-align: center;\">Allgemeine Downloads<\/h2>\n<p>[\/et_pb_text][et_pb_divider divider_weight=&#8220;2px&#8220; _builder_version=&#8220;4.16&#8243; _module_preset=&#8220;default&#8220; max_width=&#8220;550px&#8220; module_alignment=&#8220;center&#8220; custom_margin=&#8220;||0.5em||false|false&#8220; custom_padding=&#8220;||0px||false|false&#8220; global_colors_info=&#8220;{}&#8220; theme_builder_area=&#8220;post_content&#8220;][\/et_pb_divider][et_pb_blurb title=&#8220;Vortragsprogramm Konferenz 2025&#8243; url=&#8220;https:\/\/conference.oildoc.com\/wp-content\/uploads\/oildoc-presentation-program-2025.pdf&#8220; url_new_window=&#8220;on&#8220; image=&#8220;https:\/\/conference.oildoc.com\/wp-content\/uploads\/pdf-icon.svg&#8220; icon_placement=&#8220;left&#8220; _builder_version=&#8220;4.18.1&#8243; _module_preset=&#8220;default&#8220; header_line_height=&#8220;1.8em&#8220; link_option_url=&#8220;https:\/\/conference.oildoc.com\/wp-content\/uploads\/oildoc-presentation-program-2025.pdf&#8220; link_option_url_new_window=&#8220;on&#8220; global_colors_info=&#8220;{}&#8220; theme_builder_area=&#8220;post_content&#8220;][\/et_pb_blurb][et_pb_blurb title=&#8220;Vortragsprogramm Konferenz 2023&#8243; url=&#8220;https:\/\/conference.oildoc.com\/wp-content\/uploads\/oildoc-presentation-program-2023.pdf&#8220; url_new_window=&#8220;on&#8220; image=&#8220;https:\/\/conference.oildoc.com\/wp-content\/uploads\/pdf-icon.svg&#8220; icon_placement=&#8220;left&#8220; _builder_version=&#8220;4.18.1&#8243; _module_preset=&#8220;default&#8220; header_line_height=&#8220;1.8em&#8220; link_option_url=&#8220;https:\/\/conference.oildoc.com\/wp-content\/uploads\/oildoc-presentation-program-2023.pdf&#8220; link_option_url_new_window=&#8220;on&#8220; global_colors_info=&#8220;{}&#8220; theme_builder_area=&#8220;post_content&#8220;][\/et_pb_blurb][et_pb_blurb title=&#8220;Vortragsprogramm Konferenz 2021&#8243; url=&#8220;https:\/\/conference.oildoc.com\/wp-content\/uploads\/oildoc_program2021-en.pdf&#8220; url_new_window=&#8220;on&#8220; image=&#8220;https:\/\/conference.oildoc.com\/wp-content\/uploads\/pdf-icon.svg&#8220; icon_placement=&#8220;left&#8220; _builder_version=&#8220;4.27.4&#8243; _module_preset=&#8220;default&#8220; header_line_height=&#8220;1.8em&#8220; link_option_url=&#8220;https:\/\/conference.oildoc.com\/wp-content\/uploads\/oildoc_program2021-en.pdf&#8220; link_option_url_new_window=&#8220;on&#8220; global_colors_info=&#8220;{}&#8220; theme_builder_area=&#8220;post_content&#8220;][\/et_pb_blurb][et_pb_blurb title=&#8220;Anfahrtsplan KUKO&#8220; url=&#8220;https:\/\/conference.oildoc.com\/wp-content\/uploads\/Anfahrt_KUKO.pdf&#8220; url_new_window=&#8220;on&#8220; image=&#8220;https:\/\/conference.oildoc.com\/wp-content\/uploads\/pdf-icon.svg&#8220; icon_placement=&#8220;left&#8220; _builder_version=&#8220;4.27.4&#8243; _module_preset=&#8220;default&#8220; header_line_height=&#8220;1.8em&#8220; link_option_url=&#8220;https:\/\/conference.oildoc.com\/wp-content\/uploads\/Anfahrt_KUKO.pdf&#8220; link_option_url_new_window=&#8220;on&#8220; global_colors_info=&#8220;{}&#8220; theme_builder_area=&#8220;post_content&#8220;][\/et_pb_blurb][et_pb_blurb title=&#8220;Essen, Trinken und Feiern in Rosenheim&#8220; url=&#8220;https:\/\/conference.oildoc.com\/wp-content\/uploads\/places-to-go_2023_inkl_Restaurant.pdf&#8220; url_new_window=&#8220;on&#8220; image=&#8220;https:\/\/conference.oildoc.com\/wp-content\/uploads\/pdf-icon.svg&#8220; icon_placement=&#8220;left&#8220; _builder_version=&#8220;4.27.4&#8243; _module_preset=&#8220;default&#8220; header_line_height=&#8220;1.8em&#8220; link_option_url=&#8220;https:\/\/conference.oildoc.com\/wp-content\/uploads\/places-to-go_2023_inkl_Restaurant.pdf&#8220; link_option_url_new_window=&#8220;on&#8220; global_colors_info=&#8220;{}&#8220; theme_builder_area=&#8220;post_content&#8220;][\/et_pb_blurb][\/et_pb_column][et_pb_column type=&#8220;1_2&#8243; _builder_version=&#8220;4.16&#8243; _module_preset=&#8220;default&#8220; custom_padding_tablet=&#8220;||2em||false|false&#8220; custom_padding_phone=&#8220;&#8220; custom_padding_last_edited=&#8220;on|tablet&#8220; global_colors_info=&#8220;{}&#8220; theme_builder_area=&#8220;post_content&#8220;][et_pb_text _builder_version=&#8220;4.16&#8243; _module_preset=&#8220;default&#8220; global_colors_info=&#8220;{}&#8220; theme_builder_area=&#8220;post_content&#8220;]<\/p>\n<h2 style=\"text-align: center;\">Downloads f\u00fcr Referenten<\/h2>\n<p>[\/et_pb_text][et_pb_divider divider_weight=&#8220;2px&#8220; _builder_version=&#8220;4.16&#8243; _module_preset=&#8220;default&#8220; max_width=&#8220;550px&#8220; module_alignment=&#8220;center&#8220; custom_margin=&#8220;||0.5em||false|false&#8220; custom_padding=&#8220;||0px||false|false&#8220; global_colors_info=&#8220;{}&#8220; theme_builder_area=&#8220;post_content&#8220;][\/et_pb_divider][et_pb_blurb title=&#8220;Anleitung f\u00fcr Dateiaufbau&#8220; url=&#8220;https:\/\/conference.oildoc.com\/wp-content\/uploads\/submission-guideline_2025-en-1.pdf&#8220; url_new_window=&#8220;on&#8220; image=&#8220;https:\/\/conference.oildoc.com\/wp-content\/uploads\/pdf-icon.svg&#8220; icon_placement=&#8220;left&#8220; _builder_version=&#8220;4.27.4&#8243; _module_preset=&#8220;default&#8220; header_line_height=&#8220;1.8em&#8220; link_option_url=&#8220;https:\/\/conference.oildoc.com\/wp-content\/uploads\/submission-guideline_2025-en-1.pdf&#8220; link_option_url_new_window=&#8220;on&#8220; global_colors_info=&#8220;{}&#8220; theme_builder_area=&#8220;post_content&#8220;][\/et_pb_blurb][et_pb_blurb title=&#8220;Word-Dateivorlage f\u00fcr das Abstract &#038; Manuscript&#8220; url=&#8220;https:\/\/conference.oildoc.com\/wp-content\/uploads\/OilDoc_Submission.docx&#8220; url_new_window=&#8220;on&#8220; image=&#8220;https:\/\/conference.oildoc.com\/wp-content\/uploads\/word-icon.svg&#8220; icon_placement=&#8220;left&#8220; _builder_version=&#8220;4.27.4&#8243; _module_preset=&#8220;default&#8220; header_line_height=&#8220;1.8em&#8220; link_option_url=&#8220;https:\/\/conference.oildoc.com\/wp-content\/uploads\/OilDoc_Submission.docx&#8220; link_option_url_new_window=&#8220;on&#8220; global_colors_info=&#8220;{}&#8220; theme_builder_area=&#8220;post_content&#8220;][\/et_pb_blurb][et_pb_blurb title=&#8220;Powerpoint-Dateivorlage f\u00fcr die Pr\u00e4sentation&#8220; url=&#8220;https:\/\/conference.oildoc.com\/wp-content\/uploads\/oildoc-presentation-2027-3.potx&#8220; url_new_window=&#8220;on&#8220; image=&#8220;https:\/\/conference.oildoc.com\/wp-content\/uploads\/powerpoint-icon.svg&#8220; icon_placement=&#8220;left&#8220; _builder_version=&#8220;4.27.6&#8243; _module_preset=&#8220;default&#8220; header_line_height=&#8220;1.8em&#8220; child_filter_hue_rotate=&#8220;148deg&#8220; link_option_url=&#8220;https:\/\/conference.oildoc.com\/wp-content\/uploads\/oildoc-presentation-2027-3.potx&#8220; link_option_url_new_window=&#8220;on&#8220; locked=&#8220;off&#8220; global_colors_info=&#8220;{}&#8220; theme_builder_area=&#8220;post_content&#8220;][\/et_pb_blurb][et_pb_blurb title=&#8220;Vorlage f\u00fcr Kurzvita&#8220; url=&#8220;https:\/\/conference.oildoc.com\/wp-content\/uploads\/OilDoc_Speaker-CV-template_2027_V2.pdf&#8220; url_new_window=&#8220;on&#8220; image=&#8220;https:\/\/conference.oildoc.com\/wp-content\/uploads\/pdf-icon.svg&#8220; _builder_version=&#8220;4.27.6&#8243; _module_preset=&#8220;eceb4be1-f3b6-43dd-92b5-3906a905d6b7&#8243; link_option_url=&#8220;https:\/\/conference.oildoc.com\/wp-content\/uploads\/OilDoc_Speaker-CV-template_2027_V2.pdf&#8220; link_option_url_new_window=&#8220;on&#8220; global_colors_info=&#8220;{}&#8220; theme_builder_area=&#8220;post_content&#8220;][\/et_pb_blurb][\/et_pb_column][\/et_pb_row][et_pb_row column_structure=&#8220;1_2,1_2&#8243; use_custom_gutter=&#8220;on&#8220; gutter_width=&#8220;2&#8243; _builder_version=&#8220;4.16&#8243; _module_preset=&#8220;default&#8220; global_colors_info=&#8220;{}&#8220; theme_builder_area=&#8220;post_content&#8220;][et_pb_column type=&#8220;1_2&#8243; _builder_version=&#8220;4.16&#8243; _module_preset=&#8220;default&#8220; custom_padding_tablet=&#8220;||2em||false|false&#8220; custom_padding_phone=&#8220;&#8220; custom_padding_last_edited=&#8220;on|tablet&#8220; global_colors_info=&#8220;{}&#8220; theme_builder_area=&#8220;post_content&#8220;][et_pb_text _builder_version=&#8220;4.16&#8243; _module_preset=&#8220;default&#8220; global_colors_info=&#8220;{}&#8220; theme_builder_area=&#8220;post_content&#8220;]<\/p>\n<h2 style=\"text-align: center;\">Downloads f\u00fcr Aussteller<\/h2>\n<p>[\/et_pb_text][et_pb_divider divider_weight=&#8220;2px&#8220; _builder_version=&#8220;4.16&#8243; _module_preset=&#8220;default&#8220; max_width=&#8220;550px&#8220; module_alignment=&#8220;center&#8220; custom_margin=&#8220;||0.5em||false|false&#8220; custom_padding=&#8220;||0px||false|false&#8220; global_colors_info=&#8220;{}&#8220; theme_builder_area=&#8220;post_content&#8220;][\/et_pb_divider][et_pb_blurb title=&#8220;Hallenplan KU&#8217;KO&#8220; url=&#8220;https:\/\/conference.oildoc.com\/wp-content\/uploads\/hall_plan-downloads_2027-DE.pdf&#8220; url_new_window=&#8220;on&#8220; image=&#8220;https:\/\/conference.oildoc.com\/wp-content\/uploads\/pdf-icon.svg&#8220; icon_placement=&#8220;left&#8220; _builder_version=&#8220;4.27.5&#8243; _module_preset=&#8220;default&#8220; header_line_height=&#8220;1.8em&#8220; link_option_url=&#8220;https:\/\/conference.oildoc.com\/wp-content\/uploads\/hall_plan-downloads_2027-DE.pdf&#8220; link_option_url_new_window=&#8220;on&#8220; global_colors_info=&#8220;{}&#8220; theme_builder_area=&#8220;post_content&#8220;][\/et_pb_blurb][et_pb_blurb title=&#8220;Anfahrtsplan f\u00fcr LKW&#8220; url=&#8220;https:\/\/conference.oildoc.com\/wp-content\/uploads\/Anfahrt_LKW.pdf&#8220; url_new_window=&#8220;on&#8220; image=&#8220;https:\/\/conference.oildoc.com\/wp-content\/uploads\/pdf-icon.svg&#8220; icon_placement=&#8220;left&#8220; _builder_version=&#8220;4.27.4&#8243; _module_preset=&#8220;default&#8220; header_line_height=&#8220;1.8em&#8220; link_option_url=&#8220;https:\/\/conference.oildoc.com\/wp-content\/uploads\/Anfahrt_LKW.pdf&#8220; link_option_url_new_window=&#8220;on&#8220; global_colors_info=&#8220;{}&#8220; theme_builder_area=&#8220;post_content&#8220;][\/et_pb_blurb][et_pb_blurb title=&#8220;Messem\u00f6bel &#038; Zusatzausstattung&#8220; url=&#8220;https:\/\/conference.oildoc.com\/wp-content\/uploads\/Messe_Exhibition_Zusatzausstattung_additional-fitting_interaktiv.pdf&#8220; url_new_window=&#8220;on&#8220; image=&#8220;https:\/\/conference.oildoc.com\/wp-content\/uploads\/pdf-icon.svg&#8220; icon_placement=&#8220;left&#8220; _builder_version=&#8220;4.27.6&#8243; _module_preset=&#8220;default&#8220; header_line_height=&#8220;1.8em&#8220; link_option_url=&#8220;https:\/\/conference.oildoc.com\/wp-content\/uploads\/Messe_Exhibition_Zusatzausstattung_additional-fitting_interaktiv.pdf&#8220; link_option_url_new_window=&#8220;on&#8220; hover_enabled=&#8220;0&#8243; global_colors_info=&#8220;{}&#8220; theme_builder_area=&#8220;post_content&#8220; sticky_enabled=&#8220;0&#8243;][\/et_pb_blurb][\/et_pb_column][et_pb_column type=&#8220;1_2&#8243; _builder_version=&#8220;4.16&#8243; _module_preset=&#8220;default&#8220; global_colors_info=&#8220;{}&#8220; theme_builder_area=&#8220;post_content&#8220;][et_pb_text _builder_version=&#8220;4.16&#8243; _module_preset=&#8220;default&#8220; global_colors_info=&#8220;{}&#8220; theme_builder_area=&#8220;post_content&#8220;]<\/p>\n<h2 style=\"text-align: center;\">Downloads f\u00fcr Sponsoren<\/h2>\n<p>[\/et_pb_text][et_pb_divider divider_weight=&#8220;2px&#8220; _builder_version=&#8220;4.16&#8243; _module_preset=&#8220;default&#8220; max_width=&#8220;550px&#8220; module_alignment=&#8220;center&#8220; custom_margin=&#8220;||0.5em||false|false&#8220; custom_padding=&#8220;||0px||false|false&#8220; global_colors_info=&#8220;{}&#8220; theme_builder_area=&#8220;post_content&#8220;][\/et_pb_divider][et_pb_blurb title=&#8220;Mediadaten &#8211; Sponsoring 2027&#8243; url=&#8220;https:\/\/conference.oildoc.com\/wp-content\/uploads\/sponsoringbroschuere2027.pdf&#8220; url_new_window=&#8220;on&#8220; image=&#8220;https:\/\/conference.oildoc.com\/wp-content\/uploads\/pdf-icon.svg&#8220; icon_placement=&#8220;left&#8220; _builder_version=&#8220;4.27.6&#8243; _module_preset=&#8220;default&#8220; header_line_height=&#8220;1.8em&#8220; link_option_url=&#8220;https:\/\/conference.oildoc.com\/wp-content\/uploads\/sponsoringbroschuere2027.pdf&#8220; link_option_url_new_window=&#8220;on&#8220; global_colors_info=&#8220;{}&#8220; theme_builder_area=&#8220;post_content&#8220;][\/et_pb_blurb][\/et_pb_column][\/et_pb_row][\/et_pb_section]<\/p>\n","protected":false},"excerpt":{"rendered":"<p>Allgemeine DownloadsDownloads f\u00fcr ReferentenDownloads f\u00fcr AusstellerDownloads f\u00fcr Sponsoren<\/p>\n","protected":false},"author":1,"featured_media":0,"parent":0,"menu_order":60,"comment_status":"closed","ping_status":"closed","template":"","meta":{"_et_pb_use_builder":"on","_et_pb_old_content":"","_et_gb_content_width":"","footnotes":""},"class_list":["post-78","page","type-page","status-publish","hentry"],"_links":{"self":[{"href":"https:\/\/conference.oildoc.com\/de\/wp-json\/wp\/v2\/pages\/78","targetHints":{"allow":["GET"]}}],"collection":[{"href":"https:\/\/conference.oildoc.com\/de\/wp-json\/wp\/v2\/pages"}],"about":[{"href":"https:\/\/conference.oildoc.com\/de\/wp-json\/wp\/v2\/types\/page"}],"author":[{"embeddable":true,"href":"https:\/\/conference.oildoc.com\/de\/wp-json\/wp\/v2\/users\/1"}],"replies":[{"embeddable":true,"href":"https:\/\/conference.oildoc.com\/de\/wp-json\/wp\/v2\/comments?post=78"}],"version-history":[{"count":9,"href":"https:\/\/conference.oildoc.com\/de\/wp-json\/wp\/v2\/pages\/78\/revisions"}],"predecessor-version":[{"id":6454,"href":"https:\/\/conference.oildoc.com\/de\/wp-json\/wp\/v2\/pages\/78\/revisions\/6454"}],"wp:attachment":[{"href":"https:\/\/conference.oildoc.com\/de\/wp-json\/wp\/v2\/media?parent=78"}],"curies":[{"name":"wp","href":"https:\/\/api.w.org\/{rel}","templated":true}]}}