{"id":84,"date":"2021-08-24T13:00:17","date_gmt":"2021-08-24T11:00:17","guid":{"rendered":"https:\/\/conference.oildoc.com\/?page_id=84"},"modified":"2026-02-02T12:53:28","modified_gmt":"2026-02-02T11:53:28","slug":"supporter","status":"publish","type":"page","link":"https:\/\/conference.oildoc.com\/de\/supporter\/","title":{"rendered":"Supporter"},"content":{"rendered":"<p>[et_pb_section fb_built=&#8220;1&#8243; _builder_version=&#8220;4.16&#8243; _module_preset=&#8220;default&#8220; global_colors_info=&#8220;{}&#8220; theme_builder_area=&#8220;post_content&#8220;][et_pb_row column_structure=&#8220;1_3,1_3,1_3&#8243; module_class=&#8220;supporter-cards&#8220; _builder_version=&#8220;4.27.5&#8243; _module_preset=&#8220;default&#8220; hover_enabled=&#8220;0&#8243; global_colors_info=&#8220;{}&#8220; theme_builder_area=&#8220;post_content&#8220; sticky_enabled=&#8220;0&#8243;][et_pb_column type=&#8220;1_3&#8243; _builder_version=&#8220;4.16&#8243; _module_preset=&#8220;default&#8220; global_colors_info=&#8220;{}&#8220; theme_builder_area=&#8220;post_content&#8220;][et_pb_blurb title=&#8220;STLE, USA&#8220; url=&#8220;https:\/\/www.stle.org\/&#8220; url_new_window=&#8220;on&#8220; image=&#8220;https:\/\/conference.oildoc.com\/wp-content\/uploads\/stle.jpg&#8220; icon_placement=&#8220;top&#8220; _builder_version=&#8220;4.16&#8243; _module_preset=&#8220;3948cc4b-e96e-40d3-8969-f6cdfe152e44&#8243; custom_padding=&#8220;2em||2em|0px|true|false&#8220; link_option_url=&#8220;https:\/\/www.stle.org\/&#8220; link_option_url_new_window=&#8220;on&#8220; global_colors_info=&#8220;{}&#8220; theme_builder_area=&#8220;post_content&#8220;]<\/p>\n<p>Die STLE, Society of Tribologists and Lubrication Engineers, vertritt die Interessen von mehr als 4.000 Technik-Experten aus Industrie, Wissenschaft und Verwaltung in den USA, Kanada und vielen anderen L\u00e4ndern. Die Mitglieder profitieren von einem umfangreichen Seminarangebot, Ausbildungen zum Certified Lubrication Specialist (CLS), Oil Monitoring Analyst (OMA) und Certified Metalworking Fluids Specialist (CMFS), dem &#8222;Tribology &amp; Lubrication Technology Journal&#8220; (TLT) und vielen technischen Newslettern.<\/p>\n<p>[\/et_pb_blurb][et_pb_blurb title=&#8220;International Council for Machinery Lubrication (ICML), USA&#8220; url=&#8220;https:\/\/www.icmlonline.com\/&#8220; url_new_window=&#8220;on&#8220; image=&#8220;https:\/\/conference.oildoc.com\/wp-content\/uploads\/icml.jpg&#8220; icon_placement=&#8220;top&#8220; _builder_version=&#8220;4.16&#8243; _module_preset=&#8220;3948cc4b-e96e-40d3-8969-f6cdfe152e44&#8243; custom_padding=&#8220;2em||2em|0px|true|false&#8220; link_option_url=&#8220;https:\/\/www.icmlonline.com\/&#8220; link_option_url_new_window=&#8220;on&#8220; global_colors_info=&#8220;{}&#8220; theme_builder_area=&#8220;post_content&#8220;]<\/p>\n<p>Das International Council for Machinery Lubrication (ICML) ist eine unabh\u00e4ngige, gemeinn\u00fctzige globale Organisation zur F\u00f6rderung der zuverl\u00e4ssigen Schmierung von Maschinen und Anlagen. Mit seinem praxisorientierten Zertifizierungsprogramm unterst\u00fctzt es Fachkr\u00e4fte aus Schmierung und Instandhaltung, die Herausforderungen ihrer t\u00e4glichen Arbeit erfolgreich zu meistern. Das ICML spielt eine wichtige Rolle bei der Erarbeitung und Pflege schmierungstechnischer Normen und arbeitet dabei eng mit ANSI (American National Standards Institute) und ISO (International Organization for Standardization) zusammen.<\/p>\n<p>[\/et_pb_blurb][\/et_pb_column][et_pb_column type=&#8220;1_3&#8243; _builder_version=&#8220;4.16&#8243; _module_preset=&#8220;default&#8220; global_colors_info=&#8220;{}&#8220; theme_builder_area=&#8220;post_content&#8220;][et_pb_blurb title=&#8220;OELCHECK GmbH, Deutschland&#8220; url=&#8220;https:\/\/en.oelcheck.com\/&#8220; url_new_window=&#8220;on&#8220; image=&#8220;https:\/\/conference.oildoc.com\/wp-content\/uploads\/oelcheck.jpg&#8220; icon_placement=&#8220;top&#8220; _builder_version=&#8220;4.16&#8243; _module_preset=&#8220;3948cc4b-e96e-40d3-8969-f6cdfe152e44&#8243; custom_padding=&#8220;2em||2em|0px|true|false&#8220; link_option_url=&#8220;https:\/\/en.oelcheck.com\/&#8220; link_option_url_new_window=&#8220;on&#8220; global_colors_info=&#8220;{}&#8220; theme_builder_area=&#8220;post_content&#8220;]<\/p>\n<p>Das Labor f\u00fcr Schmierstoff-Analytik bietet \u00fcber 50 Pr\u00fcfverfahren und ist das modernste seiner Art in Europa. J\u00e4hrlich werden \u00fcber 200.000 Proben untersucht und kommentiert. Entsprechend umfangreich ist die Datenbank mit ihren Ergebnissen von \u00fcber 1,5 Millionen Analysen. OELCHECK-Experten unterst\u00fctzen au\u00dferdem bei der Auswahl von Schmierstoffen und agieren als Sachverst\u00e4ndige bei der Aufkl\u00e4rung von Schadensf\u00e4llen. Im Rahmen eines Spinoffs des Unternehmens entstand 2010 die OilDoc Akademie.<\/p>\n<p>[\/et_pb_blurb][et_pb_blurb title=&#8220;Technische Akademie Esslingen (TAE) &#8220; url=&#8220;https:\/\/www.tae.de\/&#8220; url_new_window=&#8220;on&#8220; image=&#8220;https:\/\/conference.oildoc.com\/wp-content\/uploads\/Technische_Akademie_Esslingen_logo.svg.png&#8220; alt=&#8220;TAE Esslingen&#8220; icon_placement=&#8220;top&#8220; _builder_version=&#8220;4.18.1&#8243; _module_preset=&#8220;3948cc4b-e96e-40d3-8969-f6cdfe152e44&#8243; custom_padding=&#8220;2em||2em|0px|true|false&#8220; link_option_url=&#8220;https:\/\/www.tae.de\/&#8220; link_option_url_new_window=&#8220;on&#8220; global_colors_info=&#8220;{}&#8220; theme_builder_area=&#8220;post_content&#8220;]<\/p>\n<p><span>Seit \u00fcber 65 Jahren geh\u00f6rt die Technische Akademie Esslingen (TAE) mit Sitz in Ostfildern \u2013 nahe der Landeshauptstadt Stuttgart \u2013 zu Deutschlands gr\u00f6\u00dften Weiterbildungs-Anbietern f\u00fcr berufliche und berufsvorbereitende Qualifizierung im technischen Umfeld.Egal ob Seminar, Zertifikatslehrgang oder Fachtagung, unsere Veranstaltungen sind stets abgestimmt auf die Bed\u00fcrfnisse von Ingenieuren sowie Fach- und F\u00fchrungskr\u00e4ften aus technisch gepr\u00e4gten Unternehmen.<\/span><\/p>\n<p>[\/et_pb_blurb][\/et_pb_column][et_pb_column type=&#8220;1_3&#8243; _builder_version=&#8220;4.16&#8243; _module_preset=&#8220;default&#8220; global_colors_info=&#8220;{}&#8220; theme_builder_area=&#8220;post_content&#8220;][et_pb_blurb title=&#8220;ELGI \u2013 European Lubricating Grease Institute&#8220; url=&#8220;http:\/\/www.elgi.org\/&#8220; url_new_window=&#8220;on&#8220; image=&#8220;https:\/\/conference.oildoc.com\/wp-content\/uploads\/elgi-1.jpg&#8220; icon_placement=&#8220;top&#8220; _builder_version=&#8220;4.16&#8243; _module_preset=&#8220;3948cc4b-e96e-40d3-8969-f6cdfe152e44&#8243; custom_padding=&#8220;2em||2em|0px|true|false&#8220; link_option_url=&#8220;http:\/\/www.elgi.org&#8220; link_option_url_new_window=&#8220;on&#8220; global_colors_info=&#8220;{}&#8220; theme_builder_area=&#8220;post_content&#8220;]<\/p>\n<p>Das ELGI ist ein unabh\u00e4ngiges, selbstverwaltendes Institut, das ausschlie\u00dflich von Mitgliedern finanziert wird. Es geh\u00f6rt zu einer Gruppe von wissenschaftlichen und technischen Instituten, die auf dem Gebiet der Tribologie mit dem Schwerpunkt Schmierfette und verwandte Produkten t\u00e4tig sind.<\/p>\n<p>[\/et_pb_blurb][et_pb_blurb title=&#8220;VSI \u2013 Verband Schmierstoff-Industrie e. V. &#8220; url=&#8220;https:\/\/www.vsi-schmierstoffe.de\/&#8220; url_new_window=&#8220;on&#8220; image=&#8220;https:\/\/conference.oildoc.com\/wp-content\/uploads\/vsi-02.jpg&#8220; alt=&#8220;VSI&#8220; icon_placement=&#8220;top&#8220; _builder_version=&#8220;4.18.1&#8243; _module_preset=&#8220;3948cc4b-e96e-40d3-8969-f6cdfe152e44&#8243; custom_padding=&#8220;2em||2em|0px|true|false&#8220; link_option_url=&#8220;https:\/\/www.vsi-schmierstoffe.de\/&#8220; link_option_url_new_window=&#8220;on&#8220; global_colors_info=&#8220;{}&#8220; theme_builder_area=&#8220;post_content&#8220;]<\/p>\n<p><span>Der Verband Schmierstoff-Industrie e. V. (VSI) ist ein Zusammenschluss aller bedeutenden Hersteller von Auto- und Industrieschmierstoffen in Deutschland. Mit \u00fcber 80 Mitgliedsunternehmen repr\u00e4sentiert der VSI \u00fcber 90% der deutschen Schmierstoffindustrie. Mitglieder sind neben gro\u00dfen, multinationalen \u00d6lkonzernen viele kleine und mittelst\u00e4ndische Unternehmen.<\/span><\/p>\n<p>[\/et_pb_blurb][et_pb_blurb title=&#8220;Lubricant Expo&#8220; url=&#8220;https:\/\/lubricantexpo.com\/&#8220; url_new_window=&#8220;on&#8220; image=&#8220;https:\/\/conference.oildoc.com\/wp-content\/uploads\/lubricant-expo.png&#8220; alt=&#8220;Lubricant Expo&#8220; icon_placement=&#8220;top&#8220; _builder_version=&#8220;4.18.1&#8243; _module_preset=&#8220;3948cc4b-e96e-40d3-8969-f6cdfe152e44&#8243; custom_padding=&#8220;2em||2em|0px|true|false&#8220; link_option_url=&#8220;https:\/\/lubricantexpo.com\/&#8220; link_option_url_new_window=&#8220;on&#8220; global_colors_info=&#8220;{}&#8220; theme_builder_area=&#8220;post_content&#8220;]<\/p>\n<p>Die Lubricant Expo ist Europas gr\u00f6\u00dfte Ausstellung, die Anbieter von Schmierstoffl\u00f6sungen mit dem gesamten Spektrum der Endverbraucher sowie der gesamten Lieferkette f\u00fcr Chemikalien und Ausr\u00fcstungen mit Tausenden von Ingenieuren und F\u00fchrungskr\u00e4ften zusammenbringt.<\/p>\n<p>[\/et_pb_blurb][\/et_pb_column][\/et_pb_row][et_pb_row _builder_version=&#8220;4.16&#8243; _module_preset=&#8220;default&#8220; global_colors_info=&#8220;{}&#8220; theme_builder_area=&#8220;post_content&#8220;][et_pb_column type=&#8220;4_4&#8243; _builder_version=&#8220;4.16&#8243; _module_preset=&#8220;default&#8220; global_colors_info=&#8220;{}&#8220; theme_builder_area=&#8220;post_content&#8220;][et_pb_text _builder_version=&#8220;4.16&#8243; _module_preset=&#8220;default&#8220; global_colors_info=&#8220;{}&#8220; theme_builder_area=&#8220;post_content&#8220;]<\/p>\n<h2>Unsere Mediapartner<\/h2>\n<p>[\/et_pb_text][\/et_pb_column][\/et_pb_row][et_pb_row column_structure=&#8220;1_4,1_4,1_4,1_4&#8243; _builder_version=&#8220;4.17.3&#8243; _module_preset=&#8220;default&#8220; global_colors_info=&#8220;{}&#8220; theme_builder_area=&#8220;post_content&#8220;][et_pb_column type=&#8220;1_4&#8243; _builder_version=&#8220;4.16&#8243; _module_preset=&#8220;default&#8220; global_colors_info=&#8220;{}&#8220; theme_builder_area=&#8220;post_content&#8220;][et_pb_image src=&#8220;https:\/\/conference.oildoc.com\/wp-content\/uploads\/expert_Logo_pos_cmyk.png&#8220; alt=&#8220;expert Verlag&#8220; title_text=&#8220;expert_Logo_pos_cmyk&#8220; url=&#8220;http:\/\/www.expertverlag.de\/&#8220; url_new_window=&#8220;on&#8220; module_class=&#8220;media-partner-image&#8220; _builder_version=&#8220;4.17.3&#8243; _module_preset=&#8220;default&#8220; global_colors_info=&#8220;{}&#8220; theme_builder_area=&#8220;post_content&#8220;][\/et_pb_image][\/et_pb_column][et_pb_column type=&#8220;1_4&#8243; _builder_version=&#8220;4.16&#8243; _module_preset=&#8220;default&#8220; global_colors_info=&#8220;{}&#8220; theme_builder_area=&#8220;post_content&#8220;][et_pb_image src=&#8220;https:\/\/conference.oildoc.com\/wp-content\/uploads\/lube-logo-1.png&#8220; title_text=&#8220;lube-logo&#8220; url=&#8220;http:\/\/www.lube-media.com\/&#8220; url_new_window=&#8220;on&#8220; module_class=&#8220;media-partner-image&#8220; _builder_version=&#8220;4.16&#8243; _module_preset=&#8220;default&#8220; global_colors_info=&#8220;{}&#8220; theme_builder_area=&#8220;post_content&#8220;][\/et_pb_image][\/et_pb_column][et_pb_column type=&#8220;1_4&#8243; _builder_version=&#8220;4.16&#8243; _module_preset=&#8220;default&#8220; global_colors_info=&#8220;{}&#8220; theme_builder_area=&#8220;post_content&#8220;][et_pb_image src=&#8220;https:\/\/conference.oildoc.com\/wp-content\/uploads\/f-l-magazine.png&#8220; title_text=&#8220;f-l-magazine&#8220; url=&#8220;http:\/\/www.fuelsandlubes.com\/&#8220; url_new_window=&#8220;on&#8220; module_class=&#8220;media-partner-image&#8220; _builder_version=&#8220;4.16&#8243; _module_preset=&#8220;default&#8220; global_colors_info=&#8220;{}&#8220; theme_builder_area=&#8220;post_content&#8220;][\/et_pb_image][\/et_pb_column][et_pb_column type=&#8220;1_4&#8243; _builder_version=&#8220;4.17.3&#8243; _module_preset=&#8220;default&#8220; global_colors_info=&#8220;{}&#8220; theme_builder_area=&#8220;post_content&#8220;][\/et_pb_column][\/et_pb_row][\/et_pb_section]<\/p>\n","protected":false},"excerpt":{"rendered":"<p>Die STLE, Society of Tribologists and Lubrication Engineers, vertritt die Interessen von mehr als 4.000 Technik-Experten aus Industrie, Wissenschaft und Verwaltung in den USA, Kanada und vielen anderen L\u00e4ndern. Die Mitglieder profitieren von einem umfangreichen Seminarangebot, Ausbildungen zum Certified Lubrication Specialist (CLS), Oil Monitoring Analyst (OMA) und Certified Metalworking Fluids Specialist (CMFS), dem &#8222;Tribology &amp; [&hellip;]<\/p>\n","protected":false},"author":1,"featured_media":0,"parent":0,"menu_order":80,"comment_status":"closed","ping_status":"closed","template":"","meta":{"_et_pb_use_builder":"on","_et_pb_old_content":"<!-- wp:divi\/placeholder \/-->","_et_gb_content_width":"","footnotes":""},"class_list":["post-84","page","type-page","status-publish","hentry"],"_links":{"self":[{"href":"https:\/\/conference.oildoc.com\/de\/wp-json\/wp\/v2\/pages\/84","targetHints":{"allow":["GET"]}}],"collection":[{"href":"https:\/\/conference.oildoc.com\/de\/wp-json\/wp\/v2\/pages"}],"about":[{"href":"https:\/\/conference.oildoc.com\/de\/wp-json\/wp\/v2\/types\/page"}],"author":[{"embeddable":true,"href":"https:\/\/conference.oildoc.com\/de\/wp-json\/wp\/v2\/users\/1"}],"replies":[{"embeddable":true,"href":"https:\/\/conference.oildoc.com\/de\/wp-json\/wp\/v2\/comments?post=84"}],"version-history":[{"count":10,"href":"https:\/\/conference.oildoc.com\/de\/wp-json\/wp\/v2\/pages\/84\/revisions"}],"predecessor-version":[{"id":5912,"href":"https:\/\/conference.oildoc.com\/de\/wp-json\/wp\/v2\/pages\/84\/revisions\/5912"}],"wp:attachment":[{"href":"https:\/\/conference.oildoc.com\/de\/wp-json\/wp\/v2\/media?parent=84"}],"curies":[{"name":"wp","href":"https:\/\/api.w.org\/{rel}","templated":true}]}}