{"id":90,"date":"2021-08-24T13:01:21","date_gmt":"2021-08-24T11:01:21","guid":{"rendered":"https:\/\/conference.oildoc.com\/?page_id=90"},"modified":"2026-04-01T14:29:35","modified_gmt":"2026-04-01T12:29:35","slug":"ueber-oildoc","status":"publish","type":"page","link":"https:\/\/conference.oildoc.com\/de\/ueber-oildoc\/","title":{"rendered":"\u00dcber OilDoc"},"content":{"rendered":"<p>[et_pb_section fb_built=&#8220;1&#8243; fullwidth=&#8220;on&#8220; _builder_version=&#8220;4.16&#8243; _module_preset=&#8220;default&#8220; global_colors_info=&#8220;{}&#8220; theme_builder_area=&#8220;post_content&#8220;][et_pb_fullwidth_slider _builder_version=&#8220;4.16&#8243; _module_preset=&#8220;default&#8220; global_colors_info=&#8220;{}&#8220; theme_builder_area=&#8220;post_content&#8220;][et_pb_slide heading=&#8220;\u00d6l kann sprechen.&#8220; use_text_overlay=&#8220;on&#8220; text_overlay_color=&#8220;rgba(255,255,255,0.65)&#8220; text_border_radius=&#8220;10px&#8220; _builder_version=&#8220;4.16&#8243; _module_preset=&#8220;default&#8220; header_level=&#8220;h1&#8243; background_image=&#8220;https:\/\/conference.oildoc.com\/wp-content\/uploads\/oel.jpg&#8220; background_enable_image=&#8220;on&#8220; background_layout=&#8220;light&#8220; global_colors_info=&#8220;{}&#8220; sticky_transition=&#8220;on&#8220; theme_builder_area=&#8220;post_content&#8220;]<\/p>\n<h3><span>Lernen Sie seine Sprache<\/span><\/h3>\n<p>[\/et_pb_slide][et_pb_slide heading=&#8220;Ihr Center of Excellence&#8220; button_text=&#8220;mehr erfahren&#8220; button_link=&#8220;https:\/\/www.oildoc.com&#8220; url_new_window=&#8220;on&#8220; use_text_overlay=&#8220;on&#8220; text_overlay_color=&#8220;rgba(255,255,255,0.65)&#8220; text_border_radius=&#8220;10px&#8220; _builder_version=&#8220;4.16&#8243; _module_preset=&#8220;default&#8220; use_background_color_gradient=&#8220;on&#8220; background_color_gradient_stops=&#8220;rgba(0,105,110,0.5) 0%|rgba(255,255,255,0.5) 100%&#8220; background_color_gradient_overlays_image=&#8220;on&#8220; background_color_gradient_start=&#8220;rgba(0,105,110,0.5)&#8220; background_color_gradient_end=&#8220;rgba(255,255,255,0.5)&#8220; background_image=&#8220;https:\/\/conference.oildoc.com\/wp-content\/uploads\/getriebe.jpg&#8220; background_enable_image=&#8220;on&#8220; background_layout=&#8220;light&#8220; global_colors_info=&#8220;{}&#8220; sticky_transition=&#8220;on&#8220; theme_builder_area=&#8220;post_content&#8220;]<\/p>\n<p><span>Seit 1996 steht OilDoc f\u00fcr aktuelles Wissen rund um Schmierstoffe \u00b7 Tribologie \u00b7 pro-aktive Instandhaltung \u00b7 \u00d6l\u00fcberwachung \u00b7 Verschlei\u00dfkontrolle \u00b7 Schadensbek\u00e4mpfung \u00b7 \u00d6lwechseloptimierung \u00b7 \u00d6lanalytik &amp; vieles mehr<\/span><\/p>\n<p>[\/et_pb_slide][et_pb_slide heading=&#8220;Die OilDoc Akademie&#8220; use_text_overlay=&#8220;on&#8220; text_overlay_color=&#8220;rgba(255,255,255,0.65)&#8220; text_border_radius=&#8220;10px&#8220; _builder_version=&#8220;4.16&#8243; _module_preset=&#8220;default&#8220; background_image=&#8220;https:\/\/conference.oildoc.com\/wp-content\/uploads\/oildoc-akademie.jpg&#8220; background_enable_image=&#8220;on&#8220; background_layout=&#8220;light&#8220; global_colors_info=&#8220;{}&#8220; sticky_transition=&#8220;on&#8220; theme_builder_area=&#8220;post_content&#8220;]<\/p>\n<p><span>Seit 1996 steht OilDoc f\u00fcr aktuelles Wissen rund um Schmierstoffe \u00b7 Tribologie \u00b7 pro-aktive Instandhaltung \u00b7 \u00d6l\u00fcberwachung \u00b7 Verschlei\u00dfkontrolle \u00b7 Schadensbek\u00e4mpfung \u00b7 \u00d6lwechseloptimierung \u00b7 \u00d6lanalytik &amp; vieles mehr<\/span><\/p>\n<p>[\/et_pb_slide][\/et_pb_fullwidth_slider][\/et_pb_section][et_pb_section fb_built=&#8220;1&#8243; _builder_version=&#8220;4.16&#8243; _module_preset=&#8220;default&#8220; background_enable_color=&#8220;off&#8220; use_background_color_gradient=&#8220;on&#8220; background_color_gradient_direction=&#8220;90deg&#8220; background_color_gradient_stops=&#8220;#00696e 66%|#ffffff 66%&#8220; background_color_gradient_start=&#8220;#00696e&#8220; background_color_gradient_start_position=&#8220;66%&#8220; background_color_gradient_end=&#8220;#ffffff&#8220; background_color_gradient_end_position=&#8220;66%&#8220; global_colors_info=&#8220;{}&#8220; theme_builder_area=&#8220;post_content&#8220;][et_pb_row column_structure=&#8220;1_2,1_2&#8243; _builder_version=&#8220;4.16&#8243; _module_preset=&#8220;default&#8220; custom_padding=&#8220;2em|2em||2em|false|true&#8220; box_shadow_style=&#8220;preset3&#8243; global_colors_info=&#8220;{}&#8220; theme_builder_area=&#8220;post_content&#8220;][et_pb_column type=&#8220;1_2&#8243; _builder_version=&#8220;4.16&#8243; _module_preset=&#8220;default&#8220; global_colors_info=&#8220;{}&#8220; theme_builder_area=&#8220;post_content&#8220;][et_pb_text _builder_version=&#8220;4.27.6&#8243; _module_preset=&#8220;default&#8220; global_colors_info=&#8220;{}&#8220; theme_builder_area=&#8220;post_content&#8220;]<\/p>\n<h1>Die OilDoc-Akademie<\/h1>\n<h2><span>Wissen f\u00fcr Praktiker \u2013 praxisnah, anwendbar, zertifiziert<\/span><\/h2>\n<p><span>Seminare, Workshops, Zertifizierungsprogramme, Online-Trainings und ma\u00dfgeschneiderte Schulungen auf Deutsch und Englisch: Die OilDoc-Akademie ist die erste Adresse f\u00fcr Fach- und F\u00fchrungskr\u00e4fte aus Instandhaltung, Anlagenbau, Tribologie, Schmierstofftechnik, Sensorik und der Mineral\u00f6lindustrie. Hier treffen sich Experten, um Erfahrung auszutauschen, Know-how zu vertiefen und auf dem neuesten Stand der Technik zu bleiben.<\/span><\/p>\n<p><span><strong>Als Spin-off der <a href=\"https:\/\/de.oelcheck.com\/\" target=\"_blank\" rel=\"noopener\">OELCHECK GmbH<\/a> greifen wir auf das Know-how aus zehntausenden Schmierstoffanalysen und Beratungseins\u00e4tzen zur\u00fcck.<\/strong> Diese einmalige Datengrundlage flie\u00dft direkt in unsere Schulungsinhalte ein \u2013 f\u00fcr maximalen Praxisbezug und belastbare Entscheidungsgrundlagen.<\/span><\/p>\n<h3 dir=\"auto\">Wissenstransfer mit h\u00f6chster Priorit\u00e4t<\/h3>\n<p dir=\"auto\">Unsere Weiterbildungsangebote sind konsequent auf Ihre Praxisanforderungen in Instandhaltung, Service und Vertrieb ausgerichtet. Alle Veranstaltungen sind so konzipiert, dass Sie sofort nutzbares, praxisorientiertes Wissen zu folgenden Themen mitnehmen:<\/p>\n<ul dir=\"auto\">\n<li class=\"text-start\">Schmierstoffe und Schmierstoffmanagement<\/li>\n<li class=\"text-start\">Tribologie und Verschlei\u00dfmechanismen<\/li>\n<li class=\"text-start\">Zustands\u00fcberwachung und Verschlei\u00dfbeobachtung<\/li>\n<li class=\"text-start\">Schmierstoff- und \u00d6l-Analytik<\/li>\n<\/ul>\n<p dir=\"auto\">In unseren modernen <a href=\"https:\/\/de.oildoc.com\/ueber-oildoc\/unternehmen\/\" target=\"_blank\" rel=\"noopener\">Schulungsr\u00e4umen am Standort Brannenburg<\/a> in Oberbayern lernen Sie in angenehmer Atmosph\u00e4re \u2013 mit direktem Zugang zu Fallbeispielen aus der Praxis.<\/p>\n<h3 dir=\"auto\">Live, interaktiv, flexibel: Online- und Inhouse-Schulungen<\/h3>\n<p dir=\"auto\">Alle Inhalte bieten wir alternativ auch als interaktive Online-Schulung oder als <a href=\"https:\/\/de.oildoc.com\/oildoc-fortbildungen\/firmenseminare\/\" target=\"_blank\" rel=\"noopener\">ma\u00dfgeschneidertes Inhouse-Training<\/a> an. So k\u00f6nnen Sie Ihre Teams weltweit effizient, flexibel und auf Ihren konkreten Anwendungsfall zugeschnitten schulen \u2013 live und mit direkter M\u00f6glichkeit zu Fragen und Austausch.<\/p>\n<h3 dir=\"auto\">Fachkompetenz aus erster Hand<\/h3>\n<p dir=\"auto\">Unser Schulungsprogramm wird fortlaufend von unserem Expertenteam rund um den Schmierstoffspezialisten Dipl.-Ing. R\u00fcdiger Krethe weiterentwickelt. So stellen wir sicher, dass aktuelle Erkenntnisse aus Forschung, Normung und Industrie unmittelbar in unsere Trainings einflie\u00dfen.<\/p>\n<p dir=\"auto\">R\u00fcdiger Krethe, Gesch\u00e4ftsf\u00fchrer von OilDoc und leitender Schulungsleiter, verf\u00fcgt \u00fcber mehr als 15 Jahre Erfahrung bei OELCHECK und ist unter anderem:<\/p>\n<ul dir=\"auto\">\n<li class=\"text-start\">\u201eCertified Lubrication Specialist\u201c (CLS) der STLE<\/li>\n<li class=\"text-start\">\u201eMachine Lubricant Analyst II\u201c (MLA II) des ICML<\/li>\n<li class=\"text-start\">zertifizierter Trainer f\u00fcr virtuelle Schulungen<\/li>\n<\/ul>\n<h3>OilDoc-Zertifizierungsprogramme<strong><\/strong><\/h3>\n<div class=\"w-full\">\n<div class=\"flex flex-col justify-between px-5 mb-3 w-full max-w-5xl mx-auto rounded-lg group\">\n<div class=\"flex w-full message-16211159-a116-4b39-a992-d4ea2deaf98a svelte-1u5gq5j\" id=\"message-16211159-a116-4b39-a992-d4ea2deaf98a\">\n<div class=\"flex-auto w-0 pl-1\">\n<div class=\"chat-assistant w-full min-w-full markdown-prose svelte-1u5gq5j\">\n<div class=\"w-full flex flex-col relative\" id=\"response-content-container\">\n<p dir=\"auto\">Die OilDoc-Akademie bereitet Sie gezielt und strukturiert auf international anerkannte Zertifizierungen vor. Wir bieten spezielle Vorbereitungskurse f\u00fcr:<\/p>\n<ul dir=\"auto\">\n<li class=\"text-start\"><a href=\"https:\/\/de.oildoc.com\/fortbildungen\/seminar-cls-zertifikat-vorbereitungskurs\/\" target=\"_blank\" rel=\"noopener\"><strong>Certified Lubrication Specialist (CLS)<\/strong><\/a><br \/>\u2013 Zertifikat der STLE (Society of Tribologists and Lubrication Engineers)<\/li>\n<li class=\"text-start\"><strong><a href=\"https:\/\/de.oildoc.com\/fortbildungen\/seminar-zertifikatskurs-mla-mlt1\/\" target=\"_blank\" rel=\"noopener\">Machine Lubricant Analyst (MLA) Stufe I<\/a> und<br \/><a href=\"https:\/\/de.oildoc.com\/fortbildungen\/seminar-zertifikatskurs-mla2\/\" target=\"_blank\" rel=\"noopener\">Machine Lubricant Analyst (MLA) Stufe II<\/a><\/strong><br \/>\u2013 Zertifikate des ICML (International Council for Machinery Lubrication)<\/li>\n<\/ul>\n<p dir=\"auto\">Ob Grundlagenvermittlung oder Experten-Update: Die OilDoc-Akademie unterst\u00fctzt Sie dabei, Schmierung, Zustands\u00fcberwachung und Analytik in Ihrem Unternehmen gezielt zu optimieren und international anerkannte Qualifikationen aufzubauen.<\/p>\n<\/div>\n<\/div>\n<\/div>\n<\/div>\n<\/div>\n<\/div>\n<p>[\/et_pb_text][\/et_pb_column][et_pb_column type=&#8220;1_2&#8243; _builder_version=&#8220;4.16&#8243; _module_preset=&#8220;default&#8220; global_colors_info=&#8220;{}&#8220; theme_builder_area=&#8220;post_content&#8220;][et_pb_code _builder_version=&#8220;4.16&#8243; _module_preset=&#8220;default&#8220; custom_margin=&#8220;100px||||false|false&#8220; global_colors_info=&#8220;{}&#8220; theme_builder_area=&#8220;post_content&#8220;]\n    <script type=\"text\/javascript\">\n        jQuery(document).ready(function() {\n        if( ! jQuery('#canvas-hnhbfr').tagcanvas({\n            textFont: 'Impact,\"Arial Black\",sans-serif',\n            textColour: '#00696e',\n            outlineColour: '#00696e',\n            reverse: true,\n            textHeight: 24,shape: \"sphere\", \ndepth: 0.8, decel:0.99, padding:0,\n            wheelZoom: false,\n            dragControl: false,\n            fadeIn: 0,\n            freezeActive: false,\n            outlineMethod: \"outline\",\n            outlineOffset: 5,\n            outlineRadius: 0,\n            outlineThickness: 2,\n            maxSpeed: 0.05},'tagcloud-hnhbfr')\n        ){\n            jQuery('#ixwc-hnhbfr').hide();\n        }\n\n        setWordCouldWidth();\n\n        jQuery(window).on(\"resize\", function(){\n            setWordCouldWidth();\n        });\n    });\n    function setWordCouldWidth() {\n        jQuery('.3d-wordcloud').each(function() {\n            var canvas = $(this).children(\"canvas\");\n            canvas.css({\"width\": $(this).width()+\"px\"});\n        });\n    }\n    <\/script><div id=\"ixwc-hnhbfr\" class=\"3d-wordcloud\">\n<canvas width=\"600\" height=\"350\" id=\"canvas-hnhbfr\" style=\"background-color: none;\">\n<p>Your browser doesn't support the HTML5 CANVAS tag.<\/p>\n<\/canvas>\n<div style=\"display: none\" id=\"tagcloud-hnhbfr\">\n<ul>\n<li><a href=\"\">Seminare<\/a><\/li>\n<li><a href=\"\">Zertifikatskurse<\/a><\/li>\n<li><a href=\"\">Workshops<\/a><\/li>\n<li><a href=\"\">Konferenzen<\/a><\/li>\n<li><a href=\"\">Intensiv-Trainings<\/a><\/li>\n<li><a href=\"\">Online-Trainings f\u00fcr Praktiker<\/a><\/li>\n<li><a href=\"\"> Trainings f\u00fcr Instandhaltung<\/a><\/li>\n<li><a href=\"\"> Trainings f\u00fcr Service<\/a><\/li>\n<li><a href=\"\">Trainings f\u00fcr Vertrieb<\/a><\/li>\n<li><a href=\"\"> Seit 1996 Ihr Center of Excellence<\/a><\/li>\n<li><a href=\"\"> aktuelles Wissen rund um Schmierstoffe<\/a><\/li>\n<li><a href=\"\">Tribologie<\/a><\/li>\n<li><a href=\"\">pro-aktive Instandhaltung<\/a><\/li>\n<li><a href=\"\">\u00d6l\u00fcberwachung<\/a><\/li>\n<li><a href=\"\"> Verschlei\u00dfkontrolle<\/a><\/li>\n<li><a href=\"\">Schadensbek\u00e4mpfung<\/a><\/li>\n<li><a href=\"\">\u00d6lwechseloptimierung<\/a><\/li>\n<li><a href=\"\">\u00d6lanalytik<\/a><\/li>\n<\/ul>\n<\/div>\n<\/div>\n[\/et_pb_code][et_pb_image src=&#8220;https:\/\/conference.oildoc.com\/wp-content\/uploads\/0902-2048&#215;1300-1.jpg&#8220; title_text=&#8220;0902-2048&#215;1300&#8243; _builder_version=&#8220;4.27.6&#8243; _module_preset=&#8220;default&#8220; global_colors_info=&#8220;{}&#8220; theme_builder_area=&#8220;post_content&#8220;][\/et_pb_image][et_pb_image src=&#8220;https:\/\/conference.oildoc.com\/wp-content\/uploads\/20250703_150853.jpg&#8220; title_text=&#8220;20250703_150853&#8243; _builder_version=&#8220;4.27.6&#8243; _module_preset=&#8220;default&#8220; global_colors_info=&#8220;{}&#8220; theme_builder_area=&#8220;post_content&#8220;][\/et_pb_image][et_pb_gallery gallery_ids=&#8220;6221,6227,6225,6226&#8243; show_title_and_caption=&#8220;off&#8220; show_pagination=&#8220;off&#8220; _builder_version=&#8220;4.27.6&#8243; _module_preset=&#8220;default&#8220; width=&#8220;100%&#8220; max_width=&#8220;100%&#8220; module_alignment=&#8220;left&#8220; hover_enabled=&#8220;0&#8243; global_colors_info=&#8220;{}&#8220; theme_builder_area=&#8220;post_content&#8220; link_option_url=&#8220;https:\/\/de.oildoc.com\/oildoc-fortbildungen\/zertifikatskurse\/&#8220; link_option_url_new_window=&#8220;on&#8220; title_text=&#8220;H\u00e4nde&#8220; background_size=&#8220;initial&#8220; background_enable_image=&#8220;off&#8220; sticky_enabled=&#8220;0&#8243;][\/et_pb_gallery][\/et_pb_column][\/et_pb_row][\/et_pb_section]<\/p>\n","protected":false},"excerpt":{"rendered":"<p>Lernen Sie seine SpracheSeit 1996 steht OilDoc f\u00fcr aktuelles Wissen rund um Schmierstoffe \u00b7 Tribologie \u00b7 pro-aktive Instandhaltung \u00b7 \u00d6l\u00fcberwachung \u00b7 Verschlei\u00dfkontrolle \u00b7 Schadensbek\u00e4mpfung \u00b7 \u00d6lwechseloptimierung \u00b7 \u00d6lanalytik &amp; vieles mehrSeit 1996 steht OilDoc f\u00fcr aktuelles Wissen rund um Schmierstoffe \u00b7 Tribologie \u00b7 pro-aktive Instandhaltung \u00b7 \u00d6l\u00fcberwachung \u00b7 Verschlei\u00dfkontrolle \u00b7 Schadensbek\u00e4mpfung \u00b7 \u00d6lwechseloptimierung \u00b7 \u00d6lanalytik [&hellip;]<\/p>\n","protected":false},"author":1,"featured_media":0,"parent":0,"menu_order":90,"comment_status":"closed","ping_status":"closed","template":"","meta":{"_et_pb_use_builder":"on","_et_pb_old_content":"<!-- wp:divi\/placeholder \/-->","_et_gb_content_width":"","footnotes":""},"class_list":["post-90","page","type-page","status-publish","hentry"],"_links":{"self":[{"href":"https:\/\/conference.oildoc.com\/de\/wp-json\/wp\/v2\/pages\/90","targetHints":{"allow":["GET"]}}],"collection":[{"href":"https:\/\/conference.oildoc.com\/de\/wp-json\/wp\/v2\/pages"}],"about":[{"href":"https:\/\/conference.oildoc.com\/de\/wp-json\/wp\/v2\/types\/page"}],"author":[{"embeddable":true,"href":"https:\/\/conference.oildoc.com\/de\/wp-json\/wp\/v2\/users\/1"}],"replies":[{"embeddable":true,"href":"https:\/\/conference.oildoc.com\/de\/wp-json\/wp\/v2\/comments?post=90"}],"version-history":[{"count":9,"href":"https:\/\/conference.oildoc.com\/de\/wp-json\/wp\/v2\/pages\/90\/revisions"}],"predecessor-version":[{"id":6245,"href":"https:\/\/conference.oildoc.com\/de\/wp-json\/wp\/v2\/pages\/90\/revisions\/6245"}],"wp:attachment":[{"href":"https:\/\/conference.oildoc.com\/de\/wp-json\/wp\/v2\/media?parent=90"}],"curies":[{"name":"wp","href":"https:\/\/api.w.org\/{rel}","templated":true}]}}