{"id":93,"date":"2021-08-24T13:01:35","date_gmt":"2021-08-24T11:01:35","guid":{"rendered":"https:\/\/conference.oildoc.com\/?page_id=93"},"modified":"2026-04-01T12:02:01","modified_gmt":"2026-04-01T10:02:01","slug":"kontakt","status":"publish","type":"page","link":"https:\/\/conference.oildoc.com\/de\/kontakt\/","title":{"rendered":"Kontakt"},"content":{"rendered":"<p>[et_pb_section fb_built=&#8220;1&#8243; _builder_version=&#8220;4.16&#8243; _module_preset=&#8220;default&#8220; background_enable_color=&#8220;off&#8220; use_background_color_gradient=&#8220;on&#8220; background_color_gradient_direction=&#8220;90deg&#8220; background_color_gradient_stops=&#8220;#f39400 66%|#ffffff 66%&#8220; background_color_gradient_start=&#8220;#f39400&#8243; background_color_gradient_start_position=&#8220;66%&#8220; background_color_gradient_end=&#8220;#ffffff&#8220; background_color_gradient_end_position=&#8220;66%&#8220; global_colors_info=&#8220;{}&#8220; theme_builder_area=&#8220;post_content&#8220;][et_pb_row column_structure=&#8220;1_2,1_4,1_4&#8243; use_custom_gutter=&#8220;on&#8220; gutter_width=&#8220;2&#8243; _builder_version=&#8220;4.16&#8243; _module_preset=&#8220;default&#8220; custom_padding=&#8220;2em|2em|2em|2em|true|true&#8220; box_shadow_style=&#8220;preset3&#8243; global_colors_info=&#8220;{}&#8220; theme_builder_area=&#8220;post_content&#8220;][et_pb_column type=&#8220;1_2&#8243; _builder_version=&#8220;4.16&#8243; _module_preset=&#8220;default&#8220; global_colors_info=&#8220;{}&#8220; theme_builder_area=&#8220;post_content&#8220;][et_pb_text _builder_version=&#8220;4.18.1&#8243; _module_preset=&#8220;default&#8220; global_colors_info=&#8220;{}&#8220; theme_builder_area=&#8220;post_content&#8220;]<\/p>\n<h1>Kontakt<\/h1>\n<p class=\"bodytext\">F\u00fcr R\u00fcckfragen stehen wir Ihnen gerne pers\u00f6nlich zur Verf\u00fcgung.<br \/>Montag bis Freitag von 8.30 bis 14.30 Uhr sind wir telefonisch f\u00fcr Sie unter<br \/>+49 8034-9047-700 erreichbar.<\/p>\n<p class=\"bodytext\">Wir freuen uns auch \u00fcber Ihre E-Mail an<span>\u00a0<\/span><a href=\"mailto:info@oildoc.com\">info@oildoc.com<\/a><\/p>\n<p>[\/et_pb_text][\/et_pb_column][et_pb_column type=&#8220;1_4&#8243; _builder_version=&#8220;4.16&#8243; _module_preset=&#8220;default&#8220; global_colors_info=&#8220;{}&#8220; theme_builder_area=&#8220;post_content&#8220;][et_pb_blurb use_icon=&#8220;on&#8220; font_icon=&#8220;&#xe066;||divi||400&#8243; _builder_version=&#8220;4.16&#8243; _module_preset=&#8220;a8c035c1-871e-41d7-b99a-101fe738514a&#8220; body_line_height=&#8220;1.8em&#8220; custom_margin=&#8220;2em||||false|false&#8220; custom_margin_tablet=&#8220;&#8220; custom_margin_phone=&#8220;0em||||false|false&#8220; custom_margin_last_edited=&#8220;on|phone&#8220; custom_padding=&#8220;0.5em|1em|0.5em|1em|false|false&#8220; global_colors_info=&#8220;{}&#8220; theme_builder_area=&#8220;post_content&#8220;]<\/p>\n<p>info@oildoc.com<\/p>\n<p>[\/et_pb_blurb][et_pb_blurb use_icon=&#8220;on&#8220; font_icon=&#8220;&#xe090;||divi||400&#8243; _builder_version=&#8220;4.18.1&#8243; _module_preset=&#8220;a8c035c1-871e-41d7-b99a-101fe738514a&#8220; body_line_height=&#8220;1.8em&#8220; custom_margin=&#8220;2em||||false|false&#8220; custom_padding=&#8220;0.5em|1em|0.5em|1em|false|false&#8220; global_colors_info=&#8220;{}&#8220; theme_builder_area=&#8220;post_content&#8220;]<\/p>\n<p>Mo-Fr 8:30 &#8211; 14:30<br \/>+49 8034-9047-700<\/p>\n<p>[\/et_pb_blurb][\/et_pb_column][et_pb_column type=&#8220;1_4&#8243; _builder_version=&#8220;4.16&#8243; _module_preset=&#8220;default&#8220; global_colors_info=&#8220;{}&#8220; theme_builder_area=&#8220;post_content&#8220;][et_pb_blurb use_icon=&#8220;on&#8220; font_icon=&#8220;&#xe0e0;||divi||400&#8243; _builder_version=&#8220;4.16&#8243; _module_preset=&#8220;a8c035c1-871e-41d7-b99a-101fe738514a&#8220; body_line_height=&#8220;1.8em&#8220; custom_margin=&#8220;2em||||false|false&#8220; custom_margin_tablet=&#8220;&#8220; custom_margin_phone=&#8220;0em||||false|false&#8220; custom_margin_last_edited=&#8220;on|phone&#8220; custom_padding=&#8220;0.5em|1em|0.5em|1em|false|false&#8220; global_colors_info=&#8220;{}&#8220; theme_builder_area=&#8220;post_content&#8220;]<\/p>\n<p>OilDoc-Kontakt vCard<\/p>\n<p>[\/et_pb_blurb][et_pb_blurb use_icon=&#8220;on&#8220; font_icon=&#8220;&#xe074;||divi||400&#8243; _builder_version=&#8220;4.16&#8243; _module_preset=&#8220;a8c035c1-871e-41d7-b99a-101fe738514a&#8220; body_line_height=&#8220;1.8em&#8220; custom_margin=&#8220;2em||||false|false&#8220; custom_padding=&#8220;0.5em|1em|0.5em|1em|false|false&#8220; global_colors_info=&#8220;{}&#8220; theme_builder_area=&#8220;post_content&#8220;]<\/p>\n<p>Kerschelweg 29<br \/>83098 Brannenburg<\/p>\n<p>[\/et_pb_blurb][\/et_pb_column][\/et_pb_row][\/et_pb_section][et_pb_section fb_built=&#8220;1&#8243; _builder_version=&#8220;4.16&#8243; _module_preset=&#8220;default&#8220; global_colors_info=&#8220;{}&#8220; theme_builder_area=&#8220;post_content&#8220;][et_pb_row column_structure=&#8220;1_3,1_3,1_3&#8243; _builder_version=&#8220;4.18.1&#8243; _module_preset=&#8220;default&#8220; global_colors_info=&#8220;{}&#8220; theme_builder_area=&#8220;post_content&#8220;][et_pb_column type=&#8220;1_3&#8243; _builder_version=&#8220;4.16&#8243; _module_preset=&#8220;default&#8220; global_colors_info=&#8220;{}&#8220; theme_builder_area=&#8220;post_content&#8220;][et_pb_team_member name=&#8220;R\u00fcdiger Krethe, Dipl.-Ing.&#8220; position=&#8220;Gesch\u00e4ftsf\u00fchrer OilDoc GmbH&#8220; image_url=&#8220;https:\/\/conference.oildoc.com\/wp-content\/uploads\/Ruediger_400px.png&#8220; _builder_version=&#8220;4.27.6&#8243; _module_preset=&#8220;default&#8220; hover_enabled=&#8220;0&#8243; global_colors_info=&#8220;{}&#8220; theme_builder_area=&#8220;post_content&#8220; title_text=&#8220;R\u00fcdiger_400px&#8220; sticky_enabled=&#8220;0&#8243;]<\/p>\n<p class=\"bodytext\" style=\"text-align: left;\"><a href=\"mailto:rk@oildoc.de\">rk@oildoc.de<\/a><br \/>Tel. +49 8034-9047-700<\/p>\n<p class=\"bodytext\" style=\"text-align: left;\">R\u00fcdiger Krethe ist Leiter des Program Planning Committees und somit ma\u00dfgeblich verantwortlich f\u00fcr die Zusammenstellung eines kurzweiligen und hochkar\u00e4tigen Programms.<\/p>\n<p class=\"bodytext\" style=\"text-align: left;\">F\u00fcr Fragen zur Einreichung Ihrer Themen, Abstracts und Manuskripte steht er Ihnen gern zur Verf\u00fcgung.<\/p>\n<p>[\/et_pb_team_member][\/et_pb_column][et_pb_column type=&#8220;1_3&#8243; _builder_version=&#8220;4.16&#8243; _module_preset=&#8220;default&#8220; global_colors_info=&#8220;{}&#8220; theme_builder_area=&#8220;post_content&#8220;][et_pb_team_member name=&#8220;Stefanie Komma&#8220; position=&#8220;Marketing Managerin OilDoc GmbH&#8220; image_url=&#8220;https:\/\/conference.oildoc.com\/wp-content\/uploads\/Steffi_400px.png&#8220; _builder_version=&#8220;4.27.6&#8243; _module_preset=&#8220;default&#8220; hover_enabled=&#8220;0&#8243; global_colors_info=&#8220;{}&#8220; theme_builder_area=&#8220;post_content&#8220; title_text=&#8220;Steffi_400px&#8220; sticky_enabled=&#8220;0&#8243;]<\/p>\n<p class=\"bodytext\"><a href=\"mailto:sus@oildoc.de\">sko@oildoc.de<\/a><br \/>Tel. +49 8034-9047-315<\/p>\n<p class=\"bodytext\">Gerne beantwortet Stefanie Komma Ihre Fragen rund um Webauftritt, SocialMedia, EventApp und Organisation.<\/p>\n<p>[\/et_pb_team_member][\/et_pb_column][et_pb_column _builder_version=&#8220;4.27.6&#8243; _module_preset=&#8220;default&#8220; type=&#8220;1_3&#8243; theme_builder_area=&#8220;post_content&#8220;][et_pb_team_member name=&#8220;Susanne Stadler&#8220; position=&#8220;Event Managerin OilDoc GmbH&#8220; image_url=&#8220;https:\/\/conference.oildoc.com\/wp-content\/uploads\/Susanne-400px.png&#8220; _builder_version=&#8220;4.27.6&#8243; _module_preset=&#8220;default&#8220; hover_enabled=&#8220;0&#8243; global_colors_info=&#8220;{}&#8220; theme_builder_area=&#8220;post_content&#8220; title_text=&#8220;Susanne-400px&#8220; sticky_enabled=&#8220;0&#8243;]<\/p>\n<p class=\"bodytext\"><a href=\"mailto:sus@oildoc.de\">sus@oildoc.de<\/a><br \/>Tel. +49 8034-9047-125<\/p>\n<p class=\"bodytext\">Gerne beantwortet Susanne Stadler Ihre Fragen rund um Sponsoring, Ausstellung und Registrierung.<\/p>\n<p>[\/et_pb_team_member][\/et_pb_column][\/et_pb_row][\/et_pb_section]<\/p>\n","protected":false},"excerpt":{"rendered":"<p>Kontakt F\u00fcr R\u00fcckfragen stehen wir Ihnen gerne pers\u00f6nlich zur Verf\u00fcgung.Montag bis Freitag von 8.30 bis 14.30 Uhr sind wir telefonisch f\u00fcr Sie unter+49 8034-9047-700 erreichbar. Wir freuen uns auch \u00fcber Ihre E-Mail an\u00a0info@oildoc.cominfo@oildoc.comMo-Fr 8:30 &#8211; 14:30+49 8034-9047-700OilDoc-Kontakt vCardKerschelweg 2983098 Brannenburgrk@oildoc.deTel. +49 8034-9047-700 R\u00fcdiger Krethe ist Leiter des Program Planning Committees und somit ma\u00dfgeblich verantwortlich f\u00fcr [&hellip;]<\/p>\n","protected":false},"author":1,"featured_media":0,"parent":0,"menu_order":100,"comment_status":"closed","ping_status":"closed","template":"","meta":{"_et_pb_use_builder":"on","_et_pb_old_content":"<!-- wp:divi\/placeholder \/-->","_et_gb_content_width":"","footnotes":""},"class_list":["post-93","page","type-page","status-publish","hentry"],"_links":{"self":[{"href":"https:\/\/conference.oildoc.com\/de\/wp-json\/wp\/v2\/pages\/93","targetHints":{"allow":["GET"]}}],"collection":[{"href":"https:\/\/conference.oildoc.com\/de\/wp-json\/wp\/v2\/pages"}],"about":[{"href":"https:\/\/conference.oildoc.com\/de\/wp-json\/wp\/v2\/types\/page"}],"author":[{"embeddable":true,"href":"https:\/\/conference.oildoc.com\/de\/wp-json\/wp\/v2\/users\/1"}],"replies":[{"embeddable":true,"href":"https:\/\/conference.oildoc.com\/de\/wp-json\/wp\/v2\/comments?post=93"}],"version-history":[{"count":9,"href":"https:\/\/conference.oildoc.com\/de\/wp-json\/wp\/v2\/pages\/93\/revisions"}],"predecessor-version":[{"id":6233,"href":"https:\/\/conference.oildoc.com\/de\/wp-json\/wp\/v2\/pages\/93\/revisions\/6233"}],"wp:attachment":[{"href":"https:\/\/conference.oildoc.com\/de\/wp-json\/wp\/v2\/media?parent=93"}],"curies":[{"name":"wp","href":"https:\/\/api.w.org\/{rel}","templated":true}]}}